{"id":7694,"date":"2026-03-27T09:08:50","date_gmt":"2026-03-27T08:08:50","guid":{"rendered":"https:\/\/vizomix.hu\/termek\/zara-fekete-mubornadrag\/"},"modified":"2026-03-27T09:08:53","modified_gmt":"2026-03-27T08:08:53","slug":"zara-fekete-mubornadrag","status":"publish","type":"product","link":"https:\/\/vizomix.hu\/en\/product\/zara-fekete-mubornadrag\/","title":{"rendered":"Zara fekete m\u0171b\u0151rnadr\u00e1g"},"content":{"rendered":"<p>Zara fekete m\u0171b\u0151rnadr\u00e1g<\/p>\n<p>Modern megjelen\u00e9s \u00e9s karakteres st\u00edlus egy darabban. A m\u0171b\u0151r hat\u00e1s eleg\u00e1ns, m\u00e9gis vag\u00e1ny \u00f6sszhat\u00e1st biztos\u00edt, m\u00edg a letisztult szab\u00e1s sokoldal\u00faan kombin\u00e1lhat\u00f3 alapdarabb\u00e1 teszi a mindennapokra \u00e9s alkalmi viselethez egyar\u00e1nt.<br \/>\nM\u00e9retez\u00e9s: m\u00e9reth\u0171<\/p>","protected":false},"excerpt":{"rendered":"<p>Zara fekete m\u0171b\u0151rnadr\u00e1g Modern megjelen\u00e9s \u00e9s karakteres st\u00edlus egy darabban. A m\u0171b\u0151r hat\u00e1s eleg\u00e1ns, m\u00e9gis vag\u00e1ny \u00f6sszhat\u00e1st biztos\u00edt, m\u00edg a<a class=\"read-more\" href=\"https:\/\/vizomix.hu\/en\/product\/zara-fekete-mubornadrag\/\">Tov\u00e1bb<\/a><\/p>","protected":false},"featured_media":7690,"comment_status":"open","ping_status":"closed","template":"","meta":[],"product_brand":[76],"product_cat":[41],"product_tag":[],"class_list":{"0":"post-7694","1":"product","2":"type-product","3":"status-publish","4":"has-post-thumbnail","6":"product_brand-zara","7":"product_cat-hosszu-nadragok","9":"first","10":"instock","11":"taxable","12":"shipping-taxable","13":"purchasable","14":"product-type-variable","15":"add-to-wishlist-before_add_to_cart"},"supplier_id":null,"supplier_sku":"","barcode":null,"atum_controlled":true,"out_stock_date":null,"out_stock_threshold":null,"inheritable":false,"inbound_stock":null,"stock_on_hold":null,"sold_today":null,"sales_last_days":null,"reserved_stock":null,"customer_returns":null,"warehouse_damage":null,"lost_in_post":null,"other_logs":null,"out_stock_days":null,"lost_sales":null,"has_location":null,"update_date":"2026-03-27T08:08:54","atum_locations":[],"atum_stock_status":"instock","restock_status":false,"low_stock_amount":"","sales_update_date":null,"calc_backorders":null,"_links":{"self":[{"href":"https:\/\/vizomix.hu\/en\/wp-json\/wp\/v2\/product\/7694","targetHints":{"allow":["GET"]}}],"collection":[{"href":"https:\/\/vizomix.hu\/en\/wp-json\/wp\/v2\/product"}],"about":[{"href":"https:\/\/vizomix.hu\/en\/wp-json\/wp\/v2\/types\/product"}],"replies":[{"embeddable":true,"href":"https:\/\/vizomix.hu\/en\/wp-json\/wp\/v2\/comments?post=7694"}],"wp:featuredmedia":[{"embeddable":true,"href":"https:\/\/vizomix.hu\/en\/wp-json\/wp\/v2\/media\/7690"}],"wp:attachment":[{"href":"https:\/\/vizomix.hu\/en\/wp-json\/wp\/v2\/media?parent=7694"}],"wp:term":[{"taxonomy":"product_brand","embeddable":true,"href":"https:\/\/vizomix.hu\/en\/wp-json\/wp\/v2\/product_brand?post=7694"},{"taxonomy":"product_cat","embeddable":true,"href":"https:\/\/vizomix.hu\/en\/wp-json\/wp\/v2\/product_cat?post=7694"},{"taxonomy":"product_tag","embeddable":true,"href":"https:\/\/vizomix.hu\/en\/wp-json\/wp\/v2\/product_tag?post=7694"}],"curies":[{"name":"wp","href":"https:\/\/api.w.org\/{rel}","templated":true}]}}