{"id":7619,"date":"2026-03-26T17:54:28","date_gmt":"2026-03-26T16:54:28","guid":{"rendered":"https:\/\/vizomix.hu\/termek\/zara-sarga-hosszu-limitalt-kiadasu-ruha\/"},"modified":"2026-03-26T17:54:32","modified_gmt":"2026-03-26T16:54:32","slug":"zara-sarga-hosszu-limitalt-kiadasu-ruha","status":"publish","type":"product","link":"https:\/\/vizomix.hu\/en\/product\/zara-sarga-hosszu-limitalt-kiadasu-ruha\/","title":{"rendered":"Zara s\u00e1rga hossz\u00fa limit\u00e1lt kiad\u00e1s\u00fa ruha"},"content":{"rendered":"<p>Zara s\u00e1rga hossz\u00fa limit\u00e1lt kiad\u00e1s\u00fa ruha<\/p>\n<p>K\u00fcl\u00f6nleges darab, amely garant\u00e1ltan kit\u0171nik. A hossz\u00fa, eleg\u00e1ns fazon n\u0151ies megjelen\u00e9st biztos\u00edt, m\u00edg az \u00e9l\u00e9nk s\u00e1rga \u00e1rnyalat \u00e9s a limit\u00e1lt kiad\u00e1s exkluz\u00edv, figyelemfelkelt\u0151 st\u00edlust k\u00f6lcs\u00f6n\u00f6z.<br \/>\nM\u00e9retez\u00e9s: m\u00e9reth\u0171<\/p>","protected":false},"excerpt":{"rendered":"<p>Zara s\u00e1rga hossz\u00fa limit\u00e1lt kiad\u00e1s\u00fa ruha K\u00fcl\u00f6nleges darab, amely garant\u00e1ltan kit\u0171nik. A hossz\u00fa, eleg\u00e1ns fazon n\u0151ies megjelen\u00e9st biztos\u00edt, m\u00edg az<a class=\"read-more\" href=\"https:\/\/vizomix.hu\/en\/product\/zara-sarga-hosszu-limitalt-kiadasu-ruha\/\">Tov\u00e1bb<\/a><\/p>","protected":false},"featured_media":7615,"comment_status":"open","ping_status":"closed","template":"","meta":[],"product_brand":[76],"product_cat":[33],"product_tag":[],"class_list":{"0":"post-7619","1":"product","2":"type-product","3":"status-publish","4":"has-post-thumbnail","6":"product_brand-zara","7":"product_cat-hosszu-ruhak-midi-ruhak-overalok","9":"first","10":"instock","11":"taxable","12":"shipping-taxable","13":"purchasable","14":"product-type-variable","15":"add-to-wishlist-before_add_to_cart"},"supplier_id":null,"supplier_sku":"","barcode":null,"atum_controlled":true,"out_stock_date":null,"out_stock_threshold":null,"inheritable":false,"inbound_stock":null,"stock_on_hold":null,"sold_today":null,"sales_last_days":null,"reserved_stock":null,"customer_returns":null,"warehouse_damage":null,"lost_in_post":null,"other_logs":null,"out_stock_days":null,"lost_sales":null,"has_location":null,"update_date":"2026-03-26T16:54:33","atum_locations":[],"atum_stock_status":"instock","restock_status":false,"low_stock_amount":"","sales_update_date":null,"calc_backorders":null,"_links":{"self":[{"href":"https:\/\/vizomix.hu\/en\/wp-json\/wp\/v2\/product\/7619","targetHints":{"allow":["GET"]}}],"collection":[{"href":"https:\/\/vizomix.hu\/en\/wp-json\/wp\/v2\/product"}],"about":[{"href":"https:\/\/vizomix.hu\/en\/wp-json\/wp\/v2\/types\/product"}],"replies":[{"embeddable":true,"href":"https:\/\/vizomix.hu\/en\/wp-json\/wp\/v2\/comments?post=7619"}],"wp:featuredmedia":[{"embeddable":true,"href":"https:\/\/vizomix.hu\/en\/wp-json\/wp\/v2\/media\/7615"}],"wp:attachment":[{"href":"https:\/\/vizomix.hu\/en\/wp-json\/wp\/v2\/media?parent=7619"}],"wp:term":[{"taxonomy":"product_brand","embeddable":true,"href":"https:\/\/vizomix.hu\/en\/wp-json\/wp\/v2\/product_brand?post=7619"},{"taxonomy":"product_cat","embeddable":true,"href":"https:\/\/vizomix.hu\/en\/wp-json\/wp\/v2\/product_cat?post=7619"},{"taxonomy":"product_tag","embeddable":true,"href":"https:\/\/vizomix.hu\/en\/wp-json\/wp\/v2\/product_tag?post=7619"}],"curies":[{"name":"wp","href":"https:\/\/api.w.org\/{rel}","templated":true}]}}