{"id":7577,"date":"2026-03-25T23:07:15","date_gmt":"2026-03-25T22:07:15","guid":{"rendered":"https:\/\/vizomix.hu\/termek\/zara-bezs-kockas-texturalt-blezer-rovid-nadrag-arany-diszgombokkal\/"},"modified":"2026-03-25T23:07:17","modified_gmt":"2026-03-25T22:07:17","slug":"zara-bezs-kockas-texturalt-blezer-rovid-nadrag-arany-diszgombokkal","status":"publish","type":"product","link":"https:\/\/vizomix.hu\/en\/product\/zara-bezs-kockas-texturalt-blezer-rovid-nadrag-arany-diszgombokkal\/","title":{"rendered":"Zara b\u00e9zs kock\u00e1s textur\u00e1lt bl\u00e9zer + r\u00f6vid nadr\u00e1g arany d\u00edszgombokkal"},"content":{"rendered":"<p>Zara b\u00e9zs kock\u00e1s textur\u00e1lt bl\u00e9zer \u00e9s r\u00f6vidnadr\u00e1g szett arany d\u00edszgombokkal<\/p>\n<p>Klasszikus elegancia modern form\u00e1ban. A struktur\u00e1lt, textur\u00e1lt hat\u00e1s\u00fa anyag kifinomult megjelen\u00e9st ad, m\u00edg a r\u00f6vidnadr\u00e1g friss, n\u0151ies k\u00f6nnyeds\u00e9get visz az \u00f6sszhat\u00e1sba. Az arany d\u00edszgombok eleg\u00e1ns r\u00e9szletk\u00e9nt teszik teljess\u00e9 a st\u00edlust, az oldals\u00f3 cipz\u00e1r pedig diszkr\u00e9t \u00e9s praktikus megold\u00e1st biztos\u00edt.<br \/>\nM\u00e9retez\u00e9s: m\u00e9reth\u0171<\/p>","protected":false},"excerpt":{"rendered":"<p>Zara b\u00e9zs kock\u00e1s textur\u00e1lt bl\u00e9zer \u00e9s r\u00f6vidnadr\u00e1g szett arany d\u00edszgombokkal Klasszikus elegancia modern form\u00e1ban. A struktur\u00e1lt, textur\u00e1lt hat\u00e1s\u00fa anyag kifinomult<a class=\"read-more\" href=\"https:\/\/vizomix.hu\/en\/product\/zara-bezs-kockas-texturalt-blezer-rovid-nadrag-arany-diszgombokkal\/\">Tov\u00e1bb<\/a><\/p>","protected":false},"featured_media":7574,"comment_status":"open","ping_status":"closed","template":"","meta":[],"product_brand":[76],"product_cat":[30],"product_tag":[],"class_list":{"0":"post-7577","1":"product","2":"type-product","3":"status-publish","4":"has-post-thumbnail","6":"product_brand-zara","7":"product_cat-teljes-szettek","9":"first","10":"instock","11":"taxable","12":"shipping-taxable","13":"purchasable","14":"product-type-variable","15":"add-to-wishlist-before_add_to_cart"},"supplier_id":null,"supplier_sku":"","barcode":null,"atum_controlled":true,"out_stock_date":null,"out_stock_threshold":null,"inheritable":false,"inbound_stock":null,"stock_on_hold":null,"sold_today":null,"sales_last_days":null,"reserved_stock":null,"customer_returns":null,"warehouse_damage":null,"lost_in_post":null,"other_logs":null,"out_stock_days":null,"lost_sales":null,"has_location":null,"update_date":"2026-03-25T22:07:18","atum_locations":[],"atum_stock_status":"instock","restock_status":false,"low_stock_amount":"","sales_update_date":null,"calc_backorders":null,"_links":{"self":[{"href":"https:\/\/vizomix.hu\/en\/wp-json\/wp\/v2\/product\/7577","targetHints":{"allow":["GET"]}}],"collection":[{"href":"https:\/\/vizomix.hu\/en\/wp-json\/wp\/v2\/product"}],"about":[{"href":"https:\/\/vizomix.hu\/en\/wp-json\/wp\/v2\/types\/product"}],"replies":[{"embeddable":true,"href":"https:\/\/vizomix.hu\/en\/wp-json\/wp\/v2\/comments?post=7577"}],"wp:featuredmedia":[{"embeddable":true,"href":"https:\/\/vizomix.hu\/en\/wp-json\/wp\/v2\/media\/7574"}],"wp:attachment":[{"href":"https:\/\/vizomix.hu\/en\/wp-json\/wp\/v2\/media?parent=7577"}],"wp:term":[{"taxonomy":"product_brand","embeddable":true,"href":"https:\/\/vizomix.hu\/en\/wp-json\/wp\/v2\/product_brand?post=7577"},{"taxonomy":"product_cat","embeddable":true,"href":"https:\/\/vizomix.hu\/en\/wp-json\/wp\/v2\/product_cat?post=7577"},{"taxonomy":"product_tag","embeddable":true,"href":"https:\/\/vizomix.hu\/en\/wp-json\/wp\/v2\/product_tag?post=7577"}],"curies":[{"name":"wp","href":"https:\/\/api.w.org\/{rel}","templated":true}]}}