{"id":7564,"date":"2026-03-25T22:58:00","date_gmt":"2026-03-25T21:58:00","guid":{"rendered":"https:\/\/vizomix.hu\/termek\/zara-szaten-pantos-midi-ruha\/"},"modified":"2026-03-25T22:58:04","modified_gmt":"2026-03-25T21:58:04","slug":"zara-szaten-pantos-midi-ruha","status":"publish","type":"product","link":"https:\/\/vizomix.hu\/en\/product\/zara-szaten-pantos-midi-ruha\/","title":{"rendered":"Zara szat\u00e9n p\u00e1ntos midi ruha"},"content":{"rendered":"<p>Zara szat\u00e9n p\u00e1ntos midi ruha keresztp\u00e1ntos h\u00e1ttal<\/p>\n<p>Kifinomult elegancia \u00e9rz\u00e9ki r\u00e9szletekkel. A selymes hat\u00e1s\u00fa szat\u00e9n anyag l\u00e1gy es\u00e9st biztos\u00edt, m\u00edg a p\u00e1ntos, keresztp\u00e1ntos h\u00e1t \u00e9s az el\u0151l felv\u00e1gott kialak\u00edt\u00e1s n\u0151ies, modern megjelen\u00e9st k\u00f6lcs\u00f6n\u00f6z k\u00fcl\u00f6nleges alkalmakra.<br \/>\nM\u00e9retez\u00e9s: m\u00e9reth\u0171<\/p>","protected":false},"excerpt":{"rendered":"<p>Zara szat\u00e9n p\u00e1ntos midi ruha keresztp\u00e1ntos h\u00e1ttal Kifinomult elegancia \u00e9rz\u00e9ki r\u00e9szletekkel. A selymes hat\u00e1s\u00fa szat\u00e9n anyag l\u00e1gy es\u00e9st biztos\u00edt, m\u00edg<a class=\"read-more\" href=\"https:\/\/vizomix.hu\/en\/product\/zara-szaten-pantos-midi-ruha\/\">Tov\u00e1bb<\/a><\/p>","protected":false},"featured_media":7553,"comment_status":"open","ping_status":"closed","template":"","meta":[],"product_brand":[76],"product_cat":[33],"product_tag":[],"class_list":{"0":"post-7564","1":"product","2":"type-product","3":"status-publish","4":"has-post-thumbnail","6":"product_brand-zara","7":"product_cat-hosszu-ruhak-midi-ruhak-overalok","9":"first","10":"instock","11":"taxable","12":"shipping-taxable","13":"purchasable","14":"product-type-variable","15":"add-to-wishlist-before_add_to_cart"},"supplier_id":null,"supplier_sku":"","barcode":null,"atum_controlled":true,"out_stock_date":null,"out_stock_threshold":null,"inheritable":false,"inbound_stock":null,"stock_on_hold":null,"sold_today":null,"sales_last_days":null,"reserved_stock":null,"customer_returns":null,"warehouse_damage":null,"lost_in_post":null,"other_logs":null,"out_stock_days":null,"lost_sales":null,"has_location":null,"update_date":"2026-03-25T21:58:06","atum_locations":[],"atum_stock_status":"instock","restock_status":false,"low_stock_amount":"","sales_update_date":null,"calc_backorders":null,"_links":{"self":[{"href":"https:\/\/vizomix.hu\/en\/wp-json\/wp\/v2\/product\/7564","targetHints":{"allow":["GET"]}}],"collection":[{"href":"https:\/\/vizomix.hu\/en\/wp-json\/wp\/v2\/product"}],"about":[{"href":"https:\/\/vizomix.hu\/en\/wp-json\/wp\/v2\/types\/product"}],"replies":[{"embeddable":true,"href":"https:\/\/vizomix.hu\/en\/wp-json\/wp\/v2\/comments?post=7564"}],"wp:featuredmedia":[{"embeddable":true,"href":"https:\/\/vizomix.hu\/en\/wp-json\/wp\/v2\/media\/7553"}],"wp:attachment":[{"href":"https:\/\/vizomix.hu\/en\/wp-json\/wp\/v2\/media?parent=7564"}],"wp:term":[{"taxonomy":"product_brand","embeddable":true,"href":"https:\/\/vizomix.hu\/en\/wp-json\/wp\/v2\/product_brand?post=7564"},{"taxonomy":"product_cat","embeddable":true,"href":"https:\/\/vizomix.hu\/en\/wp-json\/wp\/v2\/product_cat?post=7564"},{"taxonomy":"product_tag","embeddable":true,"href":"https:\/\/vizomix.hu\/en\/wp-json\/wp\/v2\/product_tag?post=7564"}],"curies":[{"name":"wp","href":"https:\/\/api.w.org\/{rel}","templated":true}]}}