{"id":753,"date":"2026-02-10T20:40:40","date_gmt":"2026-02-10T19:40:40","guid":{"rendered":"https:\/\/vizomix.hu\/termek\/zara-rovid-ruha-2\/"},"modified":"2026-03-22T21:41:58","modified_gmt":"2026-03-22T20:41:58","slug":"zara-rovid-ruha-2","status":"publish","type":"product","link":"https:\/\/vizomix.hu\/en\/product\/zara-rovid-ruha-2\/","title":{"rendered":"Zara babak\u00e9k Madeira mint\u00e1s r\u00f6vid ruha"},"content":{"rendered":"<p>Zara babak\u00e9k Madeira mint\u00e1s r\u00f6vid ruha, V-kiv\u00e1g\u00e1ssal<\/p>\n<p>Friss \u00e9s n\u0151ies v\u00e1laszt\u00e1s a ny\u00e1ri gardr\u00f3bba. Ez a Zara babak\u00e9k, Madeira mint\u00e1s r\u00f6vid ruha k\u00f6nnyed anyag\u00e1nak k\u00f6sz\u00f6nhet\u0151en k\u00e9nyelmes viseletet biztos\u00edt, mik\u00f6zben romantikus megjelen\u00e9st ad.<\/p>\n<p>A V-kiv\u00e1g\u00e1s finoman hangs\u00falyozza a dekolt\u00e1zst, a gumis passz\u00e9s ujjak pedig k\u00e9nyelmes illeszked\u00e9st \u00e9s j\u00e1t\u00e9kos r\u00e9szletet adnak a fazonnak. T\u00f6k\u00e9letes v\u00e1laszt\u00e1s ny\u00e1ri programokra, s\u00e9t\u00e1khoz vagy egy csinosabb alkalomra is.<\/p>","protected":false},"excerpt":{"rendered":"<p>Zara babak\u00e9k Madeira mint\u00e1s r\u00f6vid ruha, V-kiv\u00e1g\u00e1ssal Friss \u00e9s n\u0151ies v\u00e1laszt\u00e1s a ny\u00e1ri gardr\u00f3bba. Ez a Zara babak\u00e9k, Madeira mint\u00e1s<a class=\"read-more\" href=\"https:\/\/vizomix.hu\/en\/product\/zara-rovid-ruha-2\/\">Tov\u00e1bb<\/a><\/p>","protected":false},"featured_media":7119,"comment_status":"open","ping_status":"closed","template":"","meta":[],"product_brand":[76],"product_cat":[34],"product_tag":[],"class_list":{"0":"post-753","1":"product","2":"type-product","3":"status-publish","4":"has-post-thumbnail","6":"product_brand-zara","7":"product_cat-rovid-ruhak-overalok","9":"first","10":"instock","11":"taxable","12":"shipping-taxable","13":"purchasable","14":"product-type-variable","15":"add-to-wishlist-before_add_to_cart"},"supplier_id":null,"supplier_sku":"","barcode":null,"atum_controlled":true,"out_stock_date":null,"out_stock_threshold":null,"inheritable":false,"inbound_stock":null,"stock_on_hold":0,"sold_today":0,"sales_last_days":0,"reserved_stock":null,"customer_returns":null,"warehouse_damage":null,"lost_in_post":null,"other_logs":null,"out_stock_days":0,"lost_sales":0,"has_location":null,"update_date":"2026-03-22T20:41:59","atum_locations":[],"atum_stock_status":"instock","restock_status":false,"low_stock_amount":"","sales_update_date":"2026-03-17T19:15:19","calc_backorders":null,"_links":{"self":[{"href":"https:\/\/vizomix.hu\/en\/wp-json\/wp\/v2\/product\/753","targetHints":{"allow":["GET"]}}],"collection":[{"href":"https:\/\/vizomix.hu\/en\/wp-json\/wp\/v2\/product"}],"about":[{"href":"https:\/\/vizomix.hu\/en\/wp-json\/wp\/v2\/types\/product"}],"replies":[{"embeddable":true,"href":"https:\/\/vizomix.hu\/en\/wp-json\/wp\/v2\/comments?post=753"}],"wp:featuredmedia":[{"embeddable":true,"href":"https:\/\/vizomix.hu\/en\/wp-json\/wp\/v2\/media\/7119"}],"wp:attachment":[{"href":"https:\/\/vizomix.hu\/en\/wp-json\/wp\/v2\/media?parent=753"}],"wp:term":[{"taxonomy":"product_brand","embeddable":true,"href":"https:\/\/vizomix.hu\/en\/wp-json\/wp\/v2\/product_brand?post=753"},{"taxonomy":"product_cat","embeddable":true,"href":"https:\/\/vizomix.hu\/en\/wp-json\/wp\/v2\/product_cat?post=753"},{"taxonomy":"product_tag","embeddable":true,"href":"https:\/\/vizomix.hu\/en\/wp-json\/wp\/v2\/product_tag?post=753"}],"curies":[{"name":"wp","href":"https:\/\/api.w.org\/{rel}","templated":true}]}}