{"id":7500,"date":"2026-03-25T00:35:37","date_gmt":"2026-03-24T23:35:37","guid":{"rendered":"https:\/\/vizomix.hu\/termek\/zara-csodaszep-elenk-piros-huzott-ujjatlan-csinos-ruha\/"},"modified":"2026-03-25T00:49:53","modified_gmt":"2026-03-24T23:49:53","slug":"zara-csodaszep-elenk-piros-huzott-ujjatlan-csinos-ruha","status":"publish","type":"product","link":"https:\/\/vizomix.hu\/en\/product\/zara-csodaszep-elenk-piros-huzott-ujjatlan-csinos-ruha\/","title":{"rendered":"Zara csodasz\u00e9p \u00e9l\u00e9nk piros h\u00fazott\/ujjatlan csinos ruha"},"content":{"rendered":"<p>Zara \u00e9l\u00e9nk piros ujjatlan h\u00fazott ruha<\/p>\n<p>L\u00e1tv\u00e1nyos sz\u00edn \u00e9s n\u0151ies vonalvezet\u00e9s t\u00f6k\u00e9letes \u00f6sszhangban. A h\u00fazott r\u00e9szletek kiemelik az alakot, m\u00edg az ujjatlan fazon k\u00f6nnyed, eleg\u00e1ns megjelen\u00e9st biztos\u00edt k\u00fcl\u00f6nleges alkalmakra is.<br \/>\nM\u00e9retez\u00e9s: m\u00e9reth\u0171<\/p>","protected":false},"excerpt":{"rendered":"<p>Zara \u00e9l\u00e9nk piros ujjatlan h\u00fazott ruha L\u00e1tv\u00e1nyos sz\u00edn \u00e9s n\u0151ies vonalvezet\u00e9s t\u00f6k\u00e9letes \u00f6sszhangban. A h\u00fazott r\u00e9szletek kiemelik az alakot, m\u00edg<a class=\"read-more\" href=\"https:\/\/vizomix.hu\/en\/product\/zara-csodaszep-elenk-piros-huzott-ujjatlan-csinos-ruha\/\">Tov\u00e1bb<\/a><\/p>","protected":false},"featured_media":7496,"comment_status":"open","ping_status":"closed","template":"","meta":[],"product_brand":[76],"product_cat":[34],"product_tag":[],"class_list":{"0":"post-7500","1":"product","2":"type-product","3":"status-publish","4":"has-post-thumbnail","6":"product_brand-zara","7":"product_cat-rovid-ruhak-overalok","9":"first","10":"instock","11":"featured","12":"taxable","13":"shipping-taxable","14":"purchasable","15":"product-type-variable","16":"add-to-wishlist-before_add_to_cart"},"supplier_id":null,"supplier_sku":"","barcode":null,"atum_controlled":true,"out_stock_date":null,"out_stock_threshold":null,"inheritable":false,"inbound_stock":null,"stock_on_hold":null,"sold_today":null,"sales_last_days":null,"reserved_stock":null,"customer_returns":null,"warehouse_damage":null,"lost_in_post":null,"other_logs":null,"out_stock_days":null,"lost_sales":null,"has_location":null,"update_date":"2026-03-24T23:49:53","atum_locations":[],"atum_stock_status":"instock","restock_status":false,"low_stock_amount":"","sales_update_date":null,"calc_backorders":null,"_links":{"self":[{"href":"https:\/\/vizomix.hu\/en\/wp-json\/wp\/v2\/product\/7500","targetHints":{"allow":["GET"]}}],"collection":[{"href":"https:\/\/vizomix.hu\/en\/wp-json\/wp\/v2\/product"}],"about":[{"href":"https:\/\/vizomix.hu\/en\/wp-json\/wp\/v2\/types\/product"}],"replies":[{"embeddable":true,"href":"https:\/\/vizomix.hu\/en\/wp-json\/wp\/v2\/comments?post=7500"}],"wp:featuredmedia":[{"embeddable":true,"href":"https:\/\/vizomix.hu\/en\/wp-json\/wp\/v2\/media\/7496"}],"wp:attachment":[{"href":"https:\/\/vizomix.hu\/en\/wp-json\/wp\/v2\/media?parent=7500"}],"wp:term":[{"taxonomy":"product_brand","embeddable":true,"href":"https:\/\/vizomix.hu\/en\/wp-json\/wp\/v2\/product_brand?post=7500"},{"taxonomy":"product_cat","embeddable":true,"href":"https:\/\/vizomix.hu\/en\/wp-json\/wp\/v2\/product_cat?post=7500"},{"taxonomy":"product_tag","embeddable":true,"href":"https:\/\/vizomix.hu\/en\/wp-json\/wp\/v2\/product_tag?post=7500"}],"curies":[{"name":"wp","href":"https:\/\/api.w.org\/{rel}","templated":true}]}}