{"id":7493,"date":"2026-03-24T18:44:24","date_gmt":"2026-03-24T17:44:24","guid":{"rendered":"https:\/\/vizomix.hu\/termek\/zara-kek-feher-geometriai-mintas-laza-felsonadrag-szett\/"},"modified":"2026-03-24T18:44:27","modified_gmt":"2026-03-24T17:44:27","slug":"zara-kek-feher-geometriai-mintas-laza-felsonadrag-szett","status":"publish","type":"product","link":"https:\/\/vizomix.hu\/en\/product\/zara-kek-feher-geometriai-mintas-laza-felsonadrag-szett\/","title":{"rendered":"Zara k\u00e9k feh\u00e9r geometriai mint\u00e1s laza fels\u0151+nadr\u00e1g szett"},"content":{"rendered":"<p>Zara k\u00e9k-feh\u00e9r geometriai mint\u00e1s fels\u0151 \u00e9s nadr\u00e1g szett<\/p>\n<p>Modern mintavil\u00e1g \u00e9s k\u00f6nnyed k\u00e9nyelem harmonikus egys\u00e9gben. A laza szab\u00e1s\u00fa fels\u0151 \u00e9s nadr\u00e1g egy\u00fctt st\u00edlusos, m\u00e9gis k\u00e9nyelmes viseletet biztos\u00edt, m\u00edg a geometriai minta friss, karakteres megjelen\u00e9st k\u00f6lcs\u00f6n\u00f6z.<br \/>\nM\u00e9retez\u00e9s: m\u00e9reth\u0171<\/p>","protected":false},"excerpt":{"rendered":"<p>Zara k\u00e9k-feh\u00e9r geometriai mint\u00e1s fels\u0151 \u00e9s nadr\u00e1g szett Modern mintavil\u00e1g \u00e9s k\u00f6nnyed k\u00e9nyelem harmonikus egys\u00e9gben. A laza szab\u00e1s\u00fa fels\u0151 \u00e9s<a class=\"read-more\" href=\"https:\/\/vizomix.hu\/en\/product\/zara-kek-feher-geometriai-mintas-laza-felsonadrag-szett\/\">Tov\u00e1bb<\/a><\/p>","protected":false},"featured_media":7488,"comment_status":"open","ping_status":"closed","template":"","meta":[],"product_brand":[76],"product_cat":[30],"product_tag":[],"class_list":{"0":"post-7493","1":"product","2":"type-product","3":"status-publish","4":"has-post-thumbnail","6":"product_brand-zara","7":"product_cat-teljes-szettek","9":"first","10":"instock","11":"taxable","12":"shipping-taxable","13":"purchasable","14":"product-type-variable","15":"add-to-wishlist-before_add_to_cart"},"supplier_id":null,"supplier_sku":"","barcode":null,"atum_controlled":true,"out_stock_date":null,"out_stock_threshold":null,"inheritable":false,"inbound_stock":null,"stock_on_hold":null,"sold_today":null,"sales_last_days":null,"reserved_stock":null,"customer_returns":null,"warehouse_damage":null,"lost_in_post":null,"other_logs":null,"out_stock_days":null,"lost_sales":null,"has_location":null,"update_date":"2026-03-24T17:44:28","atum_locations":[],"atum_stock_status":"instock","restock_status":false,"low_stock_amount":"","sales_update_date":null,"calc_backorders":null,"_links":{"self":[{"href":"https:\/\/vizomix.hu\/en\/wp-json\/wp\/v2\/product\/7493","targetHints":{"allow":["GET"]}}],"collection":[{"href":"https:\/\/vizomix.hu\/en\/wp-json\/wp\/v2\/product"}],"about":[{"href":"https:\/\/vizomix.hu\/en\/wp-json\/wp\/v2\/types\/product"}],"replies":[{"embeddable":true,"href":"https:\/\/vizomix.hu\/en\/wp-json\/wp\/v2\/comments?post=7493"}],"wp:featuredmedia":[{"embeddable":true,"href":"https:\/\/vizomix.hu\/en\/wp-json\/wp\/v2\/media\/7488"}],"wp:attachment":[{"href":"https:\/\/vizomix.hu\/en\/wp-json\/wp\/v2\/media?parent=7493"}],"wp:term":[{"taxonomy":"product_brand","embeddable":true,"href":"https:\/\/vizomix.hu\/en\/wp-json\/wp\/v2\/product_brand?post=7493"},{"taxonomy":"product_cat","embeddable":true,"href":"https:\/\/vizomix.hu\/en\/wp-json\/wp\/v2\/product_cat?post=7493"},{"taxonomy":"product_tag","embeddable":true,"href":"https:\/\/vizomix.hu\/en\/wp-json\/wp\/v2\/product_tag?post=7493"}],"curies":[{"name":"wp","href":"https:\/\/api.w.org\/{rel}","templated":true}]}}