{"id":7477,"date":"2026-03-24T18:31:13","date_gmt":"2026-03-24T17:31:13","guid":{"rendered":"https:\/\/vizomix.hu\/termek\/zara-narancssarga-blezer-es-egyenes-szaru-nadrag-szett-kotovel\/"},"modified":"2026-03-28T11:25:57","modified_gmt":"2026-03-28T10:25:57","slug":"zara-narancssarga-blezer-es-egyenes-szaru-nadrag-szett-kotovel","status":"publish","type":"product","link":"https:\/\/vizomix.hu\/en\/product\/zara-narancssarga-blezer-es-egyenes-szaru-nadrag-szett-kotovel\/","title":{"rendered":"Zara narancss\u00e1rga bl\u00e9zer \u00e9s egyenes sz\u00e1r\u00fa nadr\u00e1g szett k\u00f6t\u0151vel"},"content":{"rendered":"<p>Zara narancss\u00e1rga bl\u00e9zer \u00e9s egyenes sz\u00e1r\u00fa nadr\u00e1g szett k\u00f6t\u0151vel<\/p>\n<p>\u00c9l\u00e9nk sz\u00edn \u00e9s kifinomult elegancia egyben. A k\u00f6t\u0151s bl\u00e9zer n\u0151ies, hangs\u00falyos megjelen\u00e9st ad, m\u00edg a hossz\u00fa, egyenes sz\u00e1r\u00fa nadr\u00e1g letisztult vonalaival harmonikus, st\u00edlusos \u00f6sszhat\u00e1st teremt b\u00e1rmely alkalomra.<br \/>\nM\u00e9retez\u00e9s: m\u00e9reth\u0171<\/p>","protected":false},"excerpt":{"rendered":"<p>Zara narancss\u00e1rga bl\u00e9zer \u00e9s egyenes sz\u00e1r\u00fa nadr\u00e1g szett k\u00f6t\u0151vel \u00c9l\u00e9nk sz\u00edn \u00e9s kifinomult elegancia egyben. A k\u00f6t\u0151s bl\u00e9zer n\u0151ies, hangs\u00falyos<a class=\"read-more\" href=\"https:\/\/vizomix.hu\/en\/product\/zara-narancssarga-blezer-es-egyenes-szaru-nadrag-szett-kotovel\/\">Tov\u00e1bb<\/a><\/p>","protected":false},"featured_media":7471,"comment_status":"open","ping_status":"closed","template":"","meta":[],"product_brand":[76],"product_cat":[30],"product_tag":[],"class_list":{"0":"post-7477","1":"product","2":"type-product","3":"status-publish","4":"has-post-thumbnail","6":"product_brand-zara","7":"product_cat-teljes-szettek","9":"first","10":"instock","11":"taxable","12":"shipping-taxable","13":"purchasable","14":"product-type-variable","15":"add-to-wishlist-before_add_to_cart"},"supplier_id":null,"supplier_sku":"","barcode":null,"atum_controlled":true,"out_stock_date":null,"out_stock_threshold":null,"inheritable":false,"inbound_stock":null,"stock_on_hold":null,"sold_today":null,"sales_last_days":null,"reserved_stock":null,"customer_returns":null,"warehouse_damage":null,"lost_in_post":null,"other_logs":null,"out_stock_days":null,"lost_sales":null,"has_location":null,"update_date":"2026-03-28T10:25:57","atum_locations":[],"atum_stock_status":"instock","restock_status":false,"low_stock_amount":"","sales_update_date":null,"calc_backorders":null,"_links":{"self":[{"href":"https:\/\/vizomix.hu\/en\/wp-json\/wp\/v2\/product\/7477","targetHints":{"allow":["GET"]}}],"collection":[{"href":"https:\/\/vizomix.hu\/en\/wp-json\/wp\/v2\/product"}],"about":[{"href":"https:\/\/vizomix.hu\/en\/wp-json\/wp\/v2\/types\/product"}],"replies":[{"embeddable":true,"href":"https:\/\/vizomix.hu\/en\/wp-json\/wp\/v2\/comments?post=7477"}],"wp:featuredmedia":[{"embeddable":true,"href":"https:\/\/vizomix.hu\/en\/wp-json\/wp\/v2\/media\/7471"}],"wp:attachment":[{"href":"https:\/\/vizomix.hu\/en\/wp-json\/wp\/v2\/media?parent=7477"}],"wp:term":[{"taxonomy":"product_brand","embeddable":true,"href":"https:\/\/vizomix.hu\/en\/wp-json\/wp\/v2\/product_brand?post=7477"},{"taxonomy":"product_cat","embeddable":true,"href":"https:\/\/vizomix.hu\/en\/wp-json\/wp\/v2\/product_cat?post=7477"},{"taxonomy":"product_tag","embeddable":true,"href":"https:\/\/vizomix.hu\/en\/wp-json\/wp\/v2\/product_tag?post=7477"}],"curies":[{"name":"wp","href":"https:\/\/api.w.org\/{rel}","templated":true}]}}