{"id":7458,"date":"2026-03-24T18:24:47","date_gmt":"2026-03-24T17:24:47","guid":{"rendered":"https:\/\/vizomix.hu\/termek\/zara-szurke-nadrag-es-hosszitott-blezer-szett\/"},"modified":"2026-03-24T18:24:51","modified_gmt":"2026-03-24T17:24:51","slug":"zara-szurke-nadrag-es-hosszitott-blezer-szett","status":"publish","type":"product","link":"https:\/\/vizomix.hu\/en\/product\/zara-szurke-nadrag-es-hosszitott-blezer-szett\/","title":{"rendered":"Zara sz\u00fcrke nadr\u00e1g \u00e9s hossz\u00edtott bl\u00e9zer szett"},"content":{"rendered":"<p>Zara sz\u00fcrke nadr\u00e1g \u00e9s hossz\u00edtott bl\u00e9zer szett<\/p>\n<p>Id\u0151t\u00e1ll\u00f3 elegancia letisztult vonalakkal. A hossz\u00fa, eleg\u00e1ns nadr\u00e1g \u00e9s a hossz\u00edtott bl\u00e9zer kifinomult, harmonikus megjelen\u00e9st biztos\u00edt, m\u00edg a sz\u00fcrke \u00e1rnyalat modern, sokoldal\u00faan kombin\u00e1lhat\u00f3 v\u00e1laszt\u00e1ss\u00e1 teszi.<br \/>\nM\u00e9retez\u00e9s: m\u00e9reth\u0171<\/p>","protected":false},"excerpt":{"rendered":"<p>Zara sz\u00fcrke nadr\u00e1g \u00e9s hossz\u00edtott bl\u00e9zer szett Id\u0151t\u00e1ll\u00f3 elegancia letisztult vonalakkal. A hossz\u00fa, eleg\u00e1ns nadr\u00e1g \u00e9s a hossz\u00edtott bl\u00e9zer kifinomult,<a class=\"read-more\" href=\"https:\/\/vizomix.hu\/en\/product\/zara-szurke-nadrag-es-hosszitott-blezer-szett\/\">Tov\u00e1bb<\/a><\/p>","protected":false},"featured_media":7448,"comment_status":"open","ping_status":"closed","template":"","meta":[],"product_brand":[76],"product_cat":[30],"product_tag":[],"class_list":{"0":"post-7458","1":"product","2":"type-product","3":"status-publish","4":"has-post-thumbnail","6":"product_brand-zara","7":"product_cat-teljes-szettek","9":"first","10":"instock","11":"taxable","12":"shipping-taxable","13":"purchasable","14":"product-type-variable","15":"add-to-wishlist-before_add_to_cart"},"supplier_id":null,"supplier_sku":"","barcode":null,"atum_controlled":true,"out_stock_date":null,"out_stock_threshold":null,"inheritable":false,"inbound_stock":null,"stock_on_hold":null,"sold_today":null,"sales_last_days":null,"reserved_stock":null,"customer_returns":null,"warehouse_damage":null,"lost_in_post":null,"other_logs":null,"out_stock_days":null,"lost_sales":null,"has_location":null,"update_date":"2026-03-24T17:24:51","atum_locations":[],"atum_stock_status":"instock","restock_status":false,"low_stock_amount":"","sales_update_date":null,"calc_backorders":null,"_links":{"self":[{"href":"https:\/\/vizomix.hu\/en\/wp-json\/wp\/v2\/product\/7458","targetHints":{"allow":["GET"]}}],"collection":[{"href":"https:\/\/vizomix.hu\/en\/wp-json\/wp\/v2\/product"}],"about":[{"href":"https:\/\/vizomix.hu\/en\/wp-json\/wp\/v2\/types\/product"}],"replies":[{"embeddable":true,"href":"https:\/\/vizomix.hu\/en\/wp-json\/wp\/v2\/comments?post=7458"}],"wp:featuredmedia":[{"embeddable":true,"href":"https:\/\/vizomix.hu\/en\/wp-json\/wp\/v2\/media\/7448"}],"wp:attachment":[{"href":"https:\/\/vizomix.hu\/en\/wp-json\/wp\/v2\/media?parent=7458"}],"wp:term":[{"taxonomy":"product_brand","embeddable":true,"href":"https:\/\/vizomix.hu\/en\/wp-json\/wp\/v2\/product_brand?post=7458"},{"taxonomy":"product_cat","embeddable":true,"href":"https:\/\/vizomix.hu\/en\/wp-json\/wp\/v2\/product_cat?post=7458"},{"taxonomy":"product_tag","embeddable":true,"href":"https:\/\/vizomix.hu\/en\/wp-json\/wp\/v2\/product_tag?post=7458"}],"curies":[{"name":"wp","href":"https:\/\/api.w.org\/{rel}","templated":true}]}}