{"id":7408,"date":"2026-03-23T23:52:47","date_gmt":"2026-03-23T22:52:47","guid":{"rendered":"https:\/\/vizomix.hu\/termek\/zara-barna-pantos-magassarku-cipo\/"},"modified":"2026-03-23T23:52:49","modified_gmt":"2026-03-23T22:52:49","slug":"zara-barna-pantos-magassarku-cipo","status":"publish","type":"product","link":"https:\/\/vizomix.hu\/en\/product\/zara-barna-pantos-magassarku-cipo\/","title":{"rendered":"Zara barna p\u00e1ntos magassark\u00fa cip\u0151"},"content":{"rendered":"<p>Zara barna p\u00e1ntos magassark\u00fa cip\u0151<\/p>\n<p>Kifinomult megjelen\u00e9s \u00e9s n\u0151ies elegancia minden l\u00e9p\u00e9sben. A p\u00e1ntos kialak\u00edt\u00e1s stabil tart\u00e1st biztos\u00edt, m\u00edg a letisztult forma t\u00f6k\u00e9letes v\u00e1laszt\u00e1ss\u00e1 teszi alkalmi \u00e9s eleg\u00e1ns \u00f6ssze\u00e1ll\u00edt\u00e1sokhoz.<br \/>\nM\u00e9retez\u00e9s: m\u00e9reth\u0171<\/p>","protected":false},"excerpt":{"rendered":"<p>Zara barna p\u00e1ntos magassark\u00fa cip\u0151 Kifinomult megjelen\u00e9s \u00e9s n\u0151ies elegancia minden l\u00e9p\u00e9sben. A p\u00e1ntos kialak\u00edt\u00e1s stabil tart\u00e1st biztos\u00edt, m\u00edg a<a class=\"read-more\" href=\"https:\/\/vizomix.hu\/en\/product\/zara-barna-pantos-magassarku-cipo\/\">Tov\u00e1bb<\/a><\/p>","protected":false},"featured_media":7406,"comment_status":"open","ping_status":"closed","template":"","meta":[],"product_brand":[76],"product_cat":[47],"product_tag":[],"class_list":{"0":"post-7408","1":"product","2":"type-product","3":"status-publish","4":"has-post-thumbnail","6":"product_brand-zara","7":"product_cat-magassarku-cipok","9":"first","10":"instock","11":"taxable","12":"shipping-taxable","13":"purchasable","14":"product-type-variable","15":"add-to-wishlist-before_add_to_cart"},"supplier_id":null,"supplier_sku":"","barcode":null,"atum_controlled":true,"out_stock_date":null,"out_stock_threshold":null,"inheritable":false,"inbound_stock":null,"stock_on_hold":null,"sold_today":null,"sales_last_days":null,"reserved_stock":null,"customer_returns":null,"warehouse_damage":null,"lost_in_post":null,"other_logs":null,"out_stock_days":null,"lost_sales":null,"has_location":null,"update_date":"2026-03-23T22:52:50","atum_locations":[],"atum_stock_status":"instock","restock_status":false,"low_stock_amount":"","sales_update_date":null,"calc_backorders":null,"_links":{"self":[{"href":"https:\/\/vizomix.hu\/en\/wp-json\/wp\/v2\/product\/7408","targetHints":{"allow":["GET"]}}],"collection":[{"href":"https:\/\/vizomix.hu\/en\/wp-json\/wp\/v2\/product"}],"about":[{"href":"https:\/\/vizomix.hu\/en\/wp-json\/wp\/v2\/types\/product"}],"replies":[{"embeddable":true,"href":"https:\/\/vizomix.hu\/en\/wp-json\/wp\/v2\/comments?post=7408"}],"wp:featuredmedia":[{"embeddable":true,"href":"https:\/\/vizomix.hu\/en\/wp-json\/wp\/v2\/media\/7406"}],"wp:attachment":[{"href":"https:\/\/vizomix.hu\/en\/wp-json\/wp\/v2\/media?parent=7408"}],"wp:term":[{"taxonomy":"product_brand","embeddable":true,"href":"https:\/\/vizomix.hu\/en\/wp-json\/wp\/v2\/product_brand?post=7408"},{"taxonomy":"product_cat","embeddable":true,"href":"https:\/\/vizomix.hu\/en\/wp-json\/wp\/v2\/product_cat?post=7408"},{"taxonomy":"product_tag","embeddable":true,"href":"https:\/\/vizomix.hu\/en\/wp-json\/wp\/v2\/product_tag?post=7408"}],"curies":[{"name":"wp","href":"https:\/\/api.w.org\/{rel}","templated":true}]}}