{"id":740,"date":"2026-02-10T20:33:53","date_gmt":"2026-02-10T19:33:53","guid":{"rendered":"https:\/\/vizomix.hu\/termek\/zara-tweed-texturalt-hosszitott-blezerruha\/"},"modified":"2026-03-18T13:22:06","modified_gmt":"2026-03-18T12:22:06","slug":"zara-tweed-texturalt-hosszitott-blezerruha","status":"publish","type":"product","link":"https:\/\/vizomix.hu\/en\/product\/zara-tweed-texturalt-hosszitott-blezerruha\/","title":{"rendered":"Zara tweed\/textur\u00e1lt hossz\u00edtott bl\u00e9zerruha"},"content":{"rendered":"<p>Zara r\u00f3zsasz\u00edn tweed\/textur\u00e1lt hossz\u00edtott bl\u00e9zerruha fekete gombokkal<\/p>\n<p>Eleg\u00e1ns \u00e9s karakteres darab, amely igaz\u00e1n n\u0151ies megjelen\u00e9st k\u00f6lcs\u00f6n\u00f6z. Ez a Zara r\u00f3zsasz\u00edn, tweed hat\u00e1s\u00fa, textur\u00e1lt anyag\u00fa hossz\u00edtott bl\u00e9zerruha k\u00fcl\u00f6nleges kontrasztot kap a fekete gomboknak k\u00f6sz\u00f6nhet\u0151en.<\/p>\n<p>A sz\u0171k\u00edtett der\u00e9kr\u00e9sz sz\u00e9pen hangs\u00falyozza az alakot, mik\u00f6zben a struktur\u00e1lt szab\u00e1s kifinomult hat\u00e1st kelt. T\u00f6k\u00e9letes v\u00e1laszt\u00e1s alkalmi esem\u00e9nyekre, eleg\u00e1ns megjelen\u00e9shez vagy egy st\u00edlusos esti programhoz.<\/p>","protected":false},"excerpt":{"rendered":"<p>Zara r\u00f3zsasz\u00edn tweed\/textur\u00e1lt hossz\u00edtott bl\u00e9zerruha fekete gombokkal Eleg\u00e1ns \u00e9s karakteres darab, amely igaz\u00e1n n\u0151ies megjelen\u00e9st k\u00f6lcs\u00f6n\u00f6z. Ez a Zara r\u00f3zsasz\u00edn,<a class=\"read-more\" href=\"https:\/\/vizomix.hu\/en\/product\/zara-tweed-texturalt-hosszitott-blezerruha\/\">Tov\u00e1bb<\/a><\/p>","protected":false},"featured_media":738,"comment_status":"open","ping_status":"closed","template":"","meta":[],"product_brand":[76],"product_cat":[38],"product_tag":[],"class_list":{"0":"post-740","1":"product","2":"type-product","3":"status-publish","4":"has-post-thumbnail","6":"product_brand-zara","7":"product_cat-blezerek","9":"first","10":"instock","11":"taxable","12":"shipping-taxable","13":"purchasable","14":"product-type-variable","15":"add-to-wishlist-before_add_to_cart"},"supplier_id":null,"supplier_sku":"","barcode":null,"atum_controlled":true,"out_stock_date":null,"out_stock_threshold":null,"inheritable":false,"inbound_stock":null,"stock_on_hold":0,"sold_today":0,"sales_last_days":0,"reserved_stock":null,"customer_returns":null,"warehouse_damage":null,"lost_in_post":null,"other_logs":null,"out_stock_days":0,"lost_sales":0,"has_location":null,"update_date":"2026-03-18T12:22:07","atum_locations":[],"atum_stock_status":"instock","restock_status":false,"low_stock_amount":"","sales_update_date":"2026-03-17T19:15:19","calc_backorders":null,"_links":{"self":[{"href":"https:\/\/vizomix.hu\/en\/wp-json\/wp\/v2\/product\/740","targetHints":{"allow":["GET"]}}],"collection":[{"href":"https:\/\/vizomix.hu\/en\/wp-json\/wp\/v2\/product"}],"about":[{"href":"https:\/\/vizomix.hu\/en\/wp-json\/wp\/v2\/types\/product"}],"replies":[{"embeddable":true,"href":"https:\/\/vizomix.hu\/en\/wp-json\/wp\/v2\/comments?post=740"}],"wp:featuredmedia":[{"embeddable":true,"href":"https:\/\/vizomix.hu\/en\/wp-json\/wp\/v2\/media\/738"}],"wp:attachment":[{"href":"https:\/\/vizomix.hu\/en\/wp-json\/wp\/v2\/media?parent=740"}],"wp:term":[{"taxonomy":"product_brand","embeddable":true,"href":"https:\/\/vizomix.hu\/en\/wp-json\/wp\/v2\/product_brand?post=740"},{"taxonomy":"product_cat","embeddable":true,"href":"https:\/\/vizomix.hu\/en\/wp-json\/wp\/v2\/product_cat?post=740"},{"taxonomy":"product_tag","embeddable":true,"href":"https:\/\/vizomix.hu\/en\/wp-json\/wp\/v2\/product_tag?post=740"}],"curies":[{"name":"wp","href":"https:\/\/api.w.org\/{rel}","templated":true}]}}