{"id":7398,"date":"2026-03-23T23:45:27","date_gmt":"2026-03-23T22:45:27","guid":{"rendered":"https:\/\/vizomix.hu\/termek\/zara-fekete-csipkes-pantos-body\/"},"modified":"2026-03-23T23:45:29","modified_gmt":"2026-03-23T22:45:29","slug":"zara-fekete-csipkes-pantos-body","status":"publish","type":"product","link":"https:\/\/vizomix.hu\/en\/product\/zara-fekete-csipkes-pantos-body\/","title":{"rendered":"Zara fekete csipk\u00e9s p\u00e1ntos body"},"content":{"rendered":"<p>Zara fekete csipk\u00e9s p\u00e1ntos body<\/p>\n<p>Finom r\u00e9szletek \u00e9s letisztult elegancia tal\u00e1lkoz\u00e1sa. A csipk\u00e9s kialak\u00edt\u00e1s n\u0151ies, kifinomult megjelen\u00e9st k\u00f6lcs\u00f6n\u00f6z, m\u00edg a p\u00e1ntos fazon k\u00e9nyelmes \u00e9s sokoldal\u00faan kombin\u00e1lhat\u00f3 darabb\u00e1 teszi.<br \/>\nM\u00e9retez\u00e9s: m\u00e9reth\u0171<\/p>","protected":false},"excerpt":{"rendered":"<p>Zara fekete csipk\u00e9s p\u00e1ntos body Finom r\u00e9szletek \u00e9s letisztult elegancia tal\u00e1lkoz\u00e1sa. A csipk\u00e9s kialak\u00edt\u00e1s n\u0151ies, kifinomult megjelen\u00e9st k\u00f6lcs\u00f6n\u00f6z, m\u00edg a<a class=\"read-more\" href=\"https:\/\/vizomix.hu\/en\/product\/zara-fekete-csipkes-pantos-body\/\">Tov\u00e1bb<\/a><\/p>","protected":false},"featured_media":7396,"comment_status":"open","ping_status":"closed","template":"","meta":[],"product_brand":[76],"product_cat":[42],"product_tag":[],"class_list":{"0":"post-7398","1":"product","2":"type-product","3":"status-publish","4":"has-post-thumbnail","6":"product_brand-zara","7":"product_cat-felso-ruhazat-top-triko-polo-body-felsoresz","9":"first","10":"instock","11":"taxable","12":"shipping-taxable","13":"purchasable","14":"product-type-variable","15":"add-to-wishlist-before_add_to_cart"},"supplier_id":null,"supplier_sku":"","barcode":null,"atum_controlled":true,"out_stock_date":null,"out_stock_threshold":null,"inheritable":false,"inbound_stock":null,"stock_on_hold":null,"sold_today":null,"sales_last_days":null,"reserved_stock":null,"customer_returns":null,"warehouse_damage":null,"lost_in_post":null,"other_logs":null,"out_stock_days":null,"lost_sales":null,"has_location":null,"update_date":"2026-03-23T22:45:29","atum_locations":[],"atum_stock_status":"instock","restock_status":false,"low_stock_amount":"","sales_update_date":null,"calc_backorders":null,"_links":{"self":[{"href":"https:\/\/vizomix.hu\/en\/wp-json\/wp\/v2\/product\/7398","targetHints":{"allow":["GET"]}}],"collection":[{"href":"https:\/\/vizomix.hu\/en\/wp-json\/wp\/v2\/product"}],"about":[{"href":"https:\/\/vizomix.hu\/en\/wp-json\/wp\/v2\/types\/product"}],"replies":[{"embeddable":true,"href":"https:\/\/vizomix.hu\/en\/wp-json\/wp\/v2\/comments?post=7398"}],"wp:featuredmedia":[{"embeddable":true,"href":"https:\/\/vizomix.hu\/en\/wp-json\/wp\/v2\/media\/7396"}],"wp:attachment":[{"href":"https:\/\/vizomix.hu\/en\/wp-json\/wp\/v2\/media?parent=7398"}],"wp:term":[{"taxonomy":"product_brand","embeddable":true,"href":"https:\/\/vizomix.hu\/en\/wp-json\/wp\/v2\/product_brand?post=7398"},{"taxonomy":"product_cat","embeddable":true,"href":"https:\/\/vizomix.hu\/en\/wp-json\/wp\/v2\/product_cat?post=7398"},{"taxonomy":"product_tag","embeddable":true,"href":"https:\/\/vizomix.hu\/en\/wp-json\/wp\/v2\/product_tag?post=7398"}],"curies":[{"name":"wp","href":"https:\/\/api.w.org\/{rel}","templated":true}]}}