{"id":7364,"date":"2026-03-23T23:06:54","date_gmt":"2026-03-23T22:06:54","guid":{"rendered":"https:\/\/vizomix.hu\/termek\/zara-hosszu-anyagaban-csikos-rugalmas-ruha-fekete-arnyalatban\/"},"modified":"2026-03-23T23:06:56","modified_gmt":"2026-03-23T22:06:56","slug":"zara-hosszu-anyagaban-csikos-rugalmas-ruha-fekete-arnyalatban","status":"publish","type":"product","link":"https:\/\/vizomix.hu\/en\/product\/zara-hosszu-anyagaban-csikos-rugalmas-ruha-fekete-arnyalatban\/","title":{"rendered":"Zara hossz\u00fa, anyag\u00e1ban cs\u00edkos rugalmas ruha fekete \u00e1rnyalatban"},"content":{"rendered":"<p>Zara hossz\u00fa, anyag\u00e1ban cs\u00edkos rugalmas ruha fekete \u00e1rnyalatban<\/p>\n<p>Letisztult \u00e9s k\u00e9nyelmes darab a mindennapokra. Ez a Zara hossz\u00fa ruha anyag\u00e1ban cs\u00edkos mint\u00e1j\u00e1val \u00e9s rugalmas anyag\u00e1val sz\u00e9pen k\u00f6veti az alakot, mik\u00f6zben komfortos viseletet biztos\u00edt.<\/p>\n<p>A fekete sz\u00ednvil\u00e1g modern \u00e9s k\u00f6nnyen kombin\u00e1lhat\u00f3, a hossz\u00fa fazon pedig eleg\u00e1ns megjelen\u00e9st ad a ruh\u00e1nak. T\u00f6k\u00e9letes v\u00e1laszt\u00e1s h\u00e9tk\u00f6znapi szettekhez vagy egy letisztult, csinos megjelen\u00e9shez.<br \/>\nM\u00e9retez\u00e9s: m\u00e9reth\u0171<\/p>","protected":false},"excerpt":{"rendered":"<p>Zara hossz\u00fa, anyag\u00e1ban cs\u00edkos rugalmas ruha fekete \u00e1rnyalatban Letisztult \u00e9s k\u00e9nyelmes darab a mindennapokra. Ez a Zara hossz\u00fa ruha anyag\u00e1ban<a class=\"read-more\" href=\"https:\/\/vizomix.hu\/en\/product\/zara-hosszu-anyagaban-csikos-rugalmas-ruha-fekete-arnyalatban\/\">Tov\u00e1bb<\/a><\/p>","protected":false},"featured_media":7361,"comment_status":"open","ping_status":"closed","template":"","meta":[],"product_brand":[76],"product_cat":[33],"product_tag":[],"class_list":{"0":"post-7364","1":"product","2":"type-product","3":"status-publish","4":"has-post-thumbnail","6":"product_brand-zara","7":"product_cat-hosszu-ruhak-midi-ruhak-overalok","9":"first","10":"instock","11":"taxable","12":"shipping-taxable","13":"purchasable","14":"product-type-variable","15":"add-to-wishlist-before_add_to_cart"},"supplier_id":null,"supplier_sku":"","barcode":null,"atum_controlled":true,"out_stock_date":null,"out_stock_threshold":null,"inheritable":false,"inbound_stock":null,"stock_on_hold":null,"sold_today":null,"sales_last_days":null,"reserved_stock":null,"customer_returns":null,"warehouse_damage":null,"lost_in_post":null,"other_logs":null,"out_stock_days":null,"lost_sales":null,"has_location":null,"update_date":"2026-03-23T22:06:56","atum_locations":[],"atum_stock_status":"instock","restock_status":false,"low_stock_amount":"","sales_update_date":null,"calc_backorders":null,"_links":{"self":[{"href":"https:\/\/vizomix.hu\/en\/wp-json\/wp\/v2\/product\/7364","targetHints":{"allow":["GET"]}}],"collection":[{"href":"https:\/\/vizomix.hu\/en\/wp-json\/wp\/v2\/product"}],"about":[{"href":"https:\/\/vizomix.hu\/en\/wp-json\/wp\/v2\/types\/product"}],"replies":[{"embeddable":true,"href":"https:\/\/vizomix.hu\/en\/wp-json\/wp\/v2\/comments?post=7364"}],"wp:featuredmedia":[{"embeddable":true,"href":"https:\/\/vizomix.hu\/en\/wp-json\/wp\/v2\/media\/7361"}],"wp:attachment":[{"href":"https:\/\/vizomix.hu\/en\/wp-json\/wp\/v2\/media?parent=7364"}],"wp:term":[{"taxonomy":"product_brand","embeddable":true,"href":"https:\/\/vizomix.hu\/en\/wp-json\/wp\/v2\/product_brand?post=7364"},{"taxonomy":"product_cat","embeddable":true,"href":"https:\/\/vizomix.hu\/en\/wp-json\/wp\/v2\/product_cat?post=7364"},{"taxonomy":"product_tag","embeddable":true,"href":"https:\/\/vizomix.hu\/en\/wp-json\/wp\/v2\/product_tag?post=7364"}],"curies":[{"name":"wp","href":"https:\/\/api.w.org\/{rel}","templated":true}]}}