{"id":7353,"date":"2026-03-23T22:44:02","date_gmt":"2026-03-23T21:44:02","guid":{"rendered":"https:\/\/vizomix.hu\/termek\/zara-fekete-100-pamut-madeira-hosszu-csinos-ruha-kotovel\/"},"modified":"2026-03-23T22:45:45","modified_gmt":"2026-03-23T21:45:45","slug":"zara-fekete-100-pamut-madeira-hosszu-csinos-ruha-kotovel","status":"publish","type":"product","link":"https:\/\/vizomix.hu\/en\/product\/zara-fekete-100-pamut-madeira-hosszu-csinos-ruha-kotovel\/","title":{"rendered":"Zara fekete 100% pamut Madeira hossz\u00fa csinos ruha k\u00f6t\u0151vel"},"content":{"rendered":"<p>Zara fekete Madeira hossz\u00fa pamut ruha k\u00f6t\u0151vel<\/p>\n<p>Kifinomult megjelen\u00e9s \u00e9s term\u00e9szetes k\u00f6nnyeds\u00e9g egyben. A 100% pamut anyag k\u00e9nyelmes viseletet biztos\u00edt, m\u00edg a Madeira st\u00edlus\u00fa r\u00e9szletek \u00e9s a der\u00e9kban megk\u00f6thet\u0151 kialak\u00edt\u00e1s n\u0151ies, eleg\u00e1ns megjelen\u00e9st k\u00f6lcs\u00f6n\u00f6z.<br \/>\nM\u00e9retez\u00e9s: m\u00e9reth\u0171<\/p>","protected":false},"excerpt":{"rendered":"<p>Zara fekete Madeira hossz\u00fa pamut ruha k\u00f6t\u0151vel Kifinomult megjelen\u00e9s \u00e9s term\u00e9szetes k\u00f6nnyeds\u00e9g egyben. A 100% pamut anyag k\u00e9nyelmes viseletet biztos\u00edt,<a class=\"read-more\" href=\"https:\/\/vizomix.hu\/en\/product\/zara-fekete-100-pamut-madeira-hosszu-csinos-ruha-kotovel\/\">Tov\u00e1bb<\/a><\/p>","protected":false},"featured_media":7348,"comment_status":"open","ping_status":"closed","template":"","meta":[],"product_brand":[76],"product_cat":[33],"product_tag":[],"class_list":{"0":"post-7353","1":"product","2":"type-product","3":"status-publish","4":"has-post-thumbnail","6":"product_brand-zara","7":"product_cat-hosszu-ruhak-midi-ruhak-overalok","9":"first","10":"instock","11":"taxable","12":"shipping-taxable","13":"purchasable","14":"product-type-variable","15":"add-to-wishlist-before_add_to_cart"},"supplier_id":null,"supplier_sku":"","barcode":null,"atum_controlled":true,"out_stock_date":null,"out_stock_threshold":null,"inheritable":false,"inbound_stock":null,"stock_on_hold":null,"sold_today":null,"sales_last_days":null,"reserved_stock":null,"customer_returns":null,"warehouse_damage":null,"lost_in_post":null,"other_logs":null,"out_stock_days":null,"lost_sales":null,"has_location":null,"update_date":"2026-03-23T21:45:46","atum_locations":[],"atum_stock_status":"instock","restock_status":false,"low_stock_amount":"","sales_update_date":null,"calc_backorders":null,"_links":{"self":[{"href":"https:\/\/vizomix.hu\/en\/wp-json\/wp\/v2\/product\/7353","targetHints":{"allow":["GET"]}}],"collection":[{"href":"https:\/\/vizomix.hu\/en\/wp-json\/wp\/v2\/product"}],"about":[{"href":"https:\/\/vizomix.hu\/en\/wp-json\/wp\/v2\/types\/product"}],"replies":[{"embeddable":true,"href":"https:\/\/vizomix.hu\/en\/wp-json\/wp\/v2\/comments?post=7353"}],"wp:featuredmedia":[{"embeddable":true,"href":"https:\/\/vizomix.hu\/en\/wp-json\/wp\/v2\/media\/7348"}],"wp:attachment":[{"href":"https:\/\/vizomix.hu\/en\/wp-json\/wp\/v2\/media?parent=7353"}],"wp:term":[{"taxonomy":"product_brand","embeddable":true,"href":"https:\/\/vizomix.hu\/en\/wp-json\/wp\/v2\/product_brand?post=7353"},{"taxonomy":"product_cat","embeddable":true,"href":"https:\/\/vizomix.hu\/en\/wp-json\/wp\/v2\/product_cat?post=7353"},{"taxonomy":"product_tag","embeddable":true,"href":"https:\/\/vizomix.hu\/en\/wp-json\/wp\/v2\/product_tag?post=7353"}],"curies":[{"name":"wp","href":"https:\/\/api.w.org\/{rel}","templated":true}]}}