{"id":7343,"date":"2026-03-23T18:05:26","date_gmt":"2026-03-23T17:05:26","guid":{"rendered":"https:\/\/vizomix.hu\/termek\/zara-feher-hosszitott-polo-horgolt-reszlettel\/"},"modified":"2026-03-23T18:05:28","modified_gmt":"2026-03-23T17:05:28","slug":"zara-feher-hosszitott-polo-horgolt-reszlettel","status":"publish","type":"product","link":"https:\/\/vizomix.hu\/en\/product\/zara-feher-hosszitott-polo-horgolt-reszlettel\/","title":{"rendered":"Zara feh\u00e9r hossz\u00edtott p\u00f3l\u00f3 horgolt r\u00e9szlettel"},"content":{"rendered":"<p>Zara feh\u00e9r hossz\u00edtott p\u00f3l\u00f3 horgolt r\u00e9szlettel<\/p>\n<p>Letisztult alapdarab finom, n\u0151ies r\u00e9szletekkel. A hossz\u00edtott fazon k\u00e9nyelmes viseletet biztos\u00edt, m\u00edg az alj\u00e1n megjelen\u0151 horgolt minta k\u00fcl\u00f6nleges, m\u00e9gis visszafogott st\u00edlust k\u00f6lcs\u00f6n\u00f6z a mindennapokra.<\/p>","protected":false},"excerpt":{"rendered":"<p>Zara feh\u00e9r hossz\u00edtott p\u00f3l\u00f3 horgolt r\u00e9szlettel Letisztult alapdarab finom, n\u0151ies r\u00e9szletekkel. A hossz\u00edtott fazon k\u00e9nyelmes viseletet biztos\u00edt, m\u00edg az alj\u00e1n<a class=\"read-more\" href=\"https:\/\/vizomix.hu\/en\/product\/zara-feher-hosszitott-polo-horgolt-reszlettel\/\">Tov\u00e1bb<\/a><\/p>","protected":false},"featured_media":7339,"comment_status":"open","ping_status":"closed","template":"","meta":[],"product_brand":[76],"product_cat":[42],"product_tag":[],"class_list":{"0":"post-7343","1":"product","2":"type-product","3":"status-publish","4":"has-post-thumbnail","6":"product_brand-zara","7":"product_cat-felso-ruhazat-top-triko-polo-body-felsoresz","9":"first","10":"instock","11":"taxable","12":"shipping-taxable","13":"purchasable","14":"product-type-variable","15":"add-to-wishlist-before_add_to_cart"},"supplier_id":null,"supplier_sku":"","barcode":null,"atum_controlled":true,"out_stock_date":null,"out_stock_threshold":null,"inheritable":false,"inbound_stock":null,"stock_on_hold":null,"sold_today":null,"sales_last_days":null,"reserved_stock":null,"customer_returns":null,"warehouse_damage":null,"lost_in_post":null,"other_logs":null,"out_stock_days":null,"lost_sales":null,"has_location":null,"update_date":"2026-03-23T17:05:28","atum_locations":[],"atum_stock_status":"instock","restock_status":false,"low_stock_amount":"","sales_update_date":null,"calc_backorders":null,"_links":{"self":[{"href":"https:\/\/vizomix.hu\/en\/wp-json\/wp\/v2\/product\/7343","targetHints":{"allow":["GET"]}}],"collection":[{"href":"https:\/\/vizomix.hu\/en\/wp-json\/wp\/v2\/product"}],"about":[{"href":"https:\/\/vizomix.hu\/en\/wp-json\/wp\/v2\/types\/product"}],"replies":[{"embeddable":true,"href":"https:\/\/vizomix.hu\/en\/wp-json\/wp\/v2\/comments?post=7343"}],"wp:featuredmedia":[{"embeddable":true,"href":"https:\/\/vizomix.hu\/en\/wp-json\/wp\/v2\/media\/7339"}],"wp:attachment":[{"href":"https:\/\/vizomix.hu\/en\/wp-json\/wp\/v2\/media?parent=7343"}],"wp:term":[{"taxonomy":"product_brand","embeddable":true,"href":"https:\/\/vizomix.hu\/en\/wp-json\/wp\/v2\/product_brand?post=7343"},{"taxonomy":"product_cat","embeddable":true,"href":"https:\/\/vizomix.hu\/en\/wp-json\/wp\/v2\/product_cat?post=7343"},{"taxonomy":"product_tag","embeddable":true,"href":"https:\/\/vizomix.hu\/en\/wp-json\/wp\/v2\/product_tag?post=7343"}],"curies":[{"name":"wp","href":"https:\/\/api.w.org\/{rel}","templated":true}]}}