{"id":7328,"date":"2026-03-23T16:38:41","date_gmt":"2026-03-23T15:38:41","guid":{"rendered":"https:\/\/vizomix.hu\/termek\/zara-fekete-rovid-belso-beleses-szteppelt-vizallo-kabat-kapucnival\/"},"modified":"2026-03-23T16:43:25","modified_gmt":"2026-03-23T15:43:25","slug":"zara-fekete-rovid-belso-beleses-szteppelt-vizallo-kabat-kapucnival","status":"publish","type":"product","link":"https:\/\/vizomix.hu\/en\/product\/zara-fekete-rovid-belso-beleses-szteppelt-vizallo-kabat-kapucnival\/","title":{"rendered":"Zara fekete r\u00f6vid bels\u0151 b\u00e9l\u00e9ses szteppelt v\u00edz\u00e1ll\u00f3 kab\u00e1t kapucnival"},"content":{"rendered":"<p>Zara fekete szteppelt v\u00edz\u00e1ll\u00f3 kab\u00e1t kapucnival<\/p>\n<p>Praktikus v\u00e9delem letisztult st\u00edlusban. A r\u00f6vid fazon \u00e9s a meleg, bels\u0151 b\u00e9l\u00e9s k\u00e9nyelmes viseletet biztos\u00edt, m\u00edg a v\u00edz\u00e1ll\u00f3 anyag \u00e9s a kapucnis kialak\u00edt\u00e1s ide\u00e1lis v\u00e1laszt\u00e1ss\u00e1 teszi a h\u0171v\u00f6s, csapad\u00e9kos napokra.<br \/>\nM\u00e9retez\u00e9s: Kisebb m\u00e9ret<\/p>","protected":false},"excerpt":{"rendered":"<p>Zara fekete szteppelt v\u00edz\u00e1ll\u00f3 kab\u00e1t kapucnival Praktikus v\u00e9delem letisztult st\u00edlusban. A r\u00f6vid fazon \u00e9s a meleg, bels\u0151 b\u00e9l\u00e9s k\u00e9nyelmes viseletet<a class=\"read-more\" href=\"https:\/\/vizomix.hu\/en\/product\/zara-fekete-rovid-belso-beleses-szteppelt-vizallo-kabat-kapucnival\/\">Tov\u00e1bb<\/a><\/p>","protected":false},"featured_media":7317,"comment_status":"open","ping_status":"closed","template":"","meta":[],"product_brand":[76],"product_cat":[35],"product_tag":[],"class_list":{"0":"post-7328","1":"product","2":"type-product","3":"status-publish","4":"has-post-thumbnail","6":"product_brand-zara","7":"product_cat-atmeneti-kabatok","9":"first","10":"instock","11":"taxable","12":"shipping-taxable","13":"purchasable","14":"product-type-variable","15":"add-to-wishlist-before_add_to_cart"},"supplier_id":null,"supplier_sku":"","barcode":null,"atum_controlled":true,"out_stock_date":null,"out_stock_threshold":null,"inheritable":false,"inbound_stock":null,"stock_on_hold":null,"sold_today":null,"sales_last_days":null,"reserved_stock":null,"customer_returns":null,"warehouse_damage":null,"lost_in_post":null,"other_logs":null,"out_stock_days":null,"lost_sales":null,"has_location":null,"update_date":"2026-03-23T15:43:25","atum_locations":[],"atum_stock_status":"instock","restock_status":false,"low_stock_amount":"","sales_update_date":null,"calc_backorders":null,"_links":{"self":[{"href":"https:\/\/vizomix.hu\/en\/wp-json\/wp\/v2\/product\/7328","targetHints":{"allow":["GET"]}}],"collection":[{"href":"https:\/\/vizomix.hu\/en\/wp-json\/wp\/v2\/product"}],"about":[{"href":"https:\/\/vizomix.hu\/en\/wp-json\/wp\/v2\/types\/product"}],"replies":[{"embeddable":true,"href":"https:\/\/vizomix.hu\/en\/wp-json\/wp\/v2\/comments?post=7328"}],"wp:featuredmedia":[{"embeddable":true,"href":"https:\/\/vizomix.hu\/en\/wp-json\/wp\/v2\/media\/7317"}],"wp:attachment":[{"href":"https:\/\/vizomix.hu\/en\/wp-json\/wp\/v2\/media?parent=7328"}],"wp:term":[{"taxonomy":"product_brand","embeddable":true,"href":"https:\/\/vizomix.hu\/en\/wp-json\/wp\/v2\/product_brand?post=7328"},{"taxonomy":"product_cat","embeddable":true,"href":"https:\/\/vizomix.hu\/en\/wp-json\/wp\/v2\/product_cat?post=7328"},{"taxonomy":"product_tag","embeddable":true,"href":"https:\/\/vizomix.hu\/en\/wp-json\/wp\/v2\/product_tag?post=7328"}],"curies":[{"name":"wp","href":"https:\/\/api.w.org\/{rel}","templated":true}]}}