{"id":728,"date":"2026-02-10T20:28:17","date_gmt":"2026-02-10T19:28:17","guid":{"rendered":"https:\/\/vizomix.hu\/termek\/zara-garbos-rovid-ruha\/"},"modified":"2026-03-18T13:22:06","modified_gmt":"2026-03-18T12:22:06","slug":"zara-garbos-rovid-ruha-2","status":"publish","type":"product","link":"https:\/\/vizomix.hu\/en\/product\/zara-garbos-rovid-ruha-2\/","title":{"rendered":"Nike v\u00edzleperget\u0151s fut\u00f3kab\u00e1t"},"content":{"rendered":"<p>Nike v\u00edzleperget\u0151s r\u00f3zsasz\u00edn fut\u00f3kab\u00e1t<\/p>\n<p>Praktikus \u00e9s st\u00edlusos v\u00e1laszt\u00e1s akt\u00edv mindennapokra. Ez a Nike r\u00f3zsasz\u00edn fut\u00f3kab\u00e1t v\u00edzleperget\u0151 anyag\u00e1nak k\u00f6sz\u00f6nhet\u0151en v\u00e9delmet ny\u00fajt enyh\u00e9bb es\u0151ben is, mik\u00f6zben k\u00f6nny\u0171 \u00e9s k\u00e9nyelmes viselet marad.<\/p>\n<p>Sportos szab\u00e1sa szabad mozg\u00e1st biztos\u00edt, \u00edgy ide\u00e1lis fut\u00e1shoz, edz\u00e9shez vagy szabadt\u00e9ri aktivit\u00e1sokhoz. N\u0151ies sz\u00edn\u00e9vel friss, modern megjelen\u00e9st ad az edz\u0151s szetteknek.<\/p>","protected":false},"excerpt":{"rendered":"<p>Nike v\u00edzleperget\u0151s r\u00f3zsasz\u00edn fut\u00f3kab\u00e1t Praktikus \u00e9s st\u00edlusos v\u00e1laszt\u00e1s akt\u00edv mindennapokra. Ez a Nike r\u00f3zsasz\u00edn fut\u00f3kab\u00e1t v\u00edzleperget\u0151 anyag\u00e1nak k\u00f6sz\u00f6nhet\u0151en v\u00e9delmet ny\u00fajt<a class=\"read-more\" href=\"https:\/\/vizomix.hu\/en\/product\/zara-garbos-rovid-ruha-2\/\">Tov\u00e1bb<\/a><\/p>","protected":false},"featured_media":734,"comment_status":"open","ping_status":"closed","template":"","meta":[],"product_brand":[82],"product_cat":[35],"product_tag":[],"class_list":{"0":"post-728","1":"product","2":"type-product","3":"status-publish","4":"has-post-thumbnail","6":"product_brand-nike","7":"product_cat-atmeneti-kabatok","9":"first","10":"instock","11":"taxable","12":"shipping-taxable","13":"purchasable","14":"product-type-variable","15":"add-to-wishlist-before_add_to_cart"},"supplier_id":null,"supplier_sku":"","barcode":null,"atum_controlled":true,"out_stock_date":null,"out_stock_threshold":null,"inheritable":false,"inbound_stock":null,"stock_on_hold":0,"sold_today":0,"sales_last_days":0,"reserved_stock":null,"customer_returns":null,"warehouse_damage":null,"lost_in_post":null,"other_logs":null,"out_stock_days":0,"lost_sales":0,"has_location":null,"update_date":"2026-03-18T12:22:07","atum_locations":[],"atum_stock_status":"instock","restock_status":false,"low_stock_amount":"","sales_update_date":"2026-03-17T19:15:19","calc_backorders":null,"_links":{"self":[{"href":"https:\/\/vizomix.hu\/en\/wp-json\/wp\/v2\/product\/728","targetHints":{"allow":["GET"]}}],"collection":[{"href":"https:\/\/vizomix.hu\/en\/wp-json\/wp\/v2\/product"}],"about":[{"href":"https:\/\/vizomix.hu\/en\/wp-json\/wp\/v2\/types\/product"}],"replies":[{"embeddable":true,"href":"https:\/\/vizomix.hu\/en\/wp-json\/wp\/v2\/comments?post=728"}],"wp:featuredmedia":[{"embeddable":true,"href":"https:\/\/vizomix.hu\/en\/wp-json\/wp\/v2\/media\/734"}],"wp:attachment":[{"href":"https:\/\/vizomix.hu\/en\/wp-json\/wp\/v2\/media?parent=728"}],"wp:term":[{"taxonomy":"product_brand","embeddable":true,"href":"https:\/\/vizomix.hu\/en\/wp-json\/wp\/v2\/product_brand?post=728"},{"taxonomy":"product_cat","embeddable":true,"href":"https:\/\/vizomix.hu\/en\/wp-json\/wp\/v2\/product_cat?post=728"},{"taxonomy":"product_tag","embeddable":true,"href":"https:\/\/vizomix.hu\/en\/wp-json\/wp\/v2\/product_tag?post=728"}],"curies":[{"name":"wp","href":"https:\/\/api.w.org\/{rel}","templated":true}]}}