{"id":724,"date":"2026-02-10T20:24:50","date_gmt":"2026-02-10T19:24:50","guid":{"rendered":"https:\/\/vizomix.hu\/termek\/zara-blezerruha\/"},"modified":"2026-03-18T13:22:06","modified_gmt":"2026-03-18T12:22:06","slug":"zara-blezerruha","status":"publish","type":"product","link":"https:\/\/vizomix.hu\/en\/product\/zara-blezerruha\/","title":{"rendered":"Zara fekete bl\u00e9zerruha, gy\u00f6ngy gombokkal"},"content":{"rendered":"<p>Zara fekete bl\u00e9zerruha gy\u00f6ngy gombokkal<\/p>\n<p>Eleg\u00e1ns \u00e9s n\u0151ies darab, amely egyszerre klasszikus \u00e9s k\u00fcl\u00f6nleges. Ez a Zara fekete bl\u00e9zerruha letisztult szab\u00e1s\u00e1val \u00e9s kifinomult megjelen\u00e9s\u00e9vel t\u00f6k\u00e9letes v\u00e1laszt\u00e1s alkalmi viselethez.<\/p>\n<p>A gy\u00f6ngy gombok exkluz\u00edv, finom r\u00e9szletk\u00e9nt emelik ki a ruh\u00e1t, m\u00edg az el\u00f6l elhelyezett rejtett zsebek diszkr\u00e9ten \u00f6tv\u00f6zik a st\u00edlust a praktikummal. Ide\u00e1lis v\u00e1laszt\u00e1s eleg\u00e1ns esem\u00e9nyekre, esti programokra vagy alkalmi megjelen\u00e9shez.<br \/>\nM\u00e9retez\u00e9s: m\u00e9reth\u0171<\/p>","protected":false},"excerpt":{"rendered":"<p>Zara fekete bl\u00e9zerruha gy\u00f6ngy gombokkal Eleg\u00e1ns \u00e9s n\u0151ies darab, amely egyszerre klasszikus \u00e9s k\u00fcl\u00f6nleges. Ez a Zara fekete bl\u00e9zerruha letisztult<a class=\"read-more\" href=\"https:\/\/vizomix.hu\/en\/product\/zara-blezerruha\/\">Tov\u00e1bb<\/a><\/p>","protected":false},"featured_media":722,"comment_status":"open","ping_status":"closed","template":"","meta":[],"product_brand":[76],"product_cat":[34],"product_tag":[],"class_list":{"0":"post-724","1":"product","2":"type-product","3":"status-publish","4":"has-post-thumbnail","6":"product_brand-zara","7":"product_cat-rovid-ruhak-overalok","9":"first","10":"instock","11":"taxable","12":"shipping-taxable","13":"purchasable","14":"product-type-variable","15":"add-to-wishlist-before_add_to_cart"},"supplier_id":null,"supplier_sku":"","barcode":null,"atum_controlled":true,"out_stock_date":null,"out_stock_threshold":null,"inheritable":false,"inbound_stock":null,"stock_on_hold":0,"sold_today":0,"sales_last_days":0,"reserved_stock":null,"customer_returns":null,"warehouse_damage":null,"lost_in_post":null,"other_logs":null,"out_stock_days":0,"lost_sales":0,"has_location":null,"update_date":"2026-03-18T12:22:07","atum_locations":[],"atum_stock_status":"instock","restock_status":false,"low_stock_amount":"","sales_update_date":"2026-03-17T19:15:19","calc_backorders":null,"_links":{"self":[{"href":"https:\/\/vizomix.hu\/en\/wp-json\/wp\/v2\/product\/724","targetHints":{"allow":["GET"]}}],"collection":[{"href":"https:\/\/vizomix.hu\/en\/wp-json\/wp\/v2\/product"}],"about":[{"href":"https:\/\/vizomix.hu\/en\/wp-json\/wp\/v2\/types\/product"}],"replies":[{"embeddable":true,"href":"https:\/\/vizomix.hu\/en\/wp-json\/wp\/v2\/comments?post=724"}],"wp:featuredmedia":[{"embeddable":true,"href":"https:\/\/vizomix.hu\/en\/wp-json\/wp\/v2\/media\/722"}],"wp:attachment":[{"href":"https:\/\/vizomix.hu\/en\/wp-json\/wp\/v2\/media?parent=724"}],"wp:term":[{"taxonomy":"product_brand","embeddable":true,"href":"https:\/\/vizomix.hu\/en\/wp-json\/wp\/v2\/product_brand?post=724"},{"taxonomy":"product_cat","embeddable":true,"href":"https:\/\/vizomix.hu\/en\/wp-json\/wp\/v2\/product_cat?post=724"},{"taxonomy":"product_tag","embeddable":true,"href":"https:\/\/vizomix.hu\/en\/wp-json\/wp\/v2\/product_tag?post=724"}],"curies":[{"name":"wp","href":"https:\/\/api.w.org\/{rel}","templated":true}]}}