{"id":7236,"date":"2026-03-22T19:24:35","date_gmt":"2026-03-22T18:24:35","guid":{"rendered":"https:\/\/vizomix.hu\/termek\/zara-puderrozsaszin-flitteres-hosszu-ruha-pantos-kialakitassal\/"},"modified":"2026-03-22T21:01:06","modified_gmt":"2026-03-22T20:01:06","slug":"zara-puderrozsaszin-flitteres-hosszu-ruha-pantos-kialakitassal","status":"publish","type":"product","link":"https:\/\/vizomix.hu\/en\/product\/zara-puderrozsaszin-flitteres-hosszu-ruha-pantos-kialakitassal\/","title":{"rendered":"Zara p\u00faderr\u00f3zsasz\u00edn flitteres hossz\u00fa ruha p\u00e1ntos kialak\u00edt\u00e1ssal"},"content":{"rendered":"<p>Zara p\u00faderr\u00f3zsasz\u00edn flitteres hossz\u00fa ruha p\u00e1ntos kialak\u00edt\u00e1ssal<\/p>\n<p>Finom ragyog\u00e1s \u00e9s n\u0151ies elegancia egy darabban. A p\u00faderr\u00f3zsasz\u00edn \u00e1rnyalat \u00e9s a csillog\u00f3 flitterek k\u00fcl\u00f6nleges megjelen\u00e9st k\u00f6lcs\u00f6n\u00f6znek, m\u00edg a p\u00e1ntos, hossz\u00fa fazon kifinomult v\u00e1laszt\u00e1s alkalmi esem\u00e9nyekre.<\/p>","protected":false},"excerpt":{"rendered":"<p>Zara p\u00faderr\u00f3zsasz\u00edn flitteres hossz\u00fa ruha p\u00e1ntos kialak\u00edt\u00e1ssal Finom ragyog\u00e1s \u00e9s n\u0151ies elegancia egy darabban. A p\u00faderr\u00f3zsasz\u00edn \u00e1rnyalat \u00e9s a csillog\u00f3<a class=\"read-more\" href=\"https:\/\/vizomix.hu\/en\/product\/zara-puderrozsaszin-flitteres-hosszu-ruha-pantos-kialakitassal\/\">Tov\u00e1bb<\/a><\/p>","protected":false},"featured_media":7234,"comment_status":"open","ping_status":"closed","template":"","meta":[],"product_brand":[76],"product_cat":[33],"product_tag":[],"class_list":{"0":"post-7236","1":"product","2":"type-product","3":"status-publish","4":"has-post-thumbnail","6":"product_brand-zara","7":"product_cat-hosszu-ruhak-midi-ruhak-overalok","9":"first","10":"instock","11":"taxable","12":"shipping-taxable","13":"purchasable","14":"product-type-variable","15":"add-to-wishlist-before_add_to_cart"},"supplier_id":null,"supplier_sku":"","barcode":null,"atum_controlled":true,"out_stock_date":null,"out_stock_threshold":null,"inheritable":false,"inbound_stock":null,"stock_on_hold":null,"sold_today":null,"sales_last_days":null,"reserved_stock":null,"customer_returns":null,"warehouse_damage":null,"lost_in_post":null,"other_logs":null,"out_stock_days":null,"lost_sales":null,"has_location":null,"update_date":"2026-03-22T20:01:06","atum_locations":[],"atum_stock_status":"instock","restock_status":false,"low_stock_amount":"","sales_update_date":null,"calc_backorders":null,"_links":{"self":[{"href":"https:\/\/vizomix.hu\/en\/wp-json\/wp\/v2\/product\/7236","targetHints":{"allow":["GET"]}}],"collection":[{"href":"https:\/\/vizomix.hu\/en\/wp-json\/wp\/v2\/product"}],"about":[{"href":"https:\/\/vizomix.hu\/en\/wp-json\/wp\/v2\/types\/product"}],"replies":[{"embeddable":true,"href":"https:\/\/vizomix.hu\/en\/wp-json\/wp\/v2\/comments?post=7236"}],"wp:featuredmedia":[{"embeddable":true,"href":"https:\/\/vizomix.hu\/en\/wp-json\/wp\/v2\/media\/7234"}],"wp:attachment":[{"href":"https:\/\/vizomix.hu\/en\/wp-json\/wp\/v2\/media?parent=7236"}],"wp:term":[{"taxonomy":"product_brand","embeddable":true,"href":"https:\/\/vizomix.hu\/en\/wp-json\/wp\/v2\/product_brand?post=7236"},{"taxonomy":"product_cat","embeddable":true,"href":"https:\/\/vizomix.hu\/en\/wp-json\/wp\/v2\/product_cat?post=7236"},{"taxonomy":"product_tag","embeddable":true,"href":"https:\/\/vizomix.hu\/en\/wp-json\/wp\/v2\/product_tag?post=7236"}],"curies":[{"name":"wp","href":"https:\/\/api.w.org\/{rel}","templated":true}]}}