{"id":7215,"date":"2026-03-22T19:04:02","date_gmt":"2026-03-22T18:04:02","guid":{"rendered":"https:\/\/vizomix.hu\/termek\/zara-fekete-csinos-laza-nadrag-es-feloldalas-felso-szett\/"},"modified":"2026-03-22T21:05:02","modified_gmt":"2026-03-22T20:05:02","slug":"zara-fekete-csinos-laza-nadrag-es-feloldalas-felso-szett","status":"publish","type":"product","link":"https:\/\/vizomix.hu\/en\/product\/zara-fekete-csinos-laza-nadrag-es-feloldalas-felso-szett\/","title":{"rendered":"Zara fekete csinos laza nadr\u00e1g \u00e9s f\u00e9loldalas fels\u0151 SZETT"},"content":{"rendered":"<p>Letisztult elegancia modern csavarral. A laza szab\u00e1s\u00fa, csinos nadr\u00e1g \u00e9s a f\u00e9loldalas fels\u0151 k\u00fcl\u00f6nleges, m\u00e9gis harmonikus megjelen\u00e9st teremt, m\u00edg a sz\u00fcrke-fekete sz\u00ednvil\u00e1g id\u0151t\u00e1ll\u00f3 st\u00edlust biztos\u00edt b\u00e1rmely alkalomra.<br \/>\nM\u00e9retez\u00e9s: m\u00e9reth\u0171<\/p>","protected":false},"excerpt":{"rendered":"<p>Letisztult elegancia modern csavarral. A laza szab\u00e1s\u00fa, csinos nadr\u00e1g \u00e9s a f\u00e9loldalas fels\u0151 k\u00fcl\u00f6nleges, m\u00e9gis harmonikus megjelen\u00e9st teremt, m\u00edg a<a class=\"read-more\" href=\"https:\/\/vizomix.hu\/en\/product\/zara-fekete-csinos-laza-nadrag-es-feloldalas-felso-szett\/\">Tov\u00e1bb<\/a><\/p>","protected":false},"featured_media":7211,"comment_status":"open","ping_status":"closed","template":"","meta":[],"product_brand":[76],"product_cat":[30],"product_tag":[],"class_list":{"0":"post-7215","1":"product","2":"type-product","3":"status-publish","4":"has-post-thumbnail","6":"product_brand-zara","7":"product_cat-teljes-szettek","9":"first","10":"instock","11":"taxable","12":"shipping-taxable","13":"purchasable","14":"product-type-variable","15":"add-to-wishlist-before_add_to_cart"},"supplier_id":null,"supplier_sku":"","barcode":null,"atum_controlled":true,"out_stock_date":null,"out_stock_threshold":null,"inheritable":false,"inbound_stock":null,"stock_on_hold":null,"sold_today":null,"sales_last_days":null,"reserved_stock":null,"customer_returns":null,"warehouse_damage":null,"lost_in_post":null,"other_logs":null,"out_stock_days":null,"lost_sales":null,"has_location":null,"update_date":"2026-03-22T20:05:03","atum_locations":[],"atum_stock_status":"instock","restock_status":false,"low_stock_amount":"","sales_update_date":null,"calc_backorders":null,"_links":{"self":[{"href":"https:\/\/vizomix.hu\/en\/wp-json\/wp\/v2\/product\/7215","targetHints":{"allow":["GET"]}}],"collection":[{"href":"https:\/\/vizomix.hu\/en\/wp-json\/wp\/v2\/product"}],"about":[{"href":"https:\/\/vizomix.hu\/en\/wp-json\/wp\/v2\/types\/product"}],"replies":[{"embeddable":true,"href":"https:\/\/vizomix.hu\/en\/wp-json\/wp\/v2\/comments?post=7215"}],"wp:featuredmedia":[{"embeddable":true,"href":"https:\/\/vizomix.hu\/en\/wp-json\/wp\/v2\/media\/7211"}],"wp:attachment":[{"href":"https:\/\/vizomix.hu\/en\/wp-json\/wp\/v2\/media?parent=7215"}],"wp:term":[{"taxonomy":"product_brand","embeddable":true,"href":"https:\/\/vizomix.hu\/en\/wp-json\/wp\/v2\/product_brand?post=7215"},{"taxonomy":"product_cat","embeddable":true,"href":"https:\/\/vizomix.hu\/en\/wp-json\/wp\/v2\/product_cat?post=7215"},{"taxonomy":"product_tag","embeddable":true,"href":"https:\/\/vizomix.hu\/en\/wp-json\/wp\/v2\/product_tag?post=7215"}],"curies":[{"name":"wp","href":"https:\/\/api.w.org\/{rel}","templated":true}]}}