{"id":7209,"date":"2026-03-22T18:49:46","date_gmt":"2026-03-22T17:49:46","guid":{"rendered":"https:\/\/vizomix.hu\/termek\/zara-barna-muszorme-kabat-gombos-kialakitassal\/"},"modified":"2026-03-22T21:09:07","modified_gmt":"2026-03-22T20:09:07","slug":"zara-barna-muszorme-kabat-gombos-kialakitassal","status":"publish","type":"product","link":"https:\/\/vizomix.hu\/en\/product\/zara-barna-muszorme-kabat-gombos-kialakitassal\/","title":{"rendered":"Zara barna m\u0171sz\u0151rme kab\u00e1t gombos kialak\u00edt\u00e1ssal"},"content":{"rendered":"<p>Zara barna m\u0171sz\u0151rme kab\u00e1t gombos kialak\u00edt\u00e1ssal<\/p>\n<p>Puha tapint\u00e1s \u00e9s meleg, st\u00edlusos megjelen\u00e9s egyben. A hossz\u00fa ujj\u00fa, el\u00f6l gombos kialak\u00edt\u00e1s praktikus \u00e9s id\u0151t\u00e1ll\u00f3, m\u00edg a barna m\u0171sz\u0151rme eleg\u00e1ns, m\u00e9gis k\u00e9nyelmes viseletet biztos\u00edt a h\u0171v\u00f6sebb napokon.<br \/>\nM\u00e9retez\u00e9s: m\u00e9reth\u0171<\/p>","protected":false},"excerpt":{"rendered":"<p>Zara barna m\u0171sz\u0151rme kab\u00e1t gombos kialak\u00edt\u00e1ssal Puha tapint\u00e1s \u00e9s meleg, st\u00edlusos megjelen\u00e9s egyben. A hossz\u00fa ujj\u00fa, el\u00f6l gombos kialak\u00edt\u00e1s praktikus<a class=\"read-more\" href=\"https:\/\/vizomix.hu\/en\/product\/zara-barna-muszorme-kabat-gombos-kialakitassal\/\">Tov\u00e1bb<\/a><\/p>","protected":false},"featured_media":7205,"comment_status":"open","ping_status":"closed","template":"","meta":[],"product_brand":[76],"product_cat":[35],"product_tag":[],"class_list":{"0":"post-7209","1":"product","2":"type-product","3":"status-publish","4":"has-post-thumbnail","6":"product_brand-zara","7":"product_cat-atmeneti-kabatok","9":"first","10":"instock","11":"taxable","12":"shipping-taxable","13":"purchasable","14":"product-type-variable","15":"add-to-wishlist-before_add_to_cart"},"supplier_id":null,"supplier_sku":"","barcode":null,"atum_controlled":true,"out_stock_date":null,"out_stock_threshold":null,"inheritable":false,"inbound_stock":null,"stock_on_hold":null,"sold_today":null,"sales_last_days":null,"reserved_stock":null,"customer_returns":null,"warehouse_damage":null,"lost_in_post":null,"other_logs":null,"out_stock_days":null,"lost_sales":null,"has_location":null,"update_date":"2026-03-22T20:09:07","atum_locations":[],"atum_stock_status":"instock","restock_status":false,"low_stock_amount":"","sales_update_date":null,"calc_backorders":null,"_links":{"self":[{"href":"https:\/\/vizomix.hu\/en\/wp-json\/wp\/v2\/product\/7209","targetHints":{"allow":["GET"]}}],"collection":[{"href":"https:\/\/vizomix.hu\/en\/wp-json\/wp\/v2\/product"}],"about":[{"href":"https:\/\/vizomix.hu\/en\/wp-json\/wp\/v2\/types\/product"}],"replies":[{"embeddable":true,"href":"https:\/\/vizomix.hu\/en\/wp-json\/wp\/v2\/comments?post=7209"}],"wp:featuredmedia":[{"embeddable":true,"href":"https:\/\/vizomix.hu\/en\/wp-json\/wp\/v2\/media\/7205"}],"wp:attachment":[{"href":"https:\/\/vizomix.hu\/en\/wp-json\/wp\/v2\/media?parent=7209"}],"wp:term":[{"taxonomy":"product_brand","embeddable":true,"href":"https:\/\/vizomix.hu\/en\/wp-json\/wp\/v2\/product_brand?post=7209"},{"taxonomy":"product_cat","embeddable":true,"href":"https:\/\/vizomix.hu\/en\/wp-json\/wp\/v2\/product_cat?post=7209"},{"taxonomy":"product_tag","embeddable":true,"href":"https:\/\/vizomix.hu\/en\/wp-json\/wp\/v2\/product_tag?post=7209"}],"curies":[{"name":"wp","href":"https:\/\/api.w.org\/{rel}","templated":true}]}}