{"id":7202,"date":"2026-03-22T18:36:49","date_gmt":"2026-03-22T17:36:49","guid":{"rendered":"https:\/\/vizomix.hu\/termek\/zara-szines-nadrag-es-crop-felso-szett\/"},"modified":"2026-03-22T21:10:16","modified_gmt":"2026-03-22T20:10:16","slug":"zara-szines-nadrag-es-crop-felso-szett","status":"publish","type":"product","link":"https:\/\/vizomix.hu\/en\/product\/zara-szines-nadrag-es-crop-felso-szett\/","title":{"rendered":"Zara sz\u00ednes nadr\u00e1g \u00e9s crop fels\u0151 szett"},"content":{"rendered":"<p>Zara sz\u00ednes nadr\u00e1g \u00e9s crop fels\u0151 szett<\/p>\n<p>Modern, \u00f6sszehangolt megjelen\u00e9s k\u00f6nnyed st\u00edlusban. A hossz\u00fa, egyenes sz\u00e1r\u00fa nadr\u00e1g \u00e9s a hozz\u00e1 ill\u0151 crop fels\u0151 harmonikus egys\u00e9get alkot, m\u00edg a sz\u00ednes design friss, lend\u00fcletes megjelen\u00e9st k\u00f6lcs\u00f6n\u00f6z a mindennapokra vagy alkalmi viselethez.<br \/>\nA nadr\u00e1g a der\u00e9k h\u00e1ts\u00f3 r\u00e9sz\u00e9n gumis kialak\u00edt\u00e1s tal\u00e1lhat\u00f3.<br \/>\nM\u00e9retez\u00e9s: m\u00e9reth\u0171<\/p>","protected":false},"excerpt":{"rendered":"<p>Zara sz\u00ednes nadr\u00e1g \u00e9s crop fels\u0151 szett Modern, \u00f6sszehangolt megjelen\u00e9s k\u00f6nnyed st\u00edlusban. A hossz\u00fa, egyenes sz\u00e1r\u00fa nadr\u00e1g \u00e9s a hozz\u00e1<a class=\"read-more\" href=\"https:\/\/vizomix.hu\/en\/product\/zara-szines-nadrag-es-crop-felso-szett\/\">Tov\u00e1bb<\/a><\/p>","protected":false},"featured_media":7192,"comment_status":"open","ping_status":"closed","template":"","meta":[],"product_brand":[76],"product_cat":[30],"product_tag":[],"class_list":{"0":"post-7202","1":"product","2":"type-product","3":"status-publish","4":"has-post-thumbnail","6":"product_brand-zara","7":"product_cat-teljes-szettek","9":"first","10":"instock","11":"taxable","12":"shipping-taxable","13":"purchasable","14":"product-type-variable","15":"add-to-wishlist-before_add_to_cart"},"supplier_id":null,"supplier_sku":"","barcode":null,"atum_controlled":true,"out_stock_date":null,"out_stock_threshold":null,"inheritable":false,"inbound_stock":null,"stock_on_hold":null,"sold_today":null,"sales_last_days":null,"reserved_stock":null,"customer_returns":null,"warehouse_damage":null,"lost_in_post":null,"other_logs":null,"out_stock_days":null,"lost_sales":null,"has_location":null,"update_date":"2026-03-22T20:10:16","atum_locations":[],"atum_stock_status":"instock","restock_status":false,"low_stock_amount":"","sales_update_date":null,"calc_backorders":null,"_links":{"self":[{"href":"https:\/\/vizomix.hu\/en\/wp-json\/wp\/v2\/product\/7202","targetHints":{"allow":["GET"]}}],"collection":[{"href":"https:\/\/vizomix.hu\/en\/wp-json\/wp\/v2\/product"}],"about":[{"href":"https:\/\/vizomix.hu\/en\/wp-json\/wp\/v2\/types\/product"}],"replies":[{"embeddable":true,"href":"https:\/\/vizomix.hu\/en\/wp-json\/wp\/v2\/comments?post=7202"}],"wp:featuredmedia":[{"embeddable":true,"href":"https:\/\/vizomix.hu\/en\/wp-json\/wp\/v2\/media\/7192"}],"wp:attachment":[{"href":"https:\/\/vizomix.hu\/en\/wp-json\/wp\/v2\/media?parent=7202"}],"wp:term":[{"taxonomy":"product_brand","embeddable":true,"href":"https:\/\/vizomix.hu\/en\/wp-json\/wp\/v2\/product_brand?post=7202"},{"taxonomy":"product_cat","embeddable":true,"href":"https:\/\/vizomix.hu\/en\/wp-json\/wp\/v2\/product_cat?post=7202"},{"taxonomy":"product_tag","embeddable":true,"href":"https:\/\/vizomix.hu\/en\/wp-json\/wp\/v2\/product_tag?post=7202"}],"curies":[{"name":"wp","href":"https:\/\/api.w.org\/{rel}","templated":true}]}}