{"id":716,"date":"2026-02-10T20:18:08","date_gmt":"2026-02-10T19:18:08","guid":{"rendered":"https:\/\/vizomix.hu\/termek\/zara-hosszu-ruha-4\/"},"modified":"2026-03-18T13:22:06","modified_gmt":"2026-03-18T12:22:06","slug":"zara-hosszu-ruha-4","status":"publish","type":"product","link":"https:\/\/vizomix.hu\/en\/product\/zara-hosszu-ruha-4\/","title":{"rendered":"Zara z\u00f6ld hossz\u00fa eleg\u00e1ns ruha"},"content":{"rendered":"<p>Zara z\u00f6ld hossz\u00fa eleg\u00e1ns ruha sz\u0171k\u00edtett der\u00e9kr\u00e9sszel<\/p>\n<p>Letisztult \u00e9s n\u0151ies v\u00e1laszt\u00e1s eleg\u00e1ns alkalmakra. Ez a Zara z\u00f6ld, hossz\u00fa ruha karcs\u00fas\u00edtott der\u00e9kr\u00e9sz\u00e9nek k\u00f6sz\u00f6nhet\u0151en sz\u00e9pen hangs\u00falyozza az alakot, mik\u00f6zben kifinomult megjelen\u00e9st biztos\u00edt.<\/p>\n<p>A h\u00e1t\u00e1n elhelyezett felv\u00e1gott slicc eleg\u00e1ns mozg\u00e1sszabads\u00e1got ad, \u00e9s egyben finom, n\u0151ies r\u00e9szletk\u00e9nt teszi k\u00fcl\u00f6nlegess\u00e9 a darabot. T\u00f6k\u00e9letes v\u00e1laszt\u00e1s alkalmakra, esti programokra vagy eleg\u00e1ns megjelen\u00e9st ig\u00e9nyl\u0151 esem\u00e9nyekre.<br \/>\nM\u00e9retez\u00e9s: m\u00e9reth\u0171<\/p>","protected":false},"excerpt":{"rendered":"<p>Zara z\u00f6ld hossz\u00fa eleg\u00e1ns ruha sz\u0171k\u00edtett der\u00e9kr\u00e9sszel Letisztult \u00e9s n\u0151ies v\u00e1laszt\u00e1s eleg\u00e1ns alkalmakra. Ez a Zara z\u00f6ld, hossz\u00fa ruha karcs\u00fas\u00edtott<a class=\"read-more\" href=\"https:\/\/vizomix.hu\/en\/product\/zara-hosszu-ruha-4\/\">Tov\u00e1bb<\/a><\/p>","protected":false},"featured_media":712,"comment_status":"open","ping_status":"closed","template":"","meta":[],"product_brand":[76],"product_cat":[33],"product_tag":[],"class_list":{"0":"post-716","1":"product","2":"type-product","3":"status-publish","4":"has-post-thumbnail","6":"product_brand-zara","7":"product_cat-hosszu-ruhak-midi-ruhak-overalok","9":"first","10":"instock","11":"taxable","12":"shipping-taxable","13":"purchasable","14":"product-type-variable","15":"add-to-wishlist-before_add_to_cart"},"supplier_id":null,"supplier_sku":"","barcode":null,"atum_controlled":true,"out_stock_date":null,"out_stock_threshold":null,"inheritable":false,"inbound_stock":null,"stock_on_hold":0,"sold_today":0,"sales_last_days":0,"reserved_stock":null,"customer_returns":null,"warehouse_damage":null,"lost_in_post":null,"other_logs":null,"out_stock_days":0,"lost_sales":0,"has_location":null,"update_date":"2026-03-18T12:22:07","atum_locations":[],"atum_stock_status":"instock","restock_status":false,"low_stock_amount":"","sales_update_date":"2026-03-17T19:15:19","calc_backorders":null,"_links":{"self":[{"href":"https:\/\/vizomix.hu\/en\/wp-json\/wp\/v2\/product\/716","targetHints":{"allow":["GET"]}}],"collection":[{"href":"https:\/\/vizomix.hu\/en\/wp-json\/wp\/v2\/product"}],"about":[{"href":"https:\/\/vizomix.hu\/en\/wp-json\/wp\/v2\/types\/product"}],"replies":[{"embeddable":true,"href":"https:\/\/vizomix.hu\/en\/wp-json\/wp\/v2\/comments?post=716"}],"wp:featuredmedia":[{"embeddable":true,"href":"https:\/\/vizomix.hu\/en\/wp-json\/wp\/v2\/media\/712"}],"wp:attachment":[{"href":"https:\/\/vizomix.hu\/en\/wp-json\/wp\/v2\/media?parent=716"}],"wp:term":[{"taxonomy":"product_brand","embeddable":true,"href":"https:\/\/vizomix.hu\/en\/wp-json\/wp\/v2\/product_brand?post=716"},{"taxonomy":"product_cat","embeddable":true,"href":"https:\/\/vizomix.hu\/en\/wp-json\/wp\/v2\/product_cat?post=716"},{"taxonomy":"product_tag","embeddable":true,"href":"https:\/\/vizomix.hu\/en\/wp-json\/wp\/v2\/product_tag?post=716"}],"curies":[{"name":"wp","href":"https:\/\/api.w.org\/{rel}","templated":true}]}}