{"id":7157,"date":"2026-03-22T17:40:46","date_gmt":"2026-03-22T16:40:46","guid":{"rendered":"https:\/\/vizomix.hu\/termek\/zara-narancssarga-mintas-szaten-palazzo-nadrag\/"},"modified":"2026-03-22T21:30:45","modified_gmt":"2026-03-22T20:30:45","slug":"zara-narancssarga-mintas-szaten-palazzo-nadrag","status":"publish","type":"product","link":"https:\/\/vizomix.hu\/en\/product\/zara-narancssarga-mintas-szaten-palazzo-nadrag\/","title":{"rendered":"Zara narancss\u00e1rga mint\u00e1s szat\u00e9n palazzo nadr\u00e1g"},"content":{"rendered":"<p>Zara narancss\u00e1rga mint\u00e1s szat\u00e9n palazzo nadr\u00e1g<\/p>\n<p>L\u00e1tv\u00e1nyos megjelen\u00e9s \u00e9s k\u00f6nnyed elegancia tal\u00e1lkoz\u00e1sa. A selymes tapint\u00e1s\u00fa szat\u00e9n anyag \u00e9s a karakteres narancss\u00e1rga minta modern, n\u0151ies st\u00edlust teremt, m\u00edg a palazzo szab\u00e1s szabad mozg\u00e1st \u00e9s l\u00e9gies viseletet biztos\u00edt.<br \/>\nM\u00e9retez\u00e9s: m\u00e9reth\u0171 (gumis der\u00e9k)<\/p>","protected":false},"excerpt":{"rendered":"<p>Zara narancss\u00e1rga mint\u00e1s szat\u00e9n palazzo nadr\u00e1g L\u00e1tv\u00e1nyos megjelen\u00e9s \u00e9s k\u00f6nnyed elegancia tal\u00e1lkoz\u00e1sa. A selymes tapint\u00e1s\u00fa szat\u00e9n anyag \u00e9s a karakteres<a class=\"read-more\" href=\"https:\/\/vizomix.hu\/en\/product\/zara-narancssarga-mintas-szaten-palazzo-nadrag\/\">Tov\u00e1bb<\/a><\/p>","protected":false},"featured_media":7154,"comment_status":"open","ping_status":"closed","template":"","meta":[],"product_brand":[76],"product_cat":[41],"product_tag":[],"class_list":{"0":"post-7157","1":"product","2":"type-product","3":"status-publish","4":"has-post-thumbnail","6":"product_brand-zara","7":"product_cat-hosszu-nadragok","9":"first","10":"instock","11":"taxable","12":"shipping-taxable","13":"purchasable","14":"product-type-variable","15":"add-to-wishlist-before_add_to_cart"},"supplier_id":null,"supplier_sku":"","barcode":null,"atum_controlled":true,"out_stock_date":null,"out_stock_threshold":null,"inheritable":false,"inbound_stock":null,"stock_on_hold":null,"sold_today":null,"sales_last_days":null,"reserved_stock":null,"customer_returns":null,"warehouse_damage":null,"lost_in_post":null,"other_logs":null,"out_stock_days":null,"lost_sales":null,"has_location":null,"update_date":"2026-03-22T20:30:45","atum_locations":[],"atum_stock_status":"instock","restock_status":false,"low_stock_amount":"","sales_update_date":null,"calc_backorders":null,"_links":{"self":[{"href":"https:\/\/vizomix.hu\/en\/wp-json\/wp\/v2\/product\/7157","targetHints":{"allow":["GET"]}}],"collection":[{"href":"https:\/\/vizomix.hu\/en\/wp-json\/wp\/v2\/product"}],"about":[{"href":"https:\/\/vizomix.hu\/en\/wp-json\/wp\/v2\/types\/product"}],"replies":[{"embeddable":true,"href":"https:\/\/vizomix.hu\/en\/wp-json\/wp\/v2\/comments?post=7157"}],"wp:featuredmedia":[{"embeddable":true,"href":"https:\/\/vizomix.hu\/en\/wp-json\/wp\/v2\/media\/7154"}],"wp:attachment":[{"href":"https:\/\/vizomix.hu\/en\/wp-json\/wp\/v2\/media?parent=7157"}],"wp:term":[{"taxonomy":"product_brand","embeddable":true,"href":"https:\/\/vizomix.hu\/en\/wp-json\/wp\/v2\/product_brand?post=7157"},{"taxonomy":"product_cat","embeddable":true,"href":"https:\/\/vizomix.hu\/en\/wp-json\/wp\/v2\/product_cat?post=7157"},{"taxonomy":"product_tag","embeddable":true,"href":"https:\/\/vizomix.hu\/en\/wp-json\/wp\/v2\/product_tag?post=7157"}],"curies":[{"name":"wp","href":"https:\/\/api.w.org\/{rel}","templated":true}]}}