{"id":7098,"date":"2026-03-22T16:16:11","date_gmt":"2026-03-22T15:16:11","guid":{"rendered":"https:\/\/vizomix.hu\/termek\/zara-kek-feher-mintas-nyari-ruha-v-kivagassal\/"},"modified":"2026-03-22T21:33:49","modified_gmt":"2026-03-22T20:33:49","slug":"zara-kek-feher-mintas-nyari-ruha-v-kivagassal","status":"publish","type":"product","link":"https:\/\/vizomix.hu\/en\/product\/zara-kek-feher-mintas-nyari-ruha-v-kivagassal\/","title":{"rendered":"Zara k\u00e9k feh\u00e9r mint\u00e1s ny\u00e1ri ruha V-kiv\u00e1g\u00e1ssal"},"content":{"rendered":"<p>Zara mint\u00e1s ny\u00e1ri ruha V-kiv\u00e1g\u00e1ssal<\/p>\n<p>L\u00e9gies es\u00e9s, finom k\u00e9k-feh\u00e9r minta \u00e9s n\u0151ies V-kiv\u00e1g\u00e1s \u2013 ez a Zara ruha kifinomult v\u00e1laszt\u00e1s a ny\u00e1ri napokra. K\u00f6nnyed elegancia minden alkalomra.<br \/>\nM\u00e9retez\u00e9s: m\u00e9reth\u0171<\/p>","protected":false},"excerpt":{"rendered":"<p>Zara mint\u00e1s ny\u00e1ri ruha V-kiv\u00e1g\u00e1ssal L\u00e9gies es\u00e9s, finom k\u00e9k-feh\u00e9r minta \u00e9s n\u0151ies V-kiv\u00e1g\u00e1s \u2013 ez a Zara ruha kifinomult v\u00e1laszt\u00e1s<a class=\"read-more\" href=\"https:\/\/vizomix.hu\/en\/product\/zara-kek-feher-mintas-nyari-ruha-v-kivagassal\/\">Tov\u00e1bb<\/a><\/p>","protected":false},"featured_media":7092,"comment_status":"open","ping_status":"closed","template":"","meta":[],"product_brand":[76],"product_cat":[34],"product_tag":[],"class_list":{"0":"post-7098","1":"product","2":"type-product","3":"status-publish","4":"has-post-thumbnail","6":"product_brand-zara","7":"product_cat-rovid-ruhak-overalok","9":"first","10":"instock","11":"taxable","12":"shipping-taxable","13":"purchasable","14":"product-type-variable","15":"add-to-wishlist-before_add_to_cart"},"supplier_id":null,"supplier_sku":"","barcode":null,"atum_controlled":true,"out_stock_date":null,"out_stock_threshold":null,"inheritable":false,"inbound_stock":null,"stock_on_hold":null,"sold_today":null,"sales_last_days":null,"reserved_stock":null,"customer_returns":null,"warehouse_damage":null,"lost_in_post":null,"other_logs":null,"out_stock_days":null,"lost_sales":null,"has_location":null,"update_date":"2026-03-22T20:33:49","atum_locations":[],"atum_stock_status":"instock","restock_status":false,"low_stock_amount":"","sales_update_date":null,"calc_backorders":null,"_links":{"self":[{"href":"https:\/\/vizomix.hu\/en\/wp-json\/wp\/v2\/product\/7098","targetHints":{"allow":["GET"]}}],"collection":[{"href":"https:\/\/vizomix.hu\/en\/wp-json\/wp\/v2\/product"}],"about":[{"href":"https:\/\/vizomix.hu\/en\/wp-json\/wp\/v2\/types\/product"}],"replies":[{"embeddable":true,"href":"https:\/\/vizomix.hu\/en\/wp-json\/wp\/v2\/comments?post=7098"}],"wp:featuredmedia":[{"embeddable":true,"href":"https:\/\/vizomix.hu\/en\/wp-json\/wp\/v2\/media\/7092"}],"wp:attachment":[{"href":"https:\/\/vizomix.hu\/en\/wp-json\/wp\/v2\/media?parent=7098"}],"wp:term":[{"taxonomy":"product_brand","embeddable":true,"href":"https:\/\/vizomix.hu\/en\/wp-json\/wp\/v2\/product_brand?post=7098"},{"taxonomy":"product_cat","embeddable":true,"href":"https:\/\/vizomix.hu\/en\/wp-json\/wp\/v2\/product_cat?post=7098"},{"taxonomy":"product_tag","embeddable":true,"href":"https:\/\/vizomix.hu\/en\/wp-json\/wp\/v2\/product_tag?post=7098"}],"curies":[{"name":"wp","href":"https:\/\/api.w.org\/{rel}","templated":true}]}}