{"id":7039,"date":"2026-03-20T12:36:24","date_gmt":"2026-03-20T11:36:24","guid":{"rendered":"https:\/\/vizomix.hu\/termek\/zara-naracssarga-mintas-szaten-top-palazzo-nadrag-szett\/"},"modified":"2026-03-28T11:26:32","modified_gmt":"2026-03-28T10:26:32","slug":"zara-naracssarga-mintas-szaten-top-palazzo-nadrag-szett","status":"publish","type":"product","link":"https:\/\/vizomix.hu\/en\/product\/zara-naracssarga-mintas-szaten-top-palazzo-nadrag-szett\/","title":{"rendered":"Zara naracss\u00e1rga mint\u00e1s szat\u00e9n top+ palazzo nadr\u00e1g szett"},"content":{"rendered":"<p>Zara narancss\u00e1rga mint\u00e1s szat\u00e9n szett \u2013 top \u00e9s palazzo nadr\u00e1g<\/p>\n<p>L\u00e1tv\u00e1nyos Zara n\u0151i szett narancss\u00e1rga mint\u00e1s kivitelben, eleg\u00e1ns szat\u00e9n anyagb\u00f3l. A szett egy k\u00f6nny\u0171 topb\u00f3l \u00e9s b\u0151 sz\u00e1r\u00fa palazzo nadr\u00e1gb\u00f3l \u00e1ll, amely k\u00e9nyelmes \u00e9s l\u00e9gies viseletet biztos\u00edt. St\u00edlusos v\u00e1laszt\u00e1s ny\u00e1ri outfitekhez, alkalmakra vagy k\u00fcl\u00f6nleges megjelen\u00e9shez.<br \/>\nFels\u0151: M (k\u00f6t\u0151s, k\u00fcl\u00f6n p\u00e1nt is van hozz\u00e1)<br \/>\nNadr\u00e1g: M (gumis dere\u00e9k r\u00e9sz)<\/p>\n<p>M\u00e9retez\u00e9s: m\u00e9reth\u0171<\/p>","protected":false},"excerpt":{"rendered":"<p>Zara narancss\u00e1rga mint\u00e1s szat\u00e9n szett \u2013 top \u00e9s palazzo nadr\u00e1g L\u00e1tv\u00e1nyos Zara n\u0151i szett narancss\u00e1rga mint\u00e1s kivitelben, eleg\u00e1ns szat\u00e9n anyagb\u00f3l.<a class=\"read-more\" href=\"https:\/\/vizomix.hu\/en\/product\/zara-naracssarga-mintas-szaten-top-palazzo-nadrag-szett\/\">Tov\u00e1bb<\/a><\/p>","protected":false},"featured_media":7146,"comment_status":"open","ping_status":"closed","template":"","meta":[],"product_brand":[76],"product_cat":[30],"product_tag":[],"class_list":{"0":"post-7039","1":"product","2":"type-product","3":"status-publish","4":"has-post-thumbnail","6":"product_brand-zara","7":"product_cat-teljes-szettek","9":"first","10":"instock","11":"taxable","12":"shipping-taxable","13":"purchasable","14":"product-type-variable","15":"add-to-wishlist-before_add_to_cart"},"supplier_id":null,"supplier_sku":"","barcode":null,"atum_controlled":true,"out_stock_date":null,"out_stock_threshold":null,"inheritable":true,"inbound_stock":null,"stock_on_hold":null,"sold_today":null,"sales_last_days":null,"reserved_stock":null,"customer_returns":null,"warehouse_damage":null,"lost_in_post":null,"other_logs":null,"out_stock_days":null,"lost_sales":null,"has_location":false,"update_date":"2026-03-28T10:26:32","atum_locations":[],"atum_stock_status":"instock","restock_status":false,"low_stock_amount":"","sales_update_date":null,"calc_backorders":null,"_links":{"self":[{"href":"https:\/\/vizomix.hu\/en\/wp-json\/wp\/v2\/product\/7039","targetHints":{"allow":["GET"]}}],"collection":[{"href":"https:\/\/vizomix.hu\/en\/wp-json\/wp\/v2\/product"}],"about":[{"href":"https:\/\/vizomix.hu\/en\/wp-json\/wp\/v2\/types\/product"}],"replies":[{"embeddable":true,"href":"https:\/\/vizomix.hu\/en\/wp-json\/wp\/v2\/comments?post=7039"}],"wp:featuredmedia":[{"embeddable":true,"href":"https:\/\/vizomix.hu\/en\/wp-json\/wp\/v2\/media\/7146"}],"wp:attachment":[{"href":"https:\/\/vizomix.hu\/en\/wp-json\/wp\/v2\/media?parent=7039"}],"wp:term":[{"taxonomy":"product_brand","embeddable":true,"href":"https:\/\/vizomix.hu\/en\/wp-json\/wp\/v2\/product_brand?post=7039"},{"taxonomy":"product_cat","embeddable":true,"href":"https:\/\/vizomix.hu\/en\/wp-json\/wp\/v2\/product_cat?post=7039"},{"taxonomy":"product_tag","embeddable":true,"href":"https:\/\/vizomix.hu\/en\/wp-json\/wp\/v2\/product_tag?post=7039"}],"curies":[{"name":"wp","href":"https:\/\/api.w.org\/{rel}","templated":true}]}}