{"id":703,"date":"2026-02-10T20:11:01","date_gmt":"2026-02-10T19:11:01","guid":{"rendered":"https:\/\/vizomix.hu\/termek\/zara-hosszu-ingruha\/"},"modified":"2026-03-28T11:20:53","modified_gmt":"2026-03-28T10:20:53","slug":"zara-hosszu-ingruha","status":"publish","type":"product","link":"https:\/\/vizomix.hu\/en\/product\/zara-hosszu-ingruha\/","title":{"rendered":"Zara \u00e9l\u00e9nk r\u00f3zsasz\u00edn\/piros l\u00e1nc mint\u00e1s szat\u00e9n hossz\u00fa ingruha \u00f6vvel"},"content":{"rendered":"<p>Zara \u00e9l\u00e9nk r\u00f3zsasz\u00edn\/piros l\u00e1nc mint\u00e1s szat\u00e9n hossz\u00fa ingruha \u00f6vvel<\/p>\n<p>Eleg\u00e1ns \u00e9s felt\u0171n\u0151 darab, amely egyszerre n\u0151ies \u00e9s modern. Ez a Zara r\u00f3zsasz\u00edn\u2013piros l\u00e1nc mint\u00e1s, szat\u00e9n anyag\u00fa hossz\u00fa ingruha finoman f\u00e9nyl\u0151 fel\u00fclet\u00e9vel k\u00fcl\u00f6nleges megjelen\u00e9st biztos\u00edt.<\/p>\n<p>A gumis der\u00e9kr\u00e9sz \u00e9s az \u00f6v egy\u00fctt gondoskodik a k\u00e9nyelmes, m\u00e9gis alakkiemel\u0151 illeszked\u00e9sr\u0151l. A mellr\u00e9szen elhelyezett rejtett zsebek praktikusak \u00e9s diszkr\u00e9tek, tov\u00e1bb fokozva a ruha letisztult st\u00edlus\u00e1t. Ide\u00e1lis v\u00e1laszt\u00e1s eleg\u00e1ns h\u00e9tk\u00f6znapokra, vacsor\u00e1khoz vagy alkalmi megjelen\u00e9shez is.<br \/>\nM\u00e9retez\u00e9s: m\u00e9reth\u0171<\/p>","protected":false},"excerpt":{"rendered":"<p>Zara \u00e9l\u00e9nk r\u00f3zsasz\u00edn\/piros l\u00e1nc mint\u00e1s szat\u00e9n hossz\u00fa ingruha \u00f6vvel Eleg\u00e1ns \u00e9s felt\u0171n\u0151 darab, amely egyszerre n\u0151ies \u00e9s modern. Ez a<a class=\"read-more\" href=\"https:\/\/vizomix.hu\/en\/product\/zara-hosszu-ingruha\/\">Tov\u00e1bb<\/a><\/p>","protected":false},"featured_media":7791,"comment_status":"open","ping_status":"closed","template":"","meta":[],"product_brand":[76],"product_cat":[33],"product_tag":[],"class_list":{"0":"post-703","1":"product","2":"type-product","3":"status-publish","4":"has-post-thumbnail","6":"product_brand-zara","7":"product_cat-hosszu-ruhak-midi-ruhak-overalok","9":"first","10":"instock","11":"featured","12":"taxable","13":"shipping-taxable","14":"purchasable","15":"product-type-variable","16":"add-to-wishlist-before_add_to_cart"},"supplier_id":null,"supplier_sku":"","barcode":null,"atum_controlled":true,"out_stock_date":null,"out_stock_threshold":null,"inheritable":false,"inbound_stock":null,"stock_on_hold":0,"sold_today":0,"sales_last_days":0,"reserved_stock":null,"customer_returns":null,"warehouse_damage":null,"lost_in_post":null,"other_logs":null,"out_stock_days":0,"lost_sales":0,"has_location":null,"update_date":"2026-03-28T10:20:54","atum_locations":[],"atum_stock_status":"instock","restock_status":false,"low_stock_amount":"","sales_update_date":"2026-03-17T19:15:19","calc_backorders":null,"_links":{"self":[{"href":"https:\/\/vizomix.hu\/en\/wp-json\/wp\/v2\/product\/703","targetHints":{"allow":["GET"]}}],"collection":[{"href":"https:\/\/vizomix.hu\/en\/wp-json\/wp\/v2\/product"}],"about":[{"href":"https:\/\/vizomix.hu\/en\/wp-json\/wp\/v2\/types\/product"}],"replies":[{"embeddable":true,"href":"https:\/\/vizomix.hu\/en\/wp-json\/wp\/v2\/comments?post=703"}],"wp:featuredmedia":[{"embeddable":true,"href":"https:\/\/vizomix.hu\/en\/wp-json\/wp\/v2\/media\/7791"}],"wp:attachment":[{"href":"https:\/\/vizomix.hu\/en\/wp-json\/wp\/v2\/media?parent=703"}],"wp:term":[{"taxonomy":"product_brand","embeddable":true,"href":"https:\/\/vizomix.hu\/en\/wp-json\/wp\/v2\/product_brand?post=703"},{"taxonomy":"product_cat","embeddable":true,"href":"https:\/\/vizomix.hu\/en\/wp-json\/wp\/v2\/product_cat?post=703"},{"taxonomy":"product_tag","embeddable":true,"href":"https:\/\/vizomix.hu\/en\/wp-json\/wp\/v2\/product_tag?post=703"}],"curies":[{"name":"wp","href":"https:\/\/api.w.org\/{rel}","templated":true}]}}