{"id":694,"date":"2026-02-10T20:02:09","date_gmt":"2026-02-10T19:02:09","guid":{"rendered":"https:\/\/vizomix.hu\/termek\/zara-hosszu-overal\/"},"modified":"2026-03-18T13:22:06","modified_gmt":"2026-03-18T12:22:06","slug":"zara-hosszu-overal","status":"publish","type":"product","link":"https:\/\/vizomix.hu\/en\/product\/zara-hosszu-overal\/","title":{"rendered":"Zara vir\u00e1gmint\u00e1s hossz\u00fa over\u00e1ll"},"content":{"rendered":"<p>Zara vir\u00e1gmint\u00e1s hossz\u00fa over\u00e1l, derek\u00e1n \u00e1ll\u00edthat\u00f3 m\u00e9rettel<\/p>\n<p>N\u0151ies \u00e9s k\u00e9nyelmes darab a melegebb napokra. Ez a Zara vir\u00e1gmint\u00e1s, hossz\u00fa over\u00e1l k\u00f6nnyed anyag\u00e1nak k\u00f6sz\u00f6nhet\u0151en kellemes viselet, mik\u00f6zben st\u00edlusos megjelen\u00e9st biztos\u00edt.<\/p>\n<p>A derek\u00e1n \u00e1ll\u00edthat\u00f3 kialak\u00edt\u00e1s lehet\u0151v\u00e9 teszi a t\u00f6k\u00e9letes illeszked\u00e9st, sz\u00e9pen hangs\u00falyozva az alakot. Ide\u00e1lis v\u00e1laszt\u00e1s h\u00e9tk\u00f6znapi szettekhez, ny\u00e1ri programokra vagy ak\u00e1r egy csinosabb alkalomra is.<br \/>\nM\u00e9retez\u00e9s: m\u00e9reth\u0171<\/p>","protected":false},"excerpt":{"rendered":"<p>Zara vir\u00e1gmint\u00e1s hossz\u00fa over\u00e1l, derek\u00e1n \u00e1ll\u00edthat\u00f3 m\u00e9rettel N\u0151ies \u00e9s k\u00e9nyelmes darab a melegebb napokra. Ez a Zara vir\u00e1gmint\u00e1s, hossz\u00fa over\u00e1l<a class=\"read-more\" href=\"https:\/\/vizomix.hu\/en\/product\/zara-hosszu-overal\/\">Tov\u00e1bb<\/a><\/p>","protected":false},"featured_media":6730,"comment_status":"open","ping_status":"closed","template":"","meta":[],"product_brand":[76],"product_cat":[33],"product_tag":[],"class_list":{"0":"post-694","1":"product","2":"type-product","3":"status-publish","4":"has-post-thumbnail","6":"product_brand-zara","7":"product_cat-hosszu-ruhak-midi-ruhak-overalok","9":"first","10":"instock","11":"taxable","12":"shipping-taxable","13":"purchasable","14":"product-type-variable","15":"add-to-wishlist-before_add_to_cart"},"supplier_id":null,"supplier_sku":"","barcode":null,"atum_controlled":true,"out_stock_date":null,"out_stock_threshold":null,"inheritable":false,"inbound_stock":null,"stock_on_hold":0,"sold_today":0,"sales_last_days":0,"reserved_stock":null,"customer_returns":null,"warehouse_damage":null,"lost_in_post":null,"other_logs":null,"out_stock_days":0,"lost_sales":0,"has_location":null,"update_date":"2026-03-18T12:22:07","atum_locations":[],"atum_stock_status":"instock","restock_status":false,"low_stock_amount":"","sales_update_date":"2026-03-17T19:15:19","calc_backorders":null,"_links":{"self":[{"href":"https:\/\/vizomix.hu\/en\/wp-json\/wp\/v2\/product\/694","targetHints":{"allow":["GET"]}}],"collection":[{"href":"https:\/\/vizomix.hu\/en\/wp-json\/wp\/v2\/product"}],"about":[{"href":"https:\/\/vizomix.hu\/en\/wp-json\/wp\/v2\/types\/product"}],"replies":[{"embeddable":true,"href":"https:\/\/vizomix.hu\/en\/wp-json\/wp\/v2\/comments?post=694"}],"wp:featuredmedia":[{"embeddable":true,"href":"https:\/\/vizomix.hu\/en\/wp-json\/wp\/v2\/media\/6730"}],"wp:attachment":[{"href":"https:\/\/vizomix.hu\/en\/wp-json\/wp\/v2\/media?parent=694"}],"wp:term":[{"taxonomy":"product_brand","embeddable":true,"href":"https:\/\/vizomix.hu\/en\/wp-json\/wp\/v2\/product_brand?post=694"},{"taxonomy":"product_cat","embeddable":true,"href":"https:\/\/vizomix.hu\/en\/wp-json\/wp\/v2\/product_cat?post=694"},{"taxonomy":"product_tag","embeddable":true,"href":"https:\/\/vizomix.hu\/en\/wp-json\/wp\/v2\/product_tag?post=694"}],"curies":[{"name":"wp","href":"https:\/\/api.w.org\/{rel}","templated":true}]}}