{"id":6893,"date":"2026-03-19T15:30:21","date_gmt":"2026-03-19T14:30:21","guid":{"rendered":"https:\/\/vizomix.hu\/termek\/zara-nagyon-csinos-bezs-rovid-farmeroveral\/"},"modified":"2026-03-29T17:14:25","modified_gmt":"2026-03-29T15:14:25","slug":"zara-nagyon-csinos-bezs-rovid-farmeroveral","status":"publish","type":"product","link":"https:\/\/vizomix.hu\/en\/product\/zara-nagyon-csinos-bezs-rovid-farmeroveral\/","title":{"rendered":"Zara nagyon csinos b\u00e9zs r\u00f6vid farmerover\u00e1l"},"content":{"rendered":"<p>Zara b\u00e9zs r\u00f6vid farmer over\u00e1l<\/p>\n<p>Nagyon csinos Zara n\u0151i r\u00f6vid over\u00e1l b\u00e9zs sz\u00ednben, puha anyag\u00fa farmer anyagb\u00f3l. K\u00e9nyelmes \u00e9s st\u00edlusos darab, amely modern, n\u0151ies megjelen\u00e9st ad. T\u00f6k\u00e9letes v\u00e1laszt\u00e1s ny\u00e1ri outfitekhez \u00e9s h\u00e9tk\u00f6znapi viselethez.<br \/>\nOldals\u00f3 zsebekkel!<br \/>\nM\u00e9retez\u00e9s: m\u00e9reth\u0171<\/p>","protected":false},"excerpt":{"rendered":"<p>Zara b\u00e9zs r\u00f6vid farmer over\u00e1l Nagyon csinos Zara n\u0151i r\u00f6vid over\u00e1l b\u00e9zs sz\u00ednben, puha anyag\u00fa farmer anyagb\u00f3l. K\u00e9nyelmes \u00e9s st\u00edlusos<a class=\"read-more\" href=\"https:\/\/vizomix.hu\/en\/product\/zara-nagyon-csinos-bezs-rovid-farmeroveral\/\">Tov\u00e1bb<\/a><\/p>","protected":false},"featured_media":7983,"comment_status":"open","ping_status":"closed","template":"","meta":[],"product_brand":[76],"product_cat":[34],"product_tag":[],"class_list":{"0":"post-6893","1":"product","2":"type-product","3":"status-publish","4":"has-post-thumbnail","6":"product_brand-zara","7":"product_cat-rovid-ruhak-overalok","9":"first","10":"instock","11":"taxable","12":"shipping-taxable","13":"purchasable","14":"product-type-variable","15":"add-to-wishlist-before_add_to_cart"},"supplier_id":null,"supplier_sku":"","barcode":null,"atum_controlled":true,"out_stock_date":null,"out_stock_threshold":null,"inheritable":false,"inbound_stock":null,"stock_on_hold":0,"sold_today":0,"sales_last_days":0,"reserved_stock":null,"customer_returns":null,"warehouse_damage":null,"lost_in_post":null,"other_logs":null,"out_stock_days":null,"lost_sales":0,"has_location":null,"update_date":"2026-03-29T15:14:27","atum_locations":[],"atum_stock_status":"instock","restock_status":false,"low_stock_amount":"","sales_update_date":null,"calc_backorders":null,"_links":{"self":[{"href":"https:\/\/vizomix.hu\/en\/wp-json\/wp\/v2\/product\/6893","targetHints":{"allow":["GET"]}}],"collection":[{"href":"https:\/\/vizomix.hu\/en\/wp-json\/wp\/v2\/product"}],"about":[{"href":"https:\/\/vizomix.hu\/en\/wp-json\/wp\/v2\/types\/product"}],"replies":[{"embeddable":true,"href":"https:\/\/vizomix.hu\/en\/wp-json\/wp\/v2\/comments?post=6893"}],"wp:featuredmedia":[{"embeddable":true,"href":"https:\/\/vizomix.hu\/en\/wp-json\/wp\/v2\/media\/7983"}],"wp:attachment":[{"href":"https:\/\/vizomix.hu\/en\/wp-json\/wp\/v2\/media?parent=6893"}],"wp:term":[{"taxonomy":"product_brand","embeddable":true,"href":"https:\/\/vizomix.hu\/en\/wp-json\/wp\/v2\/product_brand?post=6893"},{"taxonomy":"product_cat","embeddable":true,"href":"https:\/\/vizomix.hu\/en\/wp-json\/wp\/v2\/product_cat?post=6893"},{"taxonomy":"product_tag","embeddable":true,"href":"https:\/\/vizomix.hu\/en\/wp-json\/wp\/v2\/product_tag?post=6893"}],"curies":[{"name":"wp","href":"https:\/\/api.w.org\/{rel}","templated":true}]}}