{"id":689,"date":"2026-02-10T18:37:26","date_gmt":"2026-02-10T17:37:26","guid":{"rendered":"https:\/\/vizomix.hu\/termek\/zara-hosszu-ruha-3\/"},"modified":"2026-03-23T15:56:36","modified_gmt":"2026-03-23T14:56:36","slug":"zara-hosszu-ruha-3","status":"publish","type":"product","link":"https:\/\/vizomix.hu\/en\/product\/zara-hosszu-ruha-3\/","title":{"rendered":"Zara babak\u00e9k gumis derek\u00fa hossz\u00fa ruha"},"content":{"rendered":"<p>Zara babak\u00e9k hossz\u00fa ruha \u2013 gumis der\u00e9kr\u00e9sszel, V-kiv\u00e1g\u00e1ssal<\/p>\n<p>K\u00f6nnyed \u00e9s n\u0151ies darab a melegebb napokra. Ez a Zara babak\u00e9k sz\u00edn\u0171, hossz\u00fa fazon\u00fa ruha gumis der\u00e9kr\u00e9sszel k\u00e9sz\u00fclt, amely k\u00e9nyelmes viseletet biztos\u00edt \u00e9s sz\u00e9pen kiemeli a derekat.<\/p>\n<p>Az el\u00f6l tal\u00e1lhat\u00f3 V-kiv\u00e1g\u00e1s eleg\u00e1ns, modern megjelen\u00e9st ad, \u00edgy a ruha t\u00f6k\u00e9letes v\u00e1laszt\u00e1s h\u00e9tk\u00f6znapi viselethez vagy alkalmi szettekhez.<br \/>\nM\u00e9retez\u00e9s: m\u00e9reth\u0171<\/p>","protected":false},"excerpt":{"rendered":"<p>Zara babak\u00e9k hossz\u00fa ruha \u2013 gumis der\u00e9kr\u00e9sszel, V-kiv\u00e1g\u00e1ssal K\u00f6nnyed \u00e9s n\u0151ies darab a melegebb napokra. Ez a Zara babak\u00e9k sz\u00edn\u0171,<a class=\"read-more\" href=\"https:\/\/vizomix.hu\/en\/product\/zara-hosszu-ruha-3\/\">Tov\u00e1bb<\/a><\/p>","protected":false},"featured_media":6660,"comment_status":"open","ping_status":"closed","template":"","meta":[],"product_brand":[76],"product_cat":[33],"product_tag":[],"class_list":{"0":"post-689","1":"product","2":"type-product","3":"status-publish","4":"has-post-thumbnail","6":"product_brand-zara","7":"product_cat-hosszu-ruhak-midi-ruhak-overalok","9":"first","10":"instock","11":"taxable","12":"shipping-taxable","13":"purchasable","14":"product-type-variable","15":"add-to-wishlist-before_add_to_cart"},"supplier_id":null,"supplier_sku":"","barcode":null,"atum_controlled":true,"out_stock_date":null,"out_stock_threshold":null,"inheritable":false,"inbound_stock":null,"stock_on_hold":0,"sold_today":0,"sales_last_days":0,"reserved_stock":null,"customer_returns":null,"warehouse_damage":null,"lost_in_post":null,"other_logs":null,"out_stock_days":0,"lost_sales":0,"has_location":null,"update_date":"2026-03-23T14:56:39","atum_locations":[],"atum_stock_status":"instock","restock_status":false,"low_stock_amount":"","sales_update_date":"2026-03-17T19:15:19","calc_backorders":null,"_links":{"self":[{"href":"https:\/\/vizomix.hu\/en\/wp-json\/wp\/v2\/product\/689","targetHints":{"allow":["GET"]}}],"collection":[{"href":"https:\/\/vizomix.hu\/en\/wp-json\/wp\/v2\/product"}],"about":[{"href":"https:\/\/vizomix.hu\/en\/wp-json\/wp\/v2\/types\/product"}],"replies":[{"embeddable":true,"href":"https:\/\/vizomix.hu\/en\/wp-json\/wp\/v2\/comments?post=689"}],"wp:featuredmedia":[{"embeddable":true,"href":"https:\/\/vizomix.hu\/en\/wp-json\/wp\/v2\/media\/6660"}],"wp:attachment":[{"href":"https:\/\/vizomix.hu\/en\/wp-json\/wp\/v2\/media?parent=689"}],"wp:term":[{"taxonomy":"product_brand","embeddable":true,"href":"https:\/\/vizomix.hu\/en\/wp-json\/wp\/v2\/product_brand?post=689"},{"taxonomy":"product_cat","embeddable":true,"href":"https:\/\/vizomix.hu\/en\/wp-json\/wp\/v2\/product_cat?post=689"},{"taxonomy":"product_tag","embeddable":true,"href":"https:\/\/vizomix.hu\/en\/wp-json\/wp\/v2\/product_tag?post=689"}],"curies":[{"name":"wp","href":"https:\/\/api.w.org\/{rel}","templated":true}]}}