{"id":6800,"date":"2026-03-19T14:01:52","date_gmt":"2026-03-19T13:01:52","guid":{"rendered":"https:\/\/vizomix.hu\/termek\/zara-puha-szormehatasu-galleru-oversize-kabat-leveheto-szorrel\/"},"modified":"2026-03-23T08:07:29","modified_gmt":"2026-03-23T07:07:29","slug":"zara-puha-szormehatasu-galleru-oversize-kabat-leveheto-szorrel","status":"publish","type":"product","link":"https:\/\/vizomix.hu\/en\/product\/zara-puha-szormehatasu-galleru-oversize-kabat-leveheto-szorrel\/","title":{"rendered":"Zara puha sz\u0151rmehat\u00e1s\u00fa gall\u00e9r\u00fa oversize kab\u00e1t levehet\u0151 sz\u0151rrel"},"content":{"rendered":"<p>Zara oversize kab\u00e1t \u2013 puha sz\u0151rmehat\u00e1s\u00fa gall\u00e9rral, levehet\u0151 sz\u0151rm\u00e9vel<\/p>\n<p>St\u00edlusos Zara oversize n\u0151i kab\u00e1t, amely puha, meleg anyagb\u00f3l k\u00e9sz\u00fclt. A sz\u0151rmehat\u00e1s\u00fa gall\u00e9r eleg\u00e1ns megjelen\u00e9st ad, amely levehet\u0151, \u00edgy t\u00f6bbf\u00e9lek\u00e9ppen is viselhet\u0151. K\u00e9nyelmes, trendi darab, t\u00f6k\u00e9letes v\u00e1laszt\u00e1s h\u0171v\u00f6sebb napokra \u00e9s st\u00edlusos t\u00e9li outfitekhez.<br \/>\nM\u00e9retez\u00e9s: nagyobb m\u00e9ret (Mellb\u0151s\u00e9g kiter\u00edtve: 64 cm)<\/p>","protected":false},"excerpt":{"rendered":"<p>Zara oversize kab\u00e1t \u2013 puha sz\u0151rmehat\u00e1s\u00fa gall\u00e9rral, levehet\u0151 sz\u0151rm\u00e9vel St\u00edlusos Zara oversize n\u0151i kab\u00e1t, amely puha, meleg anyagb\u00f3l k\u00e9sz\u00fclt. A<a class=\"read-more\" href=\"https:\/\/vizomix.hu\/en\/product\/zara-puha-szormehatasu-galleru-oversize-kabat-leveheto-szorrel\/\">Tov\u00e1bb<\/a><\/p>","protected":false},"featured_media":6795,"comment_status":"open","ping_status":"closed","template":"","meta":[],"product_brand":[76],"product_cat":[35],"product_tag":[],"class_list":{"0":"post-6800","1":"product","2":"type-product","3":"status-publish","4":"has-post-thumbnail","6":"product_brand-zara","7":"product_cat-atmeneti-kabatok","9":"first","10":"instock","11":"taxable","12":"shipping-taxable","13":"purchasable","14":"product-type-variable","15":"add-to-wishlist-before_add_to_cart"},"supplier_id":null,"supplier_sku":"","barcode":null,"atum_controlled":true,"out_stock_date":null,"out_stock_threshold":null,"inheritable":false,"inbound_stock":null,"stock_on_hold":null,"sold_today":null,"sales_last_days":null,"reserved_stock":null,"customer_returns":null,"warehouse_damage":null,"lost_in_post":null,"other_logs":null,"out_stock_days":null,"lost_sales":null,"has_location":null,"update_date":"2026-03-23T07:07:30","atum_locations":[],"atum_stock_status":"instock","restock_status":false,"low_stock_amount":"","sales_update_date":null,"calc_backorders":null,"_links":{"self":[{"href":"https:\/\/vizomix.hu\/en\/wp-json\/wp\/v2\/product\/6800","targetHints":{"allow":["GET"]}}],"collection":[{"href":"https:\/\/vizomix.hu\/en\/wp-json\/wp\/v2\/product"}],"about":[{"href":"https:\/\/vizomix.hu\/en\/wp-json\/wp\/v2\/types\/product"}],"replies":[{"embeddable":true,"href":"https:\/\/vizomix.hu\/en\/wp-json\/wp\/v2\/comments?post=6800"}],"wp:featuredmedia":[{"embeddable":true,"href":"https:\/\/vizomix.hu\/en\/wp-json\/wp\/v2\/media\/6795"}],"wp:attachment":[{"href":"https:\/\/vizomix.hu\/en\/wp-json\/wp\/v2\/media?parent=6800"}],"wp:term":[{"taxonomy":"product_brand","embeddable":true,"href":"https:\/\/vizomix.hu\/en\/wp-json\/wp\/v2\/product_brand?post=6800"},{"taxonomy":"product_cat","embeddable":true,"href":"https:\/\/vizomix.hu\/en\/wp-json\/wp\/v2\/product_cat?post=6800"},{"taxonomy":"product_tag","embeddable":true,"href":"https:\/\/vizomix.hu\/en\/wp-json\/wp\/v2\/product_tag?post=6800"}],"curies":[{"name":"wp","href":"https:\/\/api.w.org\/{rel}","templated":true}]}}