{"id":6582,"date":"2026-03-13T00:29:50","date_gmt":"2026-03-12T23:29:50","guid":{"rendered":"https:\/\/vizomix.hu\/termek\/zara-midi-ruha-pamut-felsoresszel-es-a-vonalu-mubor-szoknyaval\/"},"modified":"2026-03-25T00:41:03","modified_gmt":"2026-03-24T23:41:03","slug":"zara-midi-ruha-pamut-felsoresszel-es-a-vonalu-mubor-szoknyaval","status":"publish","type":"product","link":"https:\/\/vizomix.hu\/en\/product\/zara-midi-ruha-pamut-felsoresszel-es-a-vonalu-mubor-szoknyaval\/","title":{"rendered":"Zara midi ruha \u2013 pamut fels\u0151r\u00e9sszel \u00e9s A-vonal\u00fa m\u0171b\u0151r szokny\u00e1val"},"content":{"rendered":"<p>Zara midi ruha \u2013 pamut fels\u0151r\u00e9sszel \u00e9s A-vonal\u00fa m\u0171b\u0151r szokny\u00e1val<\/p>\n<p>St\u00edlusos Zara midi ruha, amelynek fels\u0151 r\u00e9sze 100% pamutb\u00f3l k\u00e9sz\u00fclt, rugalmas anyaggal a k\u00e9nyelmes illeszked\u00e9s \u00e9rdek\u00e9ben.<br \/>\nA ruha szoknya r\u00e9sze A-vonal\u00fa szab\u00e1s\u00fa m\u0171b\u0151r, amely modern \u00e9s eleg\u00e1ns megjelen\u00e9st ad.<br \/>\nOldalt kis cipz\u00e1rral k\u00e9sz\u00fclt, \u00edgy k\u00f6nnyen fel- \u00e9s levehet\u0151. T\u00f6k\u00e9letes v\u00e1laszt\u00e1s csinos h\u00e9tk\u00f6znapi vagy alkalmi outfitekhez.<br \/>\nM\u00e9retez\u00e9s: m\u00e9reth\u0171<\/p>","protected":false},"excerpt":{"rendered":"<p>Zara midi ruha \u2013 pamut fels\u0151r\u00e9sszel \u00e9s A-vonal\u00fa m\u0171b\u0151r szokny\u00e1val St\u00edlusos Zara midi ruha, amelynek fels\u0151 r\u00e9sze 100% pamutb\u00f3l k\u00e9sz\u00fclt,<a class=\"read-more\" href=\"https:\/\/vizomix.hu\/en\/product\/zara-midi-ruha-pamut-felsoresszel-es-a-vonalu-mubor-szoknyaval\/\">Tov\u00e1bb<\/a><\/p>","protected":false},"featured_media":6578,"comment_status":"open","ping_status":"closed","template":"","meta":[],"product_brand":[76],"product_cat":[33],"product_tag":[],"class_list":{"0":"post-6582","1":"product","2":"type-product","3":"status-publish","4":"has-post-thumbnail","6":"product_brand-zara","7":"product_cat-hosszu-ruhak-midi-ruhak-overalok","9":"first","10":"instock","11":"taxable","12":"shipping-taxable","13":"purchasable","14":"product-type-variable","15":"add-to-wishlist-before_add_to_cart"},"supplier_id":null,"supplier_sku":"","barcode":null,"atum_controlled":true,"out_stock_date":null,"out_stock_threshold":null,"inheritable":true,"inbound_stock":0,"stock_on_hold":0,"sold_today":0,"sales_last_days":0,"reserved_stock":0,"customer_returns":0,"warehouse_damage":0,"lost_in_post":0,"other_logs":0,"out_stock_days":0,"lost_sales":0,"has_location":false,"update_date":"2026-03-24T23:41:03","atum_locations":[],"atum_stock_status":"instock","restock_status":false,"low_stock_amount":"","sales_update_date":"2026-03-17T19:15:08","calc_backorders":null,"_links":{"self":[{"href":"https:\/\/vizomix.hu\/en\/wp-json\/wp\/v2\/product\/6582","targetHints":{"allow":["GET"]}}],"collection":[{"href":"https:\/\/vizomix.hu\/en\/wp-json\/wp\/v2\/product"}],"about":[{"href":"https:\/\/vizomix.hu\/en\/wp-json\/wp\/v2\/types\/product"}],"replies":[{"embeddable":true,"href":"https:\/\/vizomix.hu\/en\/wp-json\/wp\/v2\/comments?post=6582"}],"wp:featuredmedia":[{"embeddable":true,"href":"https:\/\/vizomix.hu\/en\/wp-json\/wp\/v2\/media\/6578"}],"wp:attachment":[{"href":"https:\/\/vizomix.hu\/en\/wp-json\/wp\/v2\/media?parent=6582"}],"wp:term":[{"taxonomy":"product_brand","embeddable":true,"href":"https:\/\/vizomix.hu\/en\/wp-json\/wp\/v2\/product_brand?post=6582"},{"taxonomy":"product_cat","embeddable":true,"href":"https:\/\/vizomix.hu\/en\/wp-json\/wp\/v2\/product_cat?post=6582"},{"taxonomy":"product_tag","embeddable":true,"href":"https:\/\/vizomix.hu\/en\/wp-json\/wp\/v2\/product_tag?post=6582"}],"curies":[{"name":"wp","href":"https:\/\/api.w.org\/{rel}","templated":true}]}}