{"id":6514,"date":"2026-03-12T23:48:14","date_gmt":"2026-03-12T22:48:14","guid":{"rendered":"https:\/\/vizomix.hu\/termek\/zara-leopard-mintas-szaten-boszaru-nadrag-ovvel\/"},"modified":"2026-03-18T13:18:12","modified_gmt":"2026-03-18T12:18:12","slug":"zara-leopard-mintas-szaten-boszaru-nadrag-ovvel","status":"publish","type":"product","link":"https:\/\/vizomix.hu\/en\/product\/zara-leopard-mintas-szaten-boszaru-nadrag-ovvel\/","title":{"rendered":"Zara leop\u00e1rd mint\u00e1s szat\u00e9n b\u0151sz\u00e1r\u00fa nadr\u00e1g \u00f6vvel"},"content":{"rendered":"<p>Zara leop\u00e1rd mint\u00e1s szat\u00e9n b\u0151sz\u00e1r\u00fa nadr\u00e1g \u00f6vvel<\/p>\n<p>Divatos Zara n\u0151i nadr\u00e1g leop\u00e1rd mint\u00e1val, eleg\u00e1ns szat\u00e9n anyagb\u00f3l. B\u0151 sz\u00e1r\u00fa fazon\u00fa, amely k\u00e9nyelmes \u00e9s modern megjelen\u00e9st ad. A nadr\u00e1g \u00f6vvel k\u00e9sz\u00fclt, \u00edgy sz\u00e9pen kiemeli a derekat. St\u00edlusos v\u00e1laszt\u00e1s eleg\u00e1ns vagy trendi h\u00e9tk\u00f6znapi outfitekhez.<\/p>","protected":false},"excerpt":{"rendered":"<p>Zara leop\u00e1rd mint\u00e1s szat\u00e9n b\u0151sz\u00e1r\u00fa nadr\u00e1g \u00f6vvel Divatos Zara n\u0151i nadr\u00e1g leop\u00e1rd mint\u00e1val, eleg\u00e1ns szat\u00e9n anyagb\u00f3l. B\u0151 sz\u00e1r\u00fa fazon\u00fa, amely<a class=\"read-more\" href=\"https:\/\/vizomix.hu\/en\/product\/zara-leopard-mintas-szaten-boszaru-nadrag-ovvel\/\">Tov\u00e1bb<\/a><\/p>","protected":false},"featured_media":6509,"comment_status":"open","ping_status":"closed","template":"","meta":[],"product_brand":[76],"product_cat":[41],"product_tag":[],"class_list":{"0":"post-6514","1":"product","2":"type-product","3":"status-publish","4":"has-post-thumbnail","6":"product_brand-zara","7":"product_cat-hosszu-nadragok","9":"first","10":"instock","11":"taxable","12":"shipping-taxable","13":"purchasable","14":"product-type-variable","15":"add-to-wishlist-before_add_to_cart"},"supplier_id":null,"supplier_sku":"","barcode":null,"atum_controlled":true,"out_stock_date":null,"out_stock_threshold":null,"inheritable":false,"inbound_stock":0,"stock_on_hold":0,"sold_today":0,"sales_last_days":0,"reserved_stock":0,"customer_returns":0,"warehouse_damage":0,"lost_in_post":0,"other_logs":0,"out_stock_days":0,"lost_sales":0,"has_location":false,"update_date":"2026-03-18T12:18:14","atum_locations":[],"atum_stock_status":"instock","restock_status":false,"low_stock_amount":"","sales_update_date":"2026-03-17T19:15:07","calc_backorders":null,"_links":{"self":[{"href":"https:\/\/vizomix.hu\/en\/wp-json\/wp\/v2\/product\/6514","targetHints":{"allow":["GET"]}}],"collection":[{"href":"https:\/\/vizomix.hu\/en\/wp-json\/wp\/v2\/product"}],"about":[{"href":"https:\/\/vizomix.hu\/en\/wp-json\/wp\/v2\/types\/product"}],"replies":[{"embeddable":true,"href":"https:\/\/vizomix.hu\/en\/wp-json\/wp\/v2\/comments?post=6514"}],"wp:featuredmedia":[{"embeddable":true,"href":"https:\/\/vizomix.hu\/en\/wp-json\/wp\/v2\/media\/6509"}],"wp:attachment":[{"href":"https:\/\/vizomix.hu\/en\/wp-json\/wp\/v2\/media?parent=6514"}],"wp:term":[{"taxonomy":"product_brand","embeddable":true,"href":"https:\/\/vizomix.hu\/en\/wp-json\/wp\/v2\/product_brand?post=6514"},{"taxonomy":"product_cat","embeddable":true,"href":"https:\/\/vizomix.hu\/en\/wp-json\/wp\/v2\/product_cat?post=6514"},{"taxonomy":"product_tag","embeddable":true,"href":"https:\/\/vizomix.hu\/en\/wp-json\/wp\/v2\/product_tag?post=6514"}],"curies":[{"name":"wp","href":"https:\/\/api.w.org\/{rel}","templated":true}]}}