{"id":6469,"date":"2026-03-11T23:18:06","date_gmt":"2026-03-11T22:18:06","guid":{"rendered":"https:\/\/vizomix.hu\/termek\/zara-bezs-feher-himzett-nadrag\/"},"modified":"2026-03-18T13:18:12","modified_gmt":"2026-03-18T12:18:12","slug":"zara-bezs-feher-himzett-nadrag","status":"publish","type":"product","link":"https:\/\/vizomix.hu\/en\/product\/zara-bezs-feher-himzett-nadrag\/","title":{"rendered":"Zara b\u00e9zs\u2013feh\u00e9r h\u00edmzett nadr\u00e1g"},"content":{"rendered":"<p>Zara b\u00e9zs\u2013feh\u00e9r h\u00edmzett nadr\u00e1g<\/p>\n<p>Eleg\u00e1ns Zara n\u0151i nadr\u00e1g b\u00e9zs\u2013feh\u00e9r sz\u00ednben, finom h\u00edmzett r\u00e9szletekkel. K\u00e9nyelmes, k\u00f6nny\u0171 anyagb\u00f3l k\u00e9sz\u00fclt, amely st\u00edlusos \u00e9s n\u0151ies megjelen\u00e9st biztos\u00edt. T\u00f6k\u00e9letes v\u00e1laszt\u00e1s ny\u00e1ri outfitekhez, alkalmi vagy eleg\u00e1ns h\u00e9tk\u00f6znapi viselethez.<\/p>\n<p>A nadr\u00e1ghoz ill\u0151 kaft\u00e1n is el\u00e9rhet\u0151 webshopunkban, \u00edgy komplett szettk\u00e9nt is viselhet\u0151.<br \/>\nM\u00e9retez\u00e9s: m\u00e9reth\u0171<\/p>","protected":false},"excerpt":{"rendered":"<p>Zara b\u00e9zs\u2013feh\u00e9r h\u00edmzett nadr\u00e1g Eleg\u00e1ns Zara n\u0151i nadr\u00e1g b\u00e9zs\u2013feh\u00e9r sz\u00ednben, finom h\u00edmzett r\u00e9szletekkel. K\u00e9nyelmes, k\u00f6nny\u0171 anyagb\u00f3l k\u00e9sz\u00fclt, amely st\u00edlusos \u00e9s<a class=\"read-more\" href=\"https:\/\/vizomix.hu\/en\/product\/zara-bezs-feher-himzett-nadrag\/\">Tov\u00e1bb<\/a><\/p>","protected":false},"featured_media":6466,"comment_status":"open","ping_status":"closed","template":"","meta":[],"product_brand":[76],"product_cat":[41],"product_tag":[],"class_list":{"0":"post-6469","1":"product","2":"type-product","3":"status-publish","4":"has-post-thumbnail","6":"product_brand-zara","7":"product_cat-hosszu-nadragok","9":"first","10":"instock","11":"taxable","12":"shipping-taxable","13":"purchasable","14":"product-type-variable","15":"add-to-wishlist-before_add_to_cart"},"supplier_id":null,"supplier_sku":"","barcode":null,"atum_controlled":true,"out_stock_date":null,"out_stock_threshold":null,"inheritable":false,"inbound_stock":0,"stock_on_hold":0,"sold_today":0,"sales_last_days":0,"reserved_stock":0,"customer_returns":0,"warehouse_damage":0,"lost_in_post":0,"other_logs":0,"out_stock_days":0,"lost_sales":0,"has_location":false,"update_date":"2026-03-18T12:18:14","atum_locations":[],"atum_stock_status":"instock","restock_status":false,"low_stock_amount":"","sales_update_date":"2026-03-17T19:15:07","calc_backorders":null,"_links":{"self":[{"href":"https:\/\/vizomix.hu\/en\/wp-json\/wp\/v2\/product\/6469","targetHints":{"allow":["GET"]}}],"collection":[{"href":"https:\/\/vizomix.hu\/en\/wp-json\/wp\/v2\/product"}],"about":[{"href":"https:\/\/vizomix.hu\/en\/wp-json\/wp\/v2\/types\/product"}],"replies":[{"embeddable":true,"href":"https:\/\/vizomix.hu\/en\/wp-json\/wp\/v2\/comments?post=6469"}],"wp:featuredmedia":[{"embeddable":true,"href":"https:\/\/vizomix.hu\/en\/wp-json\/wp\/v2\/media\/6466"}],"wp:attachment":[{"href":"https:\/\/vizomix.hu\/en\/wp-json\/wp\/v2\/media?parent=6469"}],"wp:term":[{"taxonomy":"product_brand","embeddable":true,"href":"https:\/\/vizomix.hu\/en\/wp-json\/wp\/v2\/product_brand?post=6469"},{"taxonomy":"product_cat","embeddable":true,"href":"https:\/\/vizomix.hu\/en\/wp-json\/wp\/v2\/product_cat?post=6469"},{"taxonomy":"product_tag","embeddable":true,"href":"https:\/\/vizomix.hu\/en\/wp-json\/wp\/v2\/product_tag?post=6469"}],"curies":[{"name":"wp","href":"https:\/\/api.w.org\/{rel}","templated":true}]}}