{"id":6461,"date":"2026-03-11T23:14:11","date_gmt":"2026-03-11T22:14:11","guid":{"rendered":"https:\/\/vizomix.hu\/termek\/zara-bezs-feher-himzett-hosszu-kaftan\/"},"modified":"2026-03-25T00:48:59","modified_gmt":"2026-03-24T23:48:59","slug":"zara-bezs-feher-himzett-hosszu-kaftan","status":"publish","type":"product","link":"https:\/\/vizomix.hu\/en\/product\/zara-bezs-feher-himzett-hosszu-kaftan\/","title":{"rendered":"Zara b\u00e9zs\/feh\u00e9r h\u00edmzett hossz\u00fa kaft\u00e1n"},"content":{"rendered":"<p>Zara b\u00e9zs\u2013feh\u00e9r h\u00edmzett kaft\u00e1n<\/p>\n<p>A finom h\u00edmzett r\u00e9szletek k\u00fcl\u00f6nleges, n\u0151ies megjelen\u00e9st adnak, m\u00edg a k\u00f6nny\u0171 anyag k\u00e9nyelmes viseletet biztos\u00edt. St\u00edlusos v\u00e1laszt\u00e1s ny\u00e1ri alkalmakra, eleg\u00e1ns megjelen\u00e9shez vagy k\u00fcl\u00f6nleges esem\u00e9nyekre.<\/p>\n<p>A kaft\u00e1nhoz ill\u0151 nadr\u00e1g is el\u00e9rhet\u0151 webshopunkban, \u00edgy komplett szettk\u00e9nt is viselhet\u0151.<br \/>\nM\u00e9retez\u00e9s: nagyobb m\u00e9ret (bele\u00edrt m\u00e9ret XS-S \u00e9s M-L)<\/p>","protected":false},"excerpt":{"rendered":"<p>Zara b\u00e9zs\u2013feh\u00e9r h\u00edmzett kaft\u00e1n A finom h\u00edmzett r\u00e9szletek k\u00fcl\u00f6nleges, n\u0151ies megjelen\u00e9st adnak, m\u00edg a k\u00f6nny\u0171 anyag k\u00e9nyelmes viseletet biztos\u00edt. St\u00edlusos<a class=\"read-more\" href=\"https:\/\/vizomix.hu\/en\/product\/zara-bezs-feher-himzett-hosszu-kaftan\/\">Tov\u00e1bb<\/a><\/p>","protected":false},"featured_media":6457,"comment_status":"open","ping_status":"closed","template":"","meta":[],"product_brand":[76],"product_cat":[33],"product_tag":[],"class_list":{"0":"post-6461","1":"product","2":"type-product","3":"status-publish","4":"has-post-thumbnail","6":"product_brand-zara","7":"product_cat-hosszu-ruhak-midi-ruhak-overalok","9":"first","10":"instock","11":"taxable","12":"shipping-taxable","13":"purchasable","14":"product-type-variable","15":"add-to-wishlist-before_add_to_cart"},"supplier_id":null,"supplier_sku":"","barcode":null,"atum_controlled":true,"out_stock_date":null,"out_stock_threshold":null,"inheritable":false,"inbound_stock":0,"stock_on_hold":0,"sold_today":0,"sales_last_days":0,"reserved_stock":0,"customer_returns":0,"warehouse_damage":0,"lost_in_post":0,"other_logs":0,"out_stock_days":0,"lost_sales":0,"has_location":false,"update_date":"2026-03-24T23:48:59","atum_locations":[],"atum_stock_status":"instock","restock_status":false,"low_stock_amount":"","sales_update_date":"2026-03-17T19:15:07","calc_backorders":null,"_links":{"self":[{"href":"https:\/\/vizomix.hu\/en\/wp-json\/wp\/v2\/product\/6461","targetHints":{"allow":["GET"]}}],"collection":[{"href":"https:\/\/vizomix.hu\/en\/wp-json\/wp\/v2\/product"}],"about":[{"href":"https:\/\/vizomix.hu\/en\/wp-json\/wp\/v2\/types\/product"}],"replies":[{"embeddable":true,"href":"https:\/\/vizomix.hu\/en\/wp-json\/wp\/v2\/comments?post=6461"}],"wp:featuredmedia":[{"embeddable":true,"href":"https:\/\/vizomix.hu\/en\/wp-json\/wp\/v2\/media\/6457"}],"wp:attachment":[{"href":"https:\/\/vizomix.hu\/en\/wp-json\/wp\/v2\/media?parent=6461"}],"wp:term":[{"taxonomy":"product_brand","embeddable":true,"href":"https:\/\/vizomix.hu\/en\/wp-json\/wp\/v2\/product_brand?post=6461"},{"taxonomy":"product_cat","embeddable":true,"href":"https:\/\/vizomix.hu\/en\/wp-json\/wp\/v2\/product_cat?post=6461"},{"taxonomy":"product_tag","embeddable":true,"href":"https:\/\/vizomix.hu\/en\/wp-json\/wp\/v2\/product_tag?post=6461"}],"curies":[{"name":"wp","href":"https:\/\/api.w.org\/{rel}","templated":true}]}}