{"id":642,"date":"2026-02-10T18:20:23","date_gmt":"2026-02-10T17:20:23","guid":{"rendered":"https:\/\/vizomix.hu\/termek\/zara-muirha-kabat\/"},"modified":"2026-03-18T13:22:06","modified_gmt":"2026-03-18T12:22:06","slug":"zara-muirha-kabat","status":"publish","type":"product","link":"https:\/\/vizomix.hu\/en\/product\/zara-muirha-kabat\/","title":{"rendered":"Zara csokibarna meleg hossz\u00fa kiford\u00edthat\u00f3 t\u00e9li m\u0171irha kab\u00e1t gombokkal"},"content":{"rendered":"<p>Zara csokibarna hossz\u00fa kiford\u00edthat\u00f3 t\u00e9li m\u0171irha kab\u00e1t \u2013 lezser fazon, gombos z\u00e1r\u00f3d\u00e1ssal<\/p>\n<p>Meleg \u00e9s st\u00edlusos darab a hideg napokra. Ez a Zara csokibarna sz\u00edn\u0171, lezser fazon\u00fa, hossz\u00fa kab\u00e1t puha m\u0171irha anyagb\u00f3l k\u00e9sz\u00fclt, amely kellemesen meleg viseletet biztos\u00edt.<\/p>\n<p>A gombos z\u00e1r\u00f3d\u00e1s praktikus \u00e9s id\u0151t\u00e1ll\u00f3 megold\u00e1s, m\u00edg a kiford\u00edthat\u00f3 kialak\u00edt\u00e1s lehet\u0151v\u00e9 teszi, hogy k\u00e9tf\u00e9le st\u00edlusban hordhat\u00f3 legyen. Ide\u00e1lis v\u00e1laszt\u00e1s h\u00e9tk\u00f6znapi \u00e9s eleg\u00e1nsabb t\u00e9li szettekhez egyar\u00e1nt.<br \/>\nM\u00e9retez\u00e9s: nagyobb m\u00e9ret<\/p>","protected":false},"excerpt":{"rendered":"<p>Zara csokibarna hossz\u00fa kiford\u00edthat\u00f3 t\u00e9li m\u0171irha kab\u00e1t \u2013 lezser fazon, gombos z\u00e1r\u00f3d\u00e1ssal Meleg \u00e9s st\u00edlusos darab a hideg napokra. Ez<a class=\"read-more\" href=\"https:\/\/vizomix.hu\/en\/product\/zara-muirha-kabat\/\">Tov\u00e1bb<\/a><\/p>","protected":false},"featured_media":640,"comment_status":"open","ping_status":"closed","template":"","meta":[],"product_brand":[76],"product_cat":[23],"product_tag":[],"class_list":{"0":"post-642","1":"product","2":"type-product","3":"status-publish","4":"has-post-thumbnail","6":"product_brand-zara","7":"product_cat-kabatok","9":"first","10":"instock","11":"taxable","12":"shipping-taxable","13":"purchasable","14":"product-type-variable","15":"add-to-wishlist-before_add_to_cart"},"supplier_id":null,"supplier_sku":"","barcode":null,"atum_controlled":true,"out_stock_date":null,"out_stock_threshold":null,"inheritable":false,"inbound_stock":null,"stock_on_hold":0,"sold_today":0,"sales_last_days":0,"reserved_stock":null,"customer_returns":null,"warehouse_damage":null,"lost_in_post":null,"other_logs":null,"out_stock_days":0,"lost_sales":0,"has_location":null,"update_date":"2026-03-18T12:22:07","atum_locations":[],"atum_stock_status":"instock","restock_status":false,"low_stock_amount":"","sales_update_date":"2026-03-17T19:15:19","calc_backorders":null,"_links":{"self":[{"href":"https:\/\/vizomix.hu\/en\/wp-json\/wp\/v2\/product\/642","targetHints":{"allow":["GET"]}}],"collection":[{"href":"https:\/\/vizomix.hu\/en\/wp-json\/wp\/v2\/product"}],"about":[{"href":"https:\/\/vizomix.hu\/en\/wp-json\/wp\/v2\/types\/product"}],"replies":[{"embeddable":true,"href":"https:\/\/vizomix.hu\/en\/wp-json\/wp\/v2\/comments?post=642"}],"wp:featuredmedia":[{"embeddable":true,"href":"https:\/\/vizomix.hu\/en\/wp-json\/wp\/v2\/media\/640"}],"wp:attachment":[{"href":"https:\/\/vizomix.hu\/en\/wp-json\/wp\/v2\/media?parent=642"}],"wp:term":[{"taxonomy":"product_brand","embeddable":true,"href":"https:\/\/vizomix.hu\/en\/wp-json\/wp\/v2\/product_brand?post=642"},{"taxonomy":"product_cat","embeddable":true,"href":"https:\/\/vizomix.hu\/en\/wp-json\/wp\/v2\/product_cat?post=642"},{"taxonomy":"product_tag","embeddable":true,"href":"https:\/\/vizomix.hu\/en\/wp-json\/wp\/v2\/product_tag?post=642"}],"curies":[{"name":"wp","href":"https:\/\/api.w.org\/{rel}","templated":true}]}}