{"id":6419,"date":"2026-03-11T22:35:31","date_gmt":"2026-03-11T21:35:31","guid":{"rendered":"https:\/\/vizomix.hu\/termek\/adidas-kiralykek-melegitonadrag-passzekkal-nyomott-logoval\/"},"modified":"2026-03-18T13:18:12","modified_gmt":"2026-03-18T12:18:12","slug":"adidas-kiralykek-melegitonadrag-passzekkal-nyomott-logoval","status":"publish","type":"product","link":"https:\/\/vizomix.hu\/en\/product\/adidas-kiralykek-melegitonadrag-passzekkal-nyomott-logoval\/","title":{"rendered":"Adidas kir\u00e1lyk\u00e9k meleg\u00edt\u0151nadr\u00e1g \u2013 passz\u00e9kkal, nyomott log\u00f3val"},"content":{"rendered":"<p>Adidas kir\u00e1lyk\u00e9k meleg\u00edt\u0151nadr\u00e1g \u2013 passz\u00e9kkal,nyomott log\u00f3val<\/p>\n<p>Sportos Adidas meleg\u00edt\u0151nadr\u00e1g kir\u00e1lyk\u00e9k sz\u00ednben, klasszikus Adidas nyomattal. K\u00e9nyelmes, puha anyagb\u00f3l k\u00e9sz\u00fclt, passz\u00e9s sz\u00e1rv\u00e9ggel, amely j\u00f3l illeszkedik \u00e9s modern sportos megjelen\u00e9st ad. Ide\u00e1lis sportol\u00e1shoz \u00e9s h\u00e9tk\u00f6znapi viselethez egyar\u00e1nt.<\/p>","protected":false},"excerpt":{"rendered":"<p>Adidas kir\u00e1lyk\u00e9k meleg\u00edt\u0151nadr\u00e1g \u2013 passz\u00e9kkal,nyomott log\u00f3val Sportos Adidas meleg\u00edt\u0151nadr\u00e1g kir\u00e1lyk\u00e9k sz\u00ednben, klasszikus Adidas nyomattal. K\u00e9nyelmes, puha anyagb\u00f3l k\u00e9sz\u00fclt, passz\u00e9s sz\u00e1rv\u00e9ggel,<a class=\"read-more\" href=\"https:\/\/vizomix.hu\/en\/product\/adidas-kiralykek-melegitonadrag-passzekkal-nyomott-logoval\/\">Tov\u00e1bb<\/a><\/p>","protected":false},"featured_media":6415,"comment_status":"open","ping_status":"closed","template":"","meta":[],"product_brand":[125],"product_cat":[41],"product_tag":[],"class_list":{"0":"post-6419","1":"product","2":"type-product","3":"status-publish","4":"has-post-thumbnail","6":"product_brand-adidas","7":"product_cat-hosszu-nadragok","9":"first","10":"instock","11":"taxable","12":"shipping-taxable","13":"purchasable","14":"product-type-variable","15":"add-to-wishlist-before_add_to_cart"},"supplier_id":null,"supplier_sku":"","barcode":null,"atum_controlled":true,"out_stock_date":null,"out_stock_threshold":null,"inheritable":true,"inbound_stock":0,"stock_on_hold":0,"sold_today":0,"sales_last_days":0,"reserved_stock":0,"customer_returns":0,"warehouse_damage":0,"lost_in_post":0,"other_logs":0,"out_stock_days":0,"lost_sales":0,"has_location":false,"update_date":"2026-03-18T12:18:14","atum_locations":[],"atum_stock_status":"instock","restock_status":false,"low_stock_amount":"","sales_update_date":"2026-03-16T14:40:06","calc_backorders":null,"_links":{"self":[{"href":"https:\/\/vizomix.hu\/en\/wp-json\/wp\/v2\/product\/6419","targetHints":{"allow":["GET"]}}],"collection":[{"href":"https:\/\/vizomix.hu\/en\/wp-json\/wp\/v2\/product"}],"about":[{"href":"https:\/\/vizomix.hu\/en\/wp-json\/wp\/v2\/types\/product"}],"replies":[{"embeddable":true,"href":"https:\/\/vizomix.hu\/en\/wp-json\/wp\/v2\/comments?post=6419"}],"wp:featuredmedia":[{"embeddable":true,"href":"https:\/\/vizomix.hu\/en\/wp-json\/wp\/v2\/media\/6415"}],"wp:attachment":[{"href":"https:\/\/vizomix.hu\/en\/wp-json\/wp\/v2\/media?parent=6419"}],"wp:term":[{"taxonomy":"product_brand","embeddable":true,"href":"https:\/\/vizomix.hu\/en\/wp-json\/wp\/v2\/product_brand?post=6419"},{"taxonomy":"product_cat","embeddable":true,"href":"https:\/\/vizomix.hu\/en\/wp-json\/wp\/v2\/product_cat?post=6419"},{"taxonomy":"product_tag","embeddable":true,"href":"https:\/\/vizomix.hu\/en\/wp-json\/wp\/v2\/product_tag?post=6419"}],"curies":[{"name":"wp","href":"https:\/\/api.w.org\/{rel}","templated":true}]}}