{"id":6398,"date":"2026-03-11T22:21:39","date_gmt":"2026-03-11T21:21:39","guid":{"rendered":"https:\/\/vizomix.hu\/termek\/nike-indy-icon-clash-toggle-bra-noi-sportmelltarto\/"},"modified":"2026-03-18T13:18:12","modified_gmt":"2026-03-18T12:18:12","slug":"nike-indy-icon-clash-toggle-bra-noi-sportmelltarto","status":"publish","type":"product","link":"https:\/\/vizomix.hu\/en\/product\/nike-indy-icon-clash-toggle-bra-noi-sportmelltarto\/","title":{"rendered":"Nike Indy Icon Clash Toggle Bra \u2013 n\u0151i sportmelltart\u00f3"},"content":{"rendered":"<p>Nike Indy Icon Clash Toggle Bra \u2013 n\u0151i sportmelltart\u00f3<\/p>\n<p>St\u00edlusos Nike Indy Icon Clash Toggle n\u0151i sportmelltart\u00f3, amely k\u00f6nny\u0171 \u00e9s rugalmas anyagb\u00f3l k\u00e9sz\u00fclt a k\u00e9nyelmes mozg\u00e1s\u00e9rt. Dri-FIT technol\u00f3gia seg\u00edt elvezetni az izzads\u00e1got, \u00edgy edz\u00e9s k\u00f6zben is sz\u00e1raz \u00e9s komfortos \u00e9rzetet biztos\u00edt. A modell \u00e1ll\u00edthat\u00f3 el\u00fcls\u0151 zsin\u00f3rral (toggle), keskeny p\u00e1ntokkal \u00e9s l\u00e9g\u00e1tereszt\u0151 mesh h\u00e1tpanellel k\u00e9sz\u00fclt, valamint kivehet\u0151 p\u00e1rn\u00e1kkal rendelkezik. Ide\u00e1lis fitnesshez, j\u00f3g\u00e1hoz vagy k\u00f6nnyebb edz\u00e9sekhez.e Indy Icon Clash Toggle Bra \u2013 n\u0151i sportmelltart\u00f3<\/p>","protected":false},"excerpt":{"rendered":"<p>Nike Indy Icon Clash Toggle Bra \u2013 n\u0151i sportmelltart\u00f3 St\u00edlusos Nike Indy Icon Clash Toggle n\u0151i sportmelltart\u00f3, amely k\u00f6nny\u0171 \u00e9s<a class=\"read-more\" href=\"https:\/\/vizomix.hu\/en\/product\/nike-indy-icon-clash-toggle-bra-noi-sportmelltarto\/\">Tov\u00e1bb<\/a><\/p>","protected":false},"featured_media":6395,"comment_status":"open","ping_status":"closed","template":"","meta":[],"product_brand":[82],"product_cat":[123],"product_tag":[],"class_list":{"0":"post-6398","1":"product","2":"type-product","3":"status-publish","4":"has-post-thumbnail","6":"product_brand-nike","7":"product_cat-fehernemuk","9":"first","10":"instock","11":"taxable","12":"shipping-taxable","13":"purchasable","14":"product-type-variable","15":"add-to-wishlist-before_add_to_cart"},"supplier_id":null,"supplier_sku":"","barcode":null,"atum_controlled":true,"out_stock_date":null,"out_stock_threshold":null,"inheritable":false,"inbound_stock":0,"stock_on_hold":0,"sold_today":0,"sales_last_days":0,"reserved_stock":0,"customer_returns":0,"warehouse_damage":0,"lost_in_post":0,"other_logs":0,"out_stock_days":0,"lost_sales":0,"has_location":false,"update_date":"2026-03-18T12:18:14","atum_locations":[],"atum_stock_status":"instock","restock_status":false,"low_stock_amount":"","sales_update_date":"2026-03-17T19:15:07","calc_backorders":null,"_links":{"self":[{"href":"https:\/\/vizomix.hu\/en\/wp-json\/wp\/v2\/product\/6398","targetHints":{"allow":["GET"]}}],"collection":[{"href":"https:\/\/vizomix.hu\/en\/wp-json\/wp\/v2\/product"}],"about":[{"href":"https:\/\/vizomix.hu\/en\/wp-json\/wp\/v2\/types\/product"}],"replies":[{"embeddable":true,"href":"https:\/\/vizomix.hu\/en\/wp-json\/wp\/v2\/comments?post=6398"}],"wp:featuredmedia":[{"embeddable":true,"href":"https:\/\/vizomix.hu\/en\/wp-json\/wp\/v2\/media\/6395"}],"wp:attachment":[{"href":"https:\/\/vizomix.hu\/en\/wp-json\/wp\/v2\/media?parent=6398"}],"wp:term":[{"taxonomy":"product_brand","embeddable":true,"href":"https:\/\/vizomix.hu\/en\/wp-json\/wp\/v2\/product_brand?post=6398"},{"taxonomy":"product_cat","embeddable":true,"href":"https:\/\/vizomix.hu\/en\/wp-json\/wp\/v2\/product_cat?post=6398"},{"taxonomy":"product_tag","embeddable":true,"href":"https:\/\/vizomix.hu\/en\/wp-json\/wp\/v2\/product_tag?post=6398"}],"curies":[{"name":"wp","href":"https:\/\/api.w.org\/{rel}","templated":true}]}}