{"id":6367,"date":"2026-03-11T20:14:59","date_gmt":"2026-03-11T19:14:59","guid":{"rendered":"https:\/\/vizomix.hu\/termek\/nike-pro-mesh-medium-support-noi-sportmelltarto-szurke\/"},"modified":"2026-03-18T13:18:12","modified_gmt":"2026-03-18T12:18:12","slug":"nike-pro-mesh-medium-support-noi-sportmelltarto-szurke","status":"publish","type":"product","link":"https:\/\/vizomix.hu\/en\/product\/nike-pro-mesh-medium-support-noi-sportmelltarto-szurke\/","title":{"rendered":"Nike Pro Mesh Medium Support n\u0151i sportmelltart\u00f3 \u2013 sz\u00fcrke"},"content":{"rendered":"<p>Nike Pro Mesh Medium Support n\u0151i sportmelltart\u00f3 \u2013 sz\u00fcrke<\/p>\n<p>K\u00e9nyelmes \u00e9s stabil tart\u00e1st biztos\u00edt\u00f3 Nike Pro Mesh Medium Support n\u0151i sportmelltart\u00f3 eleg\u00e1ns sz\u00fcrke sz\u00ednben. L\u00e9g\u00e1tereszt\u0151 mesh bet\u00e9tekkel k\u00e9sz\u00fclt, amelyek seg\u00edtik a szell\u0151z\u00e9st edz\u00e9s k\u00f6zben. Rugalmas, testhez\u00e1ll\u00f3 kialak\u00edt\u00e1s, amely ide\u00e1lis fitnesshez, edz\u00e9shez \u00e9s k\u00f6zepes intenzit\u00e1s\u00fa sportokhoz.<\/p>","protected":false},"excerpt":{"rendered":"<p>Nike Pro Mesh Medium Support n\u0151i sportmelltart\u00f3 \u2013 sz\u00fcrke K\u00e9nyelmes \u00e9s stabil tart\u00e1st biztos\u00edt\u00f3 Nike Pro Mesh Medium Support n\u0151i<a class=\"read-more\" href=\"https:\/\/vizomix.hu\/en\/product\/nike-pro-mesh-medium-support-noi-sportmelltarto-szurke\/\">Tov\u00e1bb<\/a><\/p>","protected":false},"featured_media":6366,"comment_status":"open","ping_status":"closed","template":"","meta":[],"product_brand":[82],"product_cat":[123],"product_tag":[],"class_list":{"0":"post-6367","1":"product","2":"type-product","3":"status-publish","4":"has-post-thumbnail","6":"product_brand-nike","7":"product_cat-fehernemuk","9":"first","10":"instock","11":"taxable","12":"shipping-taxable","13":"purchasable","14":"product-type-variable","15":"add-to-wishlist-before_add_to_cart"},"supplier_id":null,"supplier_sku":"","barcode":null,"atum_controlled":true,"out_stock_date":null,"out_stock_threshold":null,"inheritable":false,"inbound_stock":0,"stock_on_hold":0,"sold_today":0,"sales_last_days":0,"reserved_stock":0,"customer_returns":0,"warehouse_damage":0,"lost_in_post":0,"other_logs":0,"out_stock_days":0,"lost_sales":0,"has_location":false,"update_date":"2026-03-18T12:18:14","atum_locations":[],"atum_stock_status":"instock","restock_status":false,"low_stock_amount":"","sales_update_date":"2026-03-17T19:15:07","calc_backorders":null,"_links":{"self":[{"href":"https:\/\/vizomix.hu\/en\/wp-json\/wp\/v2\/product\/6367","targetHints":{"allow":["GET"]}}],"collection":[{"href":"https:\/\/vizomix.hu\/en\/wp-json\/wp\/v2\/product"}],"about":[{"href":"https:\/\/vizomix.hu\/en\/wp-json\/wp\/v2\/types\/product"}],"replies":[{"embeddable":true,"href":"https:\/\/vizomix.hu\/en\/wp-json\/wp\/v2\/comments?post=6367"}],"wp:featuredmedia":[{"embeddable":true,"href":"https:\/\/vizomix.hu\/en\/wp-json\/wp\/v2\/media\/6366"}],"wp:attachment":[{"href":"https:\/\/vizomix.hu\/en\/wp-json\/wp\/v2\/media?parent=6367"}],"wp:term":[{"taxonomy":"product_brand","embeddable":true,"href":"https:\/\/vizomix.hu\/en\/wp-json\/wp\/v2\/product_brand?post=6367"},{"taxonomy":"product_cat","embeddable":true,"href":"https:\/\/vizomix.hu\/en\/wp-json\/wp\/v2\/product_cat?post=6367"},{"taxonomy":"product_tag","embeddable":true,"href":"https:\/\/vizomix.hu\/en\/wp-json\/wp\/v2\/product_tag?post=6367"}],"curies":[{"name":"wp","href":"https:\/\/api.w.org\/{rel}","templated":true}]}}