{"id":6364,"date":"2026-03-11T19:06:53","date_gmt":"2026-03-11T18:06:53","guid":{"rendered":"https:\/\/vizomix.hu\/termek\/nike-sportswear-club-fleece-noi-kapucnis-pulover-rozsaszin\/"},"modified":"2026-03-18T13:18:12","modified_gmt":"2026-03-18T12:18:12","slug":"nike-sportswear-club-fleece-noi-kapucnis-pulover-rozsaszin","status":"publish","type":"product","link":"https:\/\/vizomix.hu\/en\/product\/nike-sportswear-club-fleece-noi-kapucnis-pulover-rozsaszin\/","title":{"rendered":"Nike Sportswear Club Fleece n\u0151i kapucnis pul\u00f3ver \u2013 r\u00f3zsasz\u00edn"},"content":{"rendered":"<p>Nike Sportswear Club Fleece n\u0151i kapucnis pul\u00f3ver \u2013 r\u00f3zsasz\u00edn<\/p>\n<p>K\u00e9nyelmes Nike Sportswear Club Fleece n\u0151i pul\u00f3ver puha, meleg fleece anyagb\u00f3l. Kapucnis kialak\u00edt\u00e1s\u00fa, sportos \u00e9s n\u0151ies r\u00f3zsasz\u00edn sz\u00ednben, amely t\u00f6k\u00e9letes h\u00e9tk\u00f6znapi viselethez \u00e9s laz\u00e1bb sportos szettekhez. Klasszikus Nike st\u00edlus, eg\u00e9sz napos komforttal.<\/p>","protected":false},"excerpt":{"rendered":"<p>Nike Sportswear Club Fleece n\u0151i kapucnis pul\u00f3ver \u2013 r\u00f3zsasz\u00edn K\u00e9nyelmes Nike Sportswear Club Fleece n\u0151i pul\u00f3ver puha, meleg fleece anyagb\u00f3l.<a class=\"read-more\" href=\"https:\/\/vizomix.hu\/en\/product\/nike-sportswear-club-fleece-noi-kapucnis-pulover-rozsaszin\/\">Tov\u00e1bb<\/a><\/p>","protected":false},"featured_media":6361,"comment_status":"open","ping_status":"closed","template":"","meta":[],"product_brand":[82],"product_cat":[24],"product_tag":[],"class_list":{"0":"post-6364","1":"product","2":"type-product","3":"status-publish","4":"has-post-thumbnail","6":"product_brand-nike","7":"product_cat-puloverek","9":"first","10":"instock","11":"taxable","12":"shipping-taxable","13":"purchasable","14":"product-type-variable","15":"add-to-wishlist-before_add_to_cart"},"supplier_id":null,"supplier_sku":"","barcode":null,"atum_controlled":true,"out_stock_date":null,"out_stock_threshold":null,"inheritable":false,"inbound_stock":0,"stock_on_hold":0,"sold_today":0,"sales_last_days":0,"reserved_stock":0,"customer_returns":0,"warehouse_damage":0,"lost_in_post":0,"other_logs":0,"out_stock_days":0,"lost_sales":0,"has_location":false,"update_date":"2026-03-18T12:18:14","atum_locations":[],"atum_stock_status":"instock","restock_status":false,"low_stock_amount":"","sales_update_date":"2026-03-17T19:15:07","calc_backorders":null,"_links":{"self":[{"href":"https:\/\/vizomix.hu\/en\/wp-json\/wp\/v2\/product\/6364","targetHints":{"allow":["GET"]}}],"collection":[{"href":"https:\/\/vizomix.hu\/en\/wp-json\/wp\/v2\/product"}],"about":[{"href":"https:\/\/vizomix.hu\/en\/wp-json\/wp\/v2\/types\/product"}],"replies":[{"embeddable":true,"href":"https:\/\/vizomix.hu\/en\/wp-json\/wp\/v2\/comments?post=6364"}],"wp:featuredmedia":[{"embeddable":true,"href":"https:\/\/vizomix.hu\/en\/wp-json\/wp\/v2\/media\/6361"}],"wp:attachment":[{"href":"https:\/\/vizomix.hu\/en\/wp-json\/wp\/v2\/media?parent=6364"}],"wp:term":[{"taxonomy":"product_brand","embeddable":true,"href":"https:\/\/vizomix.hu\/en\/wp-json\/wp\/v2\/product_brand?post=6364"},{"taxonomy":"product_cat","embeddable":true,"href":"https:\/\/vizomix.hu\/en\/wp-json\/wp\/v2\/product_cat?post=6364"},{"taxonomy":"product_tag","embeddable":true,"href":"https:\/\/vizomix.hu\/en\/wp-json\/wp\/v2\/product_tag?post=6364"}],"curies":[{"name":"wp","href":"https:\/\/api.w.org\/{rel}","templated":true}]}}