{"id":636,"date":"2026-02-10T18:15:59","date_gmt":"2026-02-10T17:15:59","guid":{"rendered":"https:\/\/vizomix.hu\/termek\/zara-muborruha\/"},"modified":"2026-03-18T13:22:06","modified_gmt":"2026-03-18T12:22:06","slug":"zara-muborruha","status":"publish","type":"product","link":"https:\/\/vizomix.hu\/en\/product\/zara-muborruha\/","title":{"rendered":"Zara fekete m\u0171b\u0151rruha \u00f6vvel"},"content":{"rendered":"<p>Zara fekete b\u0151rruha \u2013 \u00f6vvel, V-kiv\u00e1g\u00e1ssal, gall\u00e9rral, oldals\u00f3 cipz\u00e1rral<\/p>\n<p>Eleg\u00e1ns \u00e9s karakteres darab k\u00fcl\u00f6nleges alkalmakra. Ez a Zara fekete b\u0151rruha \u00f6vvel k\u00e9sz\u00fclt, amely sz\u00e9pen hangs\u00falyozza a derekat, m\u00edg a V-kiv\u00e1g\u00e1s \u00e9s a gall\u00e9ros kialak\u00edt\u00e1s modern, n\u0151ies megjelen\u00e9st ad.<\/p>\n<p>Az oldals\u00f3 cipz\u00e1r megk\u00f6nny\u00edti a fel- \u00e9s lev\u00e9telt, mik\u00f6zben a ruha letisztult vonalvezet\u00e9s\u00e9t is meg\u0151rzi. Ide\u00e1lis v\u00e1laszt\u00e1s magassark\u00faval vagy eleg\u00e1ns bokacsizm\u00e1val.<br \/>\nM\u00e9retez\u00e9s: m\u00e9reth\u0171<\/p>","protected":false},"excerpt":{"rendered":"<p>Zara fekete b\u0151rruha \u2013 \u00f6vvel, V-kiv\u00e1g\u00e1ssal, gall\u00e9rral, oldals\u00f3 cipz\u00e1rral Eleg\u00e1ns \u00e9s karakteres darab k\u00fcl\u00f6nleges alkalmakra. Ez a Zara fekete b\u0151rruha<a class=\"read-more\" href=\"https:\/\/vizomix.hu\/en\/product\/zara-muborruha\/\">Tov\u00e1bb<\/a><\/p>","protected":false},"featured_media":635,"comment_status":"open","ping_status":"closed","template":"","meta":[],"product_brand":[76],"product_cat":[34],"product_tag":[],"class_list":{"0":"post-636","1":"product","2":"type-product","3":"status-publish","4":"has-post-thumbnail","6":"product_brand-zara","7":"product_cat-rovid-ruhak-overalok","9":"first","10":"instock","11":"taxable","12":"shipping-taxable","13":"purchasable","14":"product-type-variable","15":"add-to-wishlist-before_add_to_cart"},"supplier_id":null,"supplier_sku":"","barcode":null,"atum_controlled":true,"out_stock_date":null,"out_stock_threshold":null,"inheritable":false,"inbound_stock":null,"stock_on_hold":0,"sold_today":0,"sales_last_days":0,"reserved_stock":null,"customer_returns":null,"warehouse_damage":null,"lost_in_post":null,"other_logs":null,"out_stock_days":0,"lost_sales":0,"has_location":null,"update_date":"2026-03-18T12:22:07","atum_locations":[],"atum_stock_status":"instock","restock_status":false,"low_stock_amount":"","sales_update_date":"2026-03-17T19:15:19","calc_backorders":null,"_links":{"self":[{"href":"https:\/\/vizomix.hu\/en\/wp-json\/wp\/v2\/product\/636","targetHints":{"allow":["GET"]}}],"collection":[{"href":"https:\/\/vizomix.hu\/en\/wp-json\/wp\/v2\/product"}],"about":[{"href":"https:\/\/vizomix.hu\/en\/wp-json\/wp\/v2\/types\/product"}],"replies":[{"embeddable":true,"href":"https:\/\/vizomix.hu\/en\/wp-json\/wp\/v2\/comments?post=636"}],"wp:featuredmedia":[{"embeddable":true,"href":"https:\/\/vizomix.hu\/en\/wp-json\/wp\/v2\/media\/635"}],"wp:attachment":[{"href":"https:\/\/vizomix.hu\/en\/wp-json\/wp\/v2\/media?parent=636"}],"wp:term":[{"taxonomy":"product_brand","embeddable":true,"href":"https:\/\/vizomix.hu\/en\/wp-json\/wp\/v2\/product_brand?post=636"},{"taxonomy":"product_cat","embeddable":true,"href":"https:\/\/vizomix.hu\/en\/wp-json\/wp\/v2\/product_cat?post=636"},{"taxonomy":"product_tag","embeddable":true,"href":"https:\/\/vizomix.hu\/en\/wp-json\/wp\/v2\/product_tag?post=636"}],"curies":[{"name":"wp","href":"https:\/\/api.w.org\/{rel}","templated":true}]}}