{"id":6359,"date":"2026-03-11T19:03:09","date_gmt":"2026-03-11T18:03:09","guid":{"rendered":"https:\/\/vizomix.hu\/termek\/nike-noi-sportswear-one-icon-clash-7-8-tights-sport-leggings\/"},"modified":"2026-03-18T13:18:12","modified_gmt":"2026-03-18T12:18:12","slug":"nike-noi-sportswear-one-icon-clash-7-8-tights-sport-leggings","status":"publish","type":"product","link":"https:\/\/vizomix.hu\/en\/product\/nike-noi-sportswear-one-icon-clash-7-8-tights-sport-leggings\/","title":{"rendered":"Nike n\u0151i Sportswear One Icon Clash 7\/8 tights \u2013 sport leggings"},"content":{"rendered":"<p>Nike n\u0151i Sportswear One Icon Clash 7\/8 tights \u2013 sport leggings<\/p>\n<p>Modern Nike n\u0151i Sportswear One Icon Clash 7\/8 leggings, amely k\u00e9nyelmes \u00e9s rugalmas viselet edz\u00e9shez \u00e9s h\u00e9tk\u00f6znapokra. A 7\/8 hossz\u00fas\u00e1g\u00fa tights testhez\u00e1ll\u00f3 szab\u00e1ssal k\u00e9sz\u00fcl, amely j\u00f3l k\u00f6veti a mozg\u00e1st. Az Icon Clash kollekci\u00f3 sportos, divatos megjelen\u00e9st ad, ide\u00e1lis fitnesshez, traininghez vagy fut\u00e1shoz.<\/p>","protected":false},"excerpt":{"rendered":"<p>Nike n\u0151i Sportswear One Icon Clash 7\/8 tights \u2013 sport leggings Modern Nike n\u0151i Sportswear One Icon Clash 7\/8 leggings,<a class=\"read-more\" href=\"https:\/\/vizomix.hu\/en\/product\/nike-noi-sportswear-one-icon-clash-7-8-tights-sport-leggings\/\">Tov\u00e1bb<\/a><\/p>","protected":false},"featured_media":6356,"comment_status":"open","ping_status":"closed","template":"","meta":[],"product_brand":[82],"product_cat":[41],"product_tag":[],"class_list":{"0":"post-6359","1":"product","2":"type-product","3":"status-publish","4":"has-post-thumbnail","6":"product_brand-nike","7":"product_cat-hosszu-nadragok","9":"first","10":"instock","11":"taxable","12":"shipping-taxable","13":"purchasable","14":"product-type-variable","15":"add-to-wishlist-before_add_to_cart"},"supplier_id":null,"supplier_sku":"","barcode":null,"atum_controlled":true,"out_stock_date":null,"out_stock_threshold":null,"inheritable":true,"inbound_stock":0,"stock_on_hold":0,"sold_today":0,"sales_last_days":0,"reserved_stock":0,"customer_returns":0,"warehouse_damage":0,"lost_in_post":0,"other_logs":0,"out_stock_days":0,"lost_sales":0,"has_location":false,"update_date":"2026-03-18T12:18:14","atum_locations":[],"atum_stock_status":"instock","restock_status":false,"low_stock_amount":"","sales_update_date":"2026-03-17T19:15:08","calc_backorders":null,"_links":{"self":[{"href":"https:\/\/vizomix.hu\/en\/wp-json\/wp\/v2\/product\/6359","targetHints":{"allow":["GET"]}}],"collection":[{"href":"https:\/\/vizomix.hu\/en\/wp-json\/wp\/v2\/product"}],"about":[{"href":"https:\/\/vizomix.hu\/en\/wp-json\/wp\/v2\/types\/product"}],"replies":[{"embeddable":true,"href":"https:\/\/vizomix.hu\/en\/wp-json\/wp\/v2\/comments?post=6359"}],"wp:featuredmedia":[{"embeddable":true,"href":"https:\/\/vizomix.hu\/en\/wp-json\/wp\/v2\/media\/6356"}],"wp:attachment":[{"href":"https:\/\/vizomix.hu\/en\/wp-json\/wp\/v2\/media?parent=6359"}],"wp:term":[{"taxonomy":"product_brand","embeddable":true,"href":"https:\/\/vizomix.hu\/en\/wp-json\/wp\/v2\/product_brand?post=6359"},{"taxonomy":"product_cat","embeddable":true,"href":"https:\/\/vizomix.hu\/en\/wp-json\/wp\/v2\/product_cat?post=6359"},{"taxonomy":"product_tag","embeddable":true,"href":"https:\/\/vizomix.hu\/en\/wp-json\/wp\/v2\/product_tag?post=6359"}],"curies":[{"name":"wp","href":"https:\/\/api.w.org\/{rel}","templated":true}]}}