{"id":6354,"date":"2026-03-11T16:25:40","date_gmt":"2026-03-11T15:25:40","guid":{"rendered":"https:\/\/vizomix.hu\/termek\/nike-training-icon-clash-leggings-noi-sport-leggings\/"},"modified":"2026-03-18T13:18:12","modified_gmt":"2026-03-18T12:18:12","slug":"nike-training-icon-clash-leggings-noi-sport-leggings","status":"publish","type":"product","link":"https:\/\/vizomix.hu\/en\/product\/nike-training-icon-clash-leggings-noi-sport-leggings\/","title":{"rendered":"Nike Training Icon Clash leggings \u2013 n\u0151i sport leggings"},"content":{"rendered":"<p>Nike Training Icon Clash leggings \u2013 n\u0151i khaki sport leggings<\/p>\n<p>St\u00edlusos Nike Training Icon Clash n\u0151i leggings, amely edz\u00e9shez \u00e9s akt\u00edv mindennapokra is ide\u00e1lis. Rugalmas, testhez\u00e1ll\u00f3 anyagb\u00f3l k\u00e9sz\u00fclt, amely k\u00e9nyelmes tart\u00e1st \u00e9s szabad mozg\u00e1st biztos\u00edt. Modern, sportos diz\u00e1jn az Icon Clash kollekci\u00f3b\u00f3l, amely t\u00f6k\u00e9letes v\u00e1laszt\u00e1s fitnesshez, edz\u00e9shez vagy fut\u00e1shoz.<\/p>","protected":false},"excerpt":{"rendered":"<p>Nike Training Icon Clash leggings \u2013 n\u0151i khaki sport leggings St\u00edlusos Nike Training Icon Clash n\u0151i leggings, amely edz\u00e9shez \u00e9s<a class=\"read-more\" href=\"https:\/\/vizomix.hu\/en\/product\/nike-training-icon-clash-leggings-noi-sport-leggings\/\">Tov\u00e1bb<\/a><\/p>","protected":false},"featured_media":6350,"comment_status":"open","ping_status":"closed","template":"","meta":[],"product_brand":[82],"product_cat":[41],"product_tag":[],"class_list":{"0":"post-6354","1":"product","2":"type-product","3":"status-publish","4":"has-post-thumbnail","6":"product_brand-nike","7":"product_cat-hosszu-nadragok","9":"first","10":"instock","11":"taxable","12":"shipping-taxable","13":"purchasable","14":"product-type-variable","15":"add-to-wishlist-before_add_to_cart"},"supplier_id":null,"supplier_sku":"","barcode":null,"atum_controlled":true,"out_stock_date":null,"out_stock_threshold":null,"inheritable":false,"inbound_stock":0,"stock_on_hold":0,"sold_today":0,"sales_last_days":0,"reserved_stock":0,"customer_returns":0,"warehouse_damage":0,"lost_in_post":0,"other_logs":0,"out_stock_days":0,"lost_sales":0,"has_location":false,"update_date":"2026-03-18T12:18:14","atum_locations":[],"atum_stock_status":"instock","restock_status":false,"low_stock_amount":"","sales_update_date":"2026-03-17T19:15:08","calc_backorders":null,"_links":{"self":[{"href":"https:\/\/vizomix.hu\/en\/wp-json\/wp\/v2\/product\/6354","targetHints":{"allow":["GET"]}}],"collection":[{"href":"https:\/\/vizomix.hu\/en\/wp-json\/wp\/v2\/product"}],"about":[{"href":"https:\/\/vizomix.hu\/en\/wp-json\/wp\/v2\/types\/product"}],"replies":[{"embeddable":true,"href":"https:\/\/vizomix.hu\/en\/wp-json\/wp\/v2\/comments?post=6354"}],"wp:featuredmedia":[{"embeddable":true,"href":"https:\/\/vizomix.hu\/en\/wp-json\/wp\/v2\/media\/6350"}],"wp:attachment":[{"href":"https:\/\/vizomix.hu\/en\/wp-json\/wp\/v2\/media?parent=6354"}],"wp:term":[{"taxonomy":"product_brand","embeddable":true,"href":"https:\/\/vizomix.hu\/en\/wp-json\/wp\/v2\/product_brand?post=6354"},{"taxonomy":"product_cat","embeddable":true,"href":"https:\/\/vizomix.hu\/en\/wp-json\/wp\/v2\/product_cat?post=6354"},{"taxonomy":"product_tag","embeddable":true,"href":"https:\/\/vizomix.hu\/en\/wp-json\/wp\/v2\/product_tag?post=6354"}],"curies":[{"name":"wp","href":"https:\/\/api.w.org\/{rel}","templated":true}]}}