{"id":6348,"date":"2026-03-11T16:03:17","date_gmt":"2026-03-11T15:03:17","guid":{"rendered":"https:\/\/vizomix.hu\/termek\/nike-air-noi-sport-rovidnadrag-lila-all-over-print-slim-fit\/"},"modified":"2026-03-19T23:17:54","modified_gmt":"2026-03-19T22:17:54","slug":"nike-air-noi-sport-rovidnadrag-lila-all-over-print-slim-fit","status":"publish","type":"product","link":"https:\/\/vizomix.hu\/en\/product\/nike-air-noi-sport-rovidnadrag-lila-all-over-print-slim-fit\/","title":{"rendered":"Nike Air n\u0151i sport r\u00f6vidnadr\u00e1g \u2013 lila, all over print, slim fit"},"content":{"rendered":"<p>Nike Air n\u0151i sport r\u00f6vidnadr\u00e1g \u2013 lila, all over print, slim fit<\/p>\n<p>St\u00edlusos Nike Air n\u0151i sport r\u00f6vidnadr\u00e1g lila sz\u00ednben, l\u00e1tv\u00e1nyos all over mint\u00e1val. Slim fit szab\u00e1s\u00fa, k\u00f6nny\u0171 \u00e9s rugalmas anyagb\u00f3l k\u00e9sz\u00fclt, amely k\u00e9nyelmes viseletet biztos\u00edt edz\u00e9s \u00e9s fut\u00e1s k\u00f6zben. Ide\u00e1lis training \u00e9s running short, sportos \u00e9s modern megjelen\u00e9ssel.<\/p>","protected":false},"excerpt":{"rendered":"<p>Nike Air n\u0151i sport r\u00f6vidnadr\u00e1g \u2013 lila, all over print, slim fit St\u00edlusos Nike Air n\u0151i sport r\u00f6vidnadr\u00e1g lila sz\u00ednben,<a class=\"read-more\" href=\"https:\/\/vizomix.hu\/en\/product\/nike-air-noi-sport-rovidnadrag-lila-all-over-print-slim-fit\/\">Tov\u00e1bb<\/a><\/p>","protected":false},"featured_media":6344,"comment_status":"open","ping_status":"closed","template":"","meta":[],"product_brand":[82],"product_cat":[40],"product_tag":[],"class_list":{"0":"post-6348","1":"product","2":"type-product","3":"status-publish","4":"has-post-thumbnail","6":"product_brand-nike","7":"product_cat-rovidnadragok-shortok-bermudak","9":"first","10":"instock","11":"taxable","12":"shipping-taxable","13":"purchasable","14":"product-type-variable","15":"add-to-wishlist-before_add_to_cart"},"supplier_id":null,"supplier_sku":"","barcode":null,"atum_controlled":true,"out_stock_date":null,"out_stock_threshold":null,"inheritable":false,"inbound_stock":0,"stock_on_hold":0,"sold_today":0,"sales_last_days":0,"reserved_stock":0,"customer_returns":0,"warehouse_damage":0,"lost_in_post":0,"other_logs":0,"out_stock_days":0,"lost_sales":0,"has_location":false,"update_date":"2026-03-19T22:17:54","atum_locations":[],"atum_stock_status":"instock","restock_status":false,"low_stock_amount":"","sales_update_date":"2026-03-17T19:15:08","calc_backorders":null,"_links":{"self":[{"href":"https:\/\/vizomix.hu\/en\/wp-json\/wp\/v2\/product\/6348","targetHints":{"allow":["GET"]}}],"collection":[{"href":"https:\/\/vizomix.hu\/en\/wp-json\/wp\/v2\/product"}],"about":[{"href":"https:\/\/vizomix.hu\/en\/wp-json\/wp\/v2\/types\/product"}],"replies":[{"embeddable":true,"href":"https:\/\/vizomix.hu\/en\/wp-json\/wp\/v2\/comments?post=6348"}],"wp:featuredmedia":[{"embeddable":true,"href":"https:\/\/vizomix.hu\/en\/wp-json\/wp\/v2\/media\/6344"}],"wp:attachment":[{"href":"https:\/\/vizomix.hu\/en\/wp-json\/wp\/v2\/media?parent=6348"}],"wp:term":[{"taxonomy":"product_brand","embeddable":true,"href":"https:\/\/vizomix.hu\/en\/wp-json\/wp\/v2\/product_brand?post=6348"},{"taxonomy":"product_cat","embeddable":true,"href":"https:\/\/vizomix.hu\/en\/wp-json\/wp\/v2\/product_cat?post=6348"},{"taxonomy":"product_tag","embeddable":true,"href":"https:\/\/vizomix.hu\/en\/wp-json\/wp\/v2\/product_tag?post=6348"}],"curies":[{"name":"wp","href":"https:\/\/api.w.org\/{rel}","templated":true}]}}