{"id":626,"date":"2026-02-10T18:08:24","date_gmt":"2026-02-10T17:08:24","guid":{"rendered":"https:\/\/vizomix.hu\/termek\/zara-rovid-ruha\/"},"modified":"2026-03-19T15:43:03","modified_gmt":"2026-03-19T14:43:03","slug":"zara-rovid-ruha","status":"publish","type":"product","link":"https:\/\/vizomix.hu\/en\/product\/zara-rovid-ruha\/","title":{"rendered":"Zara strappy black and white ruffled short dress"},"content":{"rendered":"<p>Zara p\u00e1ntos fekete \u00e9s feh\u00e9r fodros r\u00f6vid ruha \u2013 rugalmas mellr\u00e9sszel, A-vonal\u00fa<\/p>\n<p>K\u00f6nnyed \u00e9s n\u0151ies darab a ny\u00e1ri napokra. Ez a Zara p\u00e1ntos kialak\u00edt\u00e1s\u00fa, r\u00f6vid fazon\u00fa ruha fekete \u00e9s feh\u00e9r sz\u00ednben, fodros r\u00e9szletekkel k\u00e9sz\u00fclt, amelyek l\u00e9gies \u00e9s romantikus megjelen\u00e9st adnak.<\/p>\n<p>A rugalmas mellr\u00e9sz k\u00e9nyelmes illeszked\u00e9st biztos\u00edt, m\u00edg az A-vonal\u00fa szab\u00e1s sz\u00e9pen k\u00f6veti a test vonal\u00e1t. Lenge, k\u00f6nny\u0171 viselet, amely szand\u00e1llal vagy lapos cip\u0151vel is t\u00f6k\u00e9letes v\u00e1laszt\u00e1s.<br \/>\nM\u00e9retez\u00e9s: m\u00e9reth\u0171<\/p>","protected":false},"excerpt":{"rendered":"<p>Zara p\u00e1ntos fekete \u00e9s feh\u00e9r fodros r\u00f6vid ruha \u2013 rugalmas mellr\u00e9sszel, A-vonal\u00fa K\u00f6nnyed \u00e9s n\u0151ies darab a ny\u00e1ri napokra. Ez<a class=\"read-more\" href=\"https:\/\/vizomix.hu\/en\/product\/zara-rovid-ruha\/\">Tov\u00e1bb<\/a><\/p>","protected":false},"featured_media":6917,"comment_status":"open","ping_status":"closed","template":"","meta":[],"product_brand":[76],"product_cat":[34],"product_tag":[],"class_list":{"0":"post-626","1":"product","2":"type-product","3":"status-publish","4":"has-post-thumbnail","6":"product_brand-zara","7":"product_cat-rovid-ruhak-overalok","9":"first","10":"instock","11":"taxable","12":"shipping-taxable","13":"purchasable","14":"product-type-variable","15":"add-to-wishlist-before_add_to_cart"},"supplier_id":null,"supplier_sku":"","barcode":null,"atum_controlled":true,"out_stock_date":null,"out_stock_threshold":null,"inheritable":false,"inbound_stock":null,"stock_on_hold":0,"sold_today":0,"sales_last_days":0,"reserved_stock":null,"customer_returns":null,"warehouse_damage":null,"lost_in_post":null,"other_logs":null,"out_stock_days":0,"lost_sales":0,"has_location":null,"update_date":"2026-03-19T14:43:04","atum_locations":[],"atum_stock_status":"instock","restock_status":false,"low_stock_amount":"","sales_update_date":"2026-03-17T19:15:19","calc_backorders":null,"_links":{"self":[{"href":"https:\/\/vizomix.hu\/en\/wp-json\/wp\/v2\/product\/626","targetHints":{"allow":["GET"]}}],"collection":[{"href":"https:\/\/vizomix.hu\/en\/wp-json\/wp\/v2\/product"}],"about":[{"href":"https:\/\/vizomix.hu\/en\/wp-json\/wp\/v2\/types\/product"}],"replies":[{"embeddable":true,"href":"https:\/\/vizomix.hu\/en\/wp-json\/wp\/v2\/comments?post=626"}],"wp:featuredmedia":[{"embeddable":true,"href":"https:\/\/vizomix.hu\/en\/wp-json\/wp\/v2\/media\/6917"}],"wp:attachment":[{"href":"https:\/\/vizomix.hu\/en\/wp-json\/wp\/v2\/media?parent=626"}],"wp:term":[{"taxonomy":"product_brand","embeddable":true,"href":"https:\/\/vizomix.hu\/en\/wp-json\/wp\/v2\/product_brand?post=626"},{"taxonomy":"product_cat","embeddable":true,"href":"https:\/\/vizomix.hu\/en\/wp-json\/wp\/v2\/product_cat?post=626"},{"taxonomy":"product_tag","embeddable":true,"href":"https:\/\/vizomix.hu\/en\/wp-json\/wp\/v2\/product_tag?post=626"}],"curies":[{"name":"wp","href":"https:\/\/api.w.org\/{rel}","templated":true}]}}