{"id":609,"date":"2026-02-10T17:57:36","date_gmt":"2026-02-10T16:57:36","guid":{"rendered":"https:\/\/vizomix.hu\/termek\/zara-hosszu-nadrag\/"},"modified":"2026-03-25T17:39:48","modified_gmt":"2026-03-25T16:39:48","slug":"zara-hosszu-nadrag","status":"publish","type":"product","link":"https:\/\/vizomix.hu\/en\/product\/zara-hosszu-nadrag\/","title":{"rendered":"Zara brown and black long elegant straight leg trousers with high waist"},"content":{"rendered":"<p>Zara barna \u00e9s fekete hossz\u00fa eleg\u00e1ns nadr\u00e1g \u2013 egyenes sz\u00e1r\u00fa, magas derek\u00fa, zsebekkel<\/p>\n<p>Letisztult \u00e9s id\u0151t\u00e1ll\u00f3 darab eleg\u00e1ns \u00e9s h\u00e9tk\u00f6znapi szettekhez is. Ez a Zara hossz\u00fa fazon\u00fa nadr\u00e1g egyenes szab\u00e1s\u00fa, magas derek\u00fa kialak\u00edt\u00e1ssal k\u00e9sz\u00fclt, amely sz\u00e9pen form\u00e1lja az alakot \u00e9s k\u00e9nyelmes viseletet biztos\u00edt.<\/p>\n<p>A praktikus zsebek tov\u00e1bb n\u00f6velik a komfortot, m\u00edg a barna \u00e9s fekete sz\u00ednv\u00e1ltozat sokoldal\u00faan kombin\u00e1lhat\u00f3 bl\u00fazzal, bl\u00e9zerrel vagy k\u00f6t\u00f6tt fels\u0151kkel.<br \/>\nM\u00e9retez\u00e9s: m\u00e9reth\u0171<\/p>","protected":false},"excerpt":{"rendered":"<p>Zara barna \u00e9s fekete hossz\u00fa eleg\u00e1ns nadr\u00e1g \u2013 egyenes sz\u00e1r\u00fa, magas derek\u00fa, zsebekkel Letisztult \u00e9s id\u0151t\u00e1ll\u00f3 darab eleg\u00e1ns \u00e9s h\u00e9tk\u00f6znapi<a class=\"read-more\" href=\"https:\/\/vizomix.hu\/en\/product\/zara-hosszu-nadrag\/\">Tov\u00e1bb<\/a><\/p>","protected":false},"featured_media":604,"comment_status":"open","ping_status":"closed","template":"","meta":[],"product_brand":[76],"product_cat":[41],"product_tag":[],"class_list":{"0":"post-609","1":"product","2":"type-product","3":"status-publish","4":"has-post-thumbnail","6":"product_brand-zara","7":"product_cat-hosszu-nadragok","9":"first","10":"instock","11":"taxable","12":"shipping-taxable","13":"purchasable","14":"product-type-variable","15":"add-to-wishlist-before_add_to_cart"},"supplier_id":null,"supplier_sku":"","barcode":null,"atum_controlled":true,"out_stock_date":null,"out_stock_threshold":null,"inheritable":false,"inbound_stock":null,"stock_on_hold":0,"sold_today":0,"sales_last_days":1,"reserved_stock":null,"customer_returns":null,"warehouse_damage":null,"lost_in_post":null,"other_logs":null,"out_stock_days":0,"lost_sales":0,"has_location":null,"update_date":"2026-03-25T16:39:49","atum_locations":[],"atum_stock_status":"instock","restock_status":false,"low_stock_amount":"","sales_update_date":"2026-03-17T19:15:20","calc_backorders":null,"_links":{"self":[{"href":"https:\/\/vizomix.hu\/en\/wp-json\/wp\/v2\/product\/609","targetHints":{"allow":["GET"]}}],"collection":[{"href":"https:\/\/vizomix.hu\/en\/wp-json\/wp\/v2\/product"}],"about":[{"href":"https:\/\/vizomix.hu\/en\/wp-json\/wp\/v2\/types\/product"}],"replies":[{"embeddable":true,"href":"https:\/\/vizomix.hu\/en\/wp-json\/wp\/v2\/comments?post=609"}],"wp:featuredmedia":[{"embeddable":true,"href":"https:\/\/vizomix.hu\/en\/wp-json\/wp\/v2\/media\/604"}],"wp:attachment":[{"href":"https:\/\/vizomix.hu\/en\/wp-json\/wp\/v2\/media?parent=609"}],"wp:term":[{"taxonomy":"product_brand","embeddable":true,"href":"https:\/\/vizomix.hu\/en\/wp-json\/wp\/v2\/product_brand?post=609"},{"taxonomy":"product_cat","embeddable":true,"href":"https:\/\/vizomix.hu\/en\/wp-json\/wp\/v2\/product_cat?post=609"},{"taxonomy":"product_tag","embeddable":true,"href":"https:\/\/vizomix.hu\/en\/wp-json\/wp\/v2\/product_tag?post=609"}],"curies":[{"name":"wp","href":"https:\/\/api.w.org\/{rel}","templated":true}]}}