{"id":6062,"date":"2026-03-11T03:23:09","date_gmt":"2026-03-11T02:23:09","guid":{"rendered":"https:\/\/vizomix.hu\/termek\/nike-tech-pack-ferfi-running-tank-triko-feher\/"},"modified":"2026-03-18T13:18:12","modified_gmt":"2026-03-18T12:18:12","slug":"nike-tech-pack-ferfi-running-tank-triko-feher","status":"publish","type":"product","link":"https:\/\/vizomix.hu\/en\/product\/nike-tech-pack-ferfi-running-tank-triko-feher\/","title":{"rendered":"Nike Tech Pack f\u00e9rfi running tank trik\u00f3 \u2013 feh\u00e9r"},"content":{"rendered":"<p>Nike Tech Pack f\u00e9rfi running tank trik\u00f3 \u2013 feh\u00e9r<\/p>\n<p>K\u00f6nny\u0171 \u00e9s modern Nike Tech Pack f\u00e9rfi fut\u00f3 ujjatlan fels\u0151 eleg\u00e1ns feh\u00e9r sz\u00ednben. L\u00e9g\u00e1tereszt\u0151, gyorsan sz\u00e1rad\u00f3 anyagb\u00f3l k\u00e9sz\u00fclt, amely k\u00e9nyelmet biztos\u00edt fut\u00e1s \u00e9s intenz\u00edv edz\u00e9s k\u00f6zben. Sportos szab\u00e1s\u00fa running tank top, amely ide\u00e1lis edz\u00e9shez \u00e9s akt\u00edv mindennapokra.<\/p>","protected":false},"excerpt":{"rendered":"<p>Nike Tech Pack f\u00e9rfi running tank trik\u00f3 \u2013 feh\u00e9r K\u00f6nny\u0171 \u00e9s modern Nike Tech Pack f\u00e9rfi fut\u00f3 ujjatlan fels\u0151 eleg\u00e1ns<a class=\"read-more\" href=\"https:\/\/vizomix.hu\/en\/product\/nike-tech-pack-ferfi-running-tank-triko-feher\/\">Tov\u00e1bb<\/a><\/p>","protected":false},"featured_media":6060,"comment_status":"open","ping_status":"closed","template":"","meta":[],"product_brand":[82],"product_cat":[121],"product_tag":[],"class_list":{"0":"post-6062","1":"product","2":"type-product","3":"status-publish","4":"has-post-thumbnail","6":"product_brand-nike","7":"product_cat-felso-ruhazat-triko-polo-felsoresz","9":"first","10":"instock","11":"taxable","12":"shipping-taxable","13":"purchasable","14":"product-type-variable","15":"add-to-wishlist-before_add_to_cart"},"supplier_id":null,"supplier_sku":"","barcode":null,"atum_controlled":true,"out_stock_date":null,"out_stock_threshold":null,"inheritable":true,"inbound_stock":0,"stock_on_hold":0,"sold_today":0,"sales_last_days":0,"reserved_stock":0,"customer_returns":0,"warehouse_damage":0,"lost_in_post":0,"other_logs":0,"out_stock_days":0,"lost_sales":0,"has_location":false,"update_date":"2026-03-18T12:18:14","atum_locations":[],"atum_stock_status":"instock","restock_status":false,"low_stock_amount":"","sales_update_date":"2026-03-17T19:15:08","calc_backorders":null,"_links":{"self":[{"href":"https:\/\/vizomix.hu\/en\/wp-json\/wp\/v2\/product\/6062","targetHints":{"allow":["GET"]}}],"collection":[{"href":"https:\/\/vizomix.hu\/en\/wp-json\/wp\/v2\/product"}],"about":[{"href":"https:\/\/vizomix.hu\/en\/wp-json\/wp\/v2\/types\/product"}],"replies":[{"embeddable":true,"href":"https:\/\/vizomix.hu\/en\/wp-json\/wp\/v2\/comments?post=6062"}],"wp:featuredmedia":[{"embeddable":true,"href":"https:\/\/vizomix.hu\/en\/wp-json\/wp\/v2\/media\/6060"}],"wp:attachment":[{"href":"https:\/\/vizomix.hu\/en\/wp-json\/wp\/v2\/media?parent=6062"}],"wp:term":[{"taxonomy":"product_brand","embeddable":true,"href":"https:\/\/vizomix.hu\/en\/wp-json\/wp\/v2\/product_brand?post=6062"},{"taxonomy":"product_cat","embeddable":true,"href":"https:\/\/vizomix.hu\/en\/wp-json\/wp\/v2\/product_cat?post=6062"},{"taxonomy":"product_tag","embeddable":true,"href":"https:\/\/vizomix.hu\/en\/wp-json\/wp\/v2\/product_tag?post=6062"}],"curies":[{"name":"wp","href":"https:\/\/api.w.org\/{rel}","templated":true}]}}