{"id":6046,"date":"2026-03-11T02:50:29","date_gmt":"2026-03-11T01:50:29","guid":{"rendered":"https:\/\/vizomix.hu\/termek\/nike-impact-strappy-bra-grx-szurke-sportmelltarto\/"},"modified":"2026-03-18T13:18:12","modified_gmt":"2026-03-18T12:18:12","slug":"nike-impact-strappy-bra-grx-szurke-sportmelltarto","status":"publish","type":"product","link":"https:\/\/vizomix.hu\/en\/product\/nike-impact-strappy-bra-grx-szurke-sportmelltarto\/","title":{"rendered":"Nike Impact Strappy Bra GRX \u2013 sz\u00fcrke sportmelltart\u00f3"},"content":{"rendered":"<p>Nike Impact Strappy Bra GRX \u2013 sz\u00fcrke sportmelltart\u00f3<\/p>\n<p>K\u00e9nyelmes \u00e9s stabil tart\u00e1st biztos\u00edt\u00f3 Nike Impact Strappy Bra GRX sportmelltart\u00f3 eleg\u00e1ns sz\u00fcrke sz\u00ednben. Rugalmas, l\u00e9g\u00e1tereszt\u0151 anyagb\u00f3l k\u00e9sz\u00fclt, h\u00e1tul p\u00e1ntos kialak\u00edt\u00e1ssal a jobb mozg\u00e1sszabads\u00e1g\u00e9rt. Ide\u00e1lis fut\u00e1shoz, edz\u00e9shez \u00e9s m\u00e1s intenz\u00edv sporttev\u00e9kenys\u00e9gekhez.<\/p>","protected":false},"excerpt":{"rendered":"<p>Nike Impact Strappy Bra GRX \u2013 sz\u00fcrke sportmelltart\u00f3 K\u00e9nyelmes \u00e9s stabil tart\u00e1st biztos\u00edt\u00f3 Nike Impact Strappy Bra GRX sportmelltart\u00f3 eleg\u00e1ns<a class=\"read-more\" href=\"https:\/\/vizomix.hu\/en\/product\/nike-impact-strappy-bra-grx-szurke-sportmelltarto\/\">Tov\u00e1bb<\/a><\/p>","protected":false},"featured_media":6048,"comment_status":"open","ping_status":"closed","template":"","meta":[],"product_brand":[82],"product_cat":[123],"product_tag":[],"class_list":{"0":"post-6046","1":"product","2":"type-product","3":"status-publish","4":"has-post-thumbnail","6":"product_brand-nike","7":"product_cat-fehernemuk","9":"first","10":"instock","11":"taxable","12":"shipping-taxable","13":"purchasable","14":"product-type-variable","15":"add-to-wishlist-before_add_to_cart"},"supplier_id":null,"supplier_sku":"","barcode":null,"atum_controlled":true,"out_stock_date":null,"out_stock_threshold":null,"inheritable":false,"inbound_stock":0,"stock_on_hold":0,"sold_today":0,"sales_last_days":0,"reserved_stock":0,"customer_returns":0,"warehouse_damage":0,"lost_in_post":0,"other_logs":0,"out_stock_days":0,"lost_sales":0,"has_location":false,"update_date":"2026-03-18T12:18:14","atum_locations":[],"atum_stock_status":"instock","restock_status":false,"low_stock_amount":"","sales_update_date":"2026-03-17T19:15:07","calc_backorders":null,"_links":{"self":[{"href":"https:\/\/vizomix.hu\/en\/wp-json\/wp\/v2\/product\/6046","targetHints":{"allow":["GET"]}}],"collection":[{"href":"https:\/\/vizomix.hu\/en\/wp-json\/wp\/v2\/product"}],"about":[{"href":"https:\/\/vizomix.hu\/en\/wp-json\/wp\/v2\/types\/product"}],"replies":[{"embeddable":true,"href":"https:\/\/vizomix.hu\/en\/wp-json\/wp\/v2\/comments?post=6046"}],"wp:featuredmedia":[{"embeddable":true,"href":"https:\/\/vizomix.hu\/en\/wp-json\/wp\/v2\/media\/6048"}],"wp:attachment":[{"href":"https:\/\/vizomix.hu\/en\/wp-json\/wp\/v2\/media?parent=6046"}],"wp:term":[{"taxonomy":"product_brand","embeddable":true,"href":"https:\/\/vizomix.hu\/en\/wp-json\/wp\/v2\/product_brand?post=6046"},{"taxonomy":"product_cat","embeddable":true,"href":"https:\/\/vizomix.hu\/en\/wp-json\/wp\/v2\/product_cat?post=6046"},{"taxonomy":"product_tag","embeddable":true,"href":"https:\/\/vizomix.hu\/en\/wp-json\/wp\/v2\/product_tag?post=6046"}],"curies":[{"name":"wp","href":"https:\/\/api.w.org\/{rel}","templated":true}]}}