{"id":602,"date":"2026-02-10T17:53:37","date_gmt":"2026-02-10T16:53:37","guid":{"rendered":"https:\/\/vizomix.hu\/termek\/zara-barna-hosszu-kotos-ruha\/"},"modified":"2026-03-18T13:22:06","modified_gmt":"2026-03-18T12:22:06","slug":"zara-barna-hosszu-kotos-ruha","status":"publish","type":"product","link":"https:\/\/vizomix.hu\/en\/product\/zara-barna-hosszu-kotos-ruha\/","title":{"rendered":"Zara brown long knitted dress"},"content":{"rendered":"<p>Zara barna hossz\u00fa k\u00f6t\u0151s ruha \u2013 h\u00e1romp\u00e1ntos, V-kiv\u00e1g\u00e1ssal<\/p>\n<p>Letisztult \u00e9s n\u0151ies darab a mindennapokra vagy alkalmi viselethez. Ez a Zara barna sz\u00edn\u0171, hossz\u00fa fazon\u00fa ruha h\u00e1romp\u00e1ntos kialak\u00edt\u00e1s\u00fa, el\u00f6l V-kiv\u00e1g\u00e1ssal, a der\u00e9kn\u00e1l pedig k\u00f6t\u0151s megold\u00e1ssal k\u00e9sz\u00fclt, amely sz\u00e9pen kiemeli az alakot.<\/p>\n<p>K\u00e9nyelmes \u00e9s k\u00f6nnyed viselet, amely lapos cip\u0151vel, szand\u00e1llal vagy magassark\u00faval is j\u00f3l kombin\u00e1lhat\u00f3.<br \/>\nM\u00e9retez\u00e9s: m\u00e9reth\u0171<\/p>","protected":false},"excerpt":{"rendered":"<p>Zara barna hossz\u00fa k\u00f6t\u0151s ruha \u2013 h\u00e1romp\u00e1ntos, V-kiv\u00e1g\u00e1ssal Letisztult \u00e9s n\u0151ies darab a mindennapokra vagy alkalmi viselethez. Ez a Zara<a class=\"read-more\" href=\"https:\/\/vizomix.hu\/en\/product\/zara-barna-hosszu-kotos-ruha\/\">Tov\u00e1bb<\/a><\/p>","protected":false},"featured_media":600,"comment_status":"open","ping_status":"closed","template":"","meta":[],"product_brand":[76],"product_cat":[33],"product_tag":[],"class_list":{"0":"post-602","1":"product","2":"type-product","3":"status-publish","4":"has-post-thumbnail","6":"product_brand-zara","7":"product_cat-hosszu-ruhak-midi-ruhak-overalok","9":"first","10":"instock","11":"taxable","12":"shipping-taxable","13":"purchasable","14":"product-type-variable","15":"add-to-wishlist-before_add_to_cart"},"supplier_id":null,"supplier_sku":"","barcode":null,"atum_controlled":true,"out_stock_date":null,"out_stock_threshold":null,"inheritable":false,"inbound_stock":null,"stock_on_hold":0,"sold_today":0,"sales_last_days":0,"reserved_stock":null,"customer_returns":null,"warehouse_damage":null,"lost_in_post":null,"other_logs":null,"out_stock_days":0,"lost_sales":0,"has_location":null,"update_date":"2026-03-18T12:22:07","atum_locations":[],"atum_stock_status":"instock","restock_status":false,"low_stock_amount":"","sales_update_date":"2026-03-17T19:15:19","calc_backorders":null,"_links":{"self":[{"href":"https:\/\/vizomix.hu\/en\/wp-json\/wp\/v2\/product\/602","targetHints":{"allow":["GET"]}}],"collection":[{"href":"https:\/\/vizomix.hu\/en\/wp-json\/wp\/v2\/product"}],"about":[{"href":"https:\/\/vizomix.hu\/en\/wp-json\/wp\/v2\/types\/product"}],"replies":[{"embeddable":true,"href":"https:\/\/vizomix.hu\/en\/wp-json\/wp\/v2\/comments?post=602"}],"wp:featuredmedia":[{"embeddable":true,"href":"https:\/\/vizomix.hu\/en\/wp-json\/wp\/v2\/media\/600"}],"wp:attachment":[{"href":"https:\/\/vizomix.hu\/en\/wp-json\/wp\/v2\/media?parent=602"}],"wp:term":[{"taxonomy":"product_brand","embeddable":true,"href":"https:\/\/vizomix.hu\/en\/wp-json\/wp\/v2\/product_brand?post=602"},{"taxonomy":"product_cat","embeddable":true,"href":"https:\/\/vizomix.hu\/en\/wp-json\/wp\/v2\/product_cat?post=602"},{"taxonomy":"product_tag","embeddable":true,"href":"https:\/\/vizomix.hu\/en\/wp-json\/wp\/v2\/product_tag?post=602"}],"curies":[{"name":"wp","href":"https:\/\/api.w.org\/{rel}","templated":true}]}}