{"id":593,"date":"2026-02-10T17:44:07","date_gmt":"2026-02-10T16:44:07","guid":{"rendered":"https:\/\/vizomix.hu\/termek\/zara-fekete-mubor-rovid-ruha\/"},"modified":"2026-03-18T13:22:06","modified_gmt":"2026-03-18T12:22:06","slug":"zara-fekete-mubor-rovid-ruha","status":"publish","type":"product","link":"https:\/\/vizomix.hu\/en\/product\/zara-fekete-mubor-rovid-ruha\/","title":{"rendered":"Zara black faux leather short dress with silver metallic details"},"content":{"rendered":"<p>Zara fekete m\u0171b\u0151r r\u00f6vid ruha \u2013 ez\u00fcst sz\u00edn\u0171 f\u00e9mr\u00e9szletekkel<\/p>\n<p>Modern \u00e9s n\u0151ies darab a felt\u0171n\u0151 megjelen\u00e9shez. Ez a Zara fekete, r\u00f6vid fazon\u00fa ruha m\u0171b\u0151r anyagb\u00f3l k\u00e9sz\u00fclt, amely karakteres \u00e9s trendi hat\u00e1st kelt.<\/p>\n<p>Az ez\u00fcst sz\u00edn\u0171 f\u00e9mr\u00e9szletek l\u00e1tv\u00e1nyosan emelik ki a ruh\u00e1t, k\u00fcl\u00f6nleges megjelen\u00e9st biztos\u00edtva esti programokhoz vagy alkalmi szettekhez. K\u00f6nnyen kombin\u00e1lhat\u00f3 csizm\u00e1val, magassark\u00faval vagy egy vag\u00e1ny dzsekivel.<br \/>\nM\u00e9retez\u00e9s: m\u00e9reth\u0171<\/p>","protected":false},"excerpt":{"rendered":"<p>Zara fekete m\u0171b\u0151r r\u00f6vid ruha \u2013 ez\u00fcst sz\u00edn\u0171 f\u00e9mr\u00e9szletekkel Modern \u00e9s n\u0151ies darab a felt\u0171n\u0151 megjelen\u00e9shez. Ez a Zara fekete,<a class=\"read-more\" href=\"https:\/\/vizomix.hu\/en\/product\/zara-fekete-mubor-rovid-ruha\/\">Tov\u00e1bb<\/a><\/p>","protected":false},"featured_media":591,"comment_status":"open","ping_status":"closed","template":"","meta":[],"product_brand":[76],"product_cat":[34],"product_tag":[],"class_list":{"0":"post-593","1":"product","2":"type-product","3":"status-publish","4":"has-post-thumbnail","6":"product_brand-zara","7":"product_cat-rovid-ruhak-overalok","9":"first","10":"instock","11":"taxable","12":"shipping-taxable","13":"purchasable","14":"product-type-variable","15":"add-to-wishlist-before_add_to_cart"},"supplier_id":null,"supplier_sku":"","barcode":null,"atum_controlled":true,"out_stock_date":null,"out_stock_threshold":null,"inheritable":false,"inbound_stock":null,"stock_on_hold":0,"sold_today":0,"sales_last_days":0,"reserved_stock":null,"customer_returns":null,"warehouse_damage":null,"lost_in_post":null,"other_logs":null,"out_stock_days":0,"lost_sales":0,"has_location":null,"update_date":"2026-03-18T12:22:07","atum_locations":[],"atum_stock_status":"instock","restock_status":false,"low_stock_amount":"","sales_update_date":"2026-03-17T19:15:19","calc_backorders":null,"_links":{"self":[{"href":"https:\/\/vizomix.hu\/en\/wp-json\/wp\/v2\/product\/593","targetHints":{"allow":["GET"]}}],"collection":[{"href":"https:\/\/vizomix.hu\/en\/wp-json\/wp\/v2\/product"}],"about":[{"href":"https:\/\/vizomix.hu\/en\/wp-json\/wp\/v2\/types\/product"}],"replies":[{"embeddable":true,"href":"https:\/\/vizomix.hu\/en\/wp-json\/wp\/v2\/comments?post=593"}],"wp:featuredmedia":[{"embeddable":true,"href":"https:\/\/vizomix.hu\/en\/wp-json\/wp\/v2\/media\/591"}],"wp:attachment":[{"href":"https:\/\/vizomix.hu\/en\/wp-json\/wp\/v2\/media?parent=593"}],"wp:term":[{"taxonomy":"product_brand","embeddable":true,"href":"https:\/\/vizomix.hu\/en\/wp-json\/wp\/v2\/product_brand?post=593"},{"taxonomy":"product_cat","embeddable":true,"href":"https:\/\/vizomix.hu\/en\/wp-json\/wp\/v2\/product_cat?post=593"},{"taxonomy":"product_tag","embeddable":true,"href":"https:\/\/vizomix.hu\/en\/wp-json\/wp\/v2\/product_tag?post=593"}],"curies":[{"name":"wp","href":"https:\/\/api.w.org\/{rel}","templated":true}]}}